{"id":105800,"date":"2026-04-09T16:58:26","date_gmt":"2026-04-09T16:58:26","guid":{"rendered":"https:\/\/e.kosmolat.eu\/product\/krems-altajas-mumijo-intens-jut-adai-30-ml\/"},"modified":"2026-04-10T10:36:59","modified_gmt":"2026-04-10T10:36:59","slug":"krems-altajas-mumijo-intens-jut-adai-30-ml","status":"publish","type":"product","link":"https:\/\/e.kosmolat.eu\/lv\/product\/krems-altajas-mumijo-intens-jut-adai-30-ml\/","title":{"rendered":"Kr\u0113ms Altajas mumijo Intens. Jut. \u0101dai, 30 ml"},"content":{"rendered":"<p>Kr\u0113ms tiek lietots: <\/p>\n<p>\u2022 Sejas, kakla un roku \u0101das intens\u012bvai baro\u0161anai;<br \/>\n\u2022 Raupjas elko\u0146u \u0101das un ieplais\u0101ju\u0161u p\u0113du gad\u012bjum\u0101;<br \/>\n\u2022 Sejas un roku \u0101das aizsardz\u012bbai aukstaj\u0101 gadalaik\u0101;<br \/>\n\u2022 Kairin\u0101jumu mazin\u0101\u0161anai p\u0113c saules vann\u0101m;<br \/>\n\u2022 Roku \u0101das atjauno\u0161anai p\u0113c ve\u013cas mazg\u0101\u0161anas ar rok\u0101m, trauku mazg\u0101\u0161anas, m\u0101jas uzkop\u0161anas vai d\u0101rza darbiem.<\/p>\n<p>Satur Altajas mumijo. Tas sniedz labv\u0113l\u012bgu iedarb\u012bbu pat maz\u0101kaj\u0101s dev\u0101s. <\/p>\n<p>Lieto\u0161ana: uzkl\u0101t pl\u0101n\u0101 k\u0101rt\u0101 uz t\u012bras \u0101das. \u0100das aizsardz\u012bbai aukstaj\u0101 gadalaik\u0101 uzkl\u0101t kr\u0113mu 20 min\u016btes pirms izie\u0161anas \u0101r\u0101. <\/p>\n<p>Piesardz\u012bbas pas\u0101kumi: tikai \u0101r\u012bgai lieto\u0161anai. Ja iek\u013c\u016bst ac\u012bs, nomazg\u0101t ar \u016bdeni. Iesp\u0113jama paaugstin\u0101ta individu\u0101l\u0101 jut\u012bba pret atsevi\u0161\u0137\u0101m sast\u0101vda\u013c\u0101m. <\/p>\n<p>Uzglab\u0101\u0161anas temperat\u016bra: no +5 \u00b0C l\u012bdz +25 \u00b0C.<\/p>\n","protected":false},"excerpt":{"rendered":"<p>Kr\u0113ms tiek lietots: \u2022 Sejas, kakla un roku \u0101das intens\u012bvai baro\u0161anai; \u2022 Raupjas elko\u0146u \u0101das un ieplais\u0101ju\u0161u p\u0113du gad\u012bjum\u0101; \u2022 Sejas un roku \u0101das aizsardz\u012bbai aukstaj\u0101 gadalaik\u0101; \u2022 Kairin\u0101jumu mazin\u0101\u0161anai p\u0113c saules vann\u0101m; \u2022 Roku \u0101das atjauno\u0161anai p\u0113c ve\u013cas mazg\u0101\u0161anas ar rok\u0101m, trauku mazg\u0101\u0161anas, m\u0101jas uzkop\u0161anas vai d\u0101rza darbiem. Satur Altajas mumijo. Tas sniedz labv\u0113l\u012bgu [&#8230;]\n","protected":false},"featured_media":105804,"template":"","meta":[],"product_cat":[1388],"product_tag":[],"class_list":{"0":"post-105800","1":"product","2":"type-product","3":"status-publish","4":"has-post-thumbnail","6":"product_brand-private-label","7":"product_cat-kermena-kremi-pienini-sviesti","9":"first","10":"instock","11":"taxable","12":"shipping-taxable","13":"product-type-simple"},"_links":{"self":[{"href":"https:\/\/e.kosmolat.eu\/lv\/wp-json\/wp\/v2\/product\/105800","targetHints":{"allow":["GET"]}}],"collection":[{"href":"https:\/\/e.kosmolat.eu\/lv\/wp-json\/wp\/v2\/product"}],"about":[{"href":"https:\/\/e.kosmolat.eu\/lv\/wp-json\/wp\/v2\/types\/product"}],"wp:featuredmedia":[{"embeddable":true,"href":"https:\/\/e.kosmolat.eu\/lv\/wp-json\/wp\/v2\/media\/105804"}],"wp:attachment":[{"href":"https:\/\/e.kosmolat.eu\/lv\/wp-json\/wp\/v2\/media?parent=105800"}],"wp:term":[{"taxonomy":"product_cat","embeddable":true,"href":"https:\/\/e.kosmolat.eu\/lv\/wp-json\/wp\/v2\/product_cat?post=105800"},{"taxonomy":"product_tag","embeddable":true,"href":"https:\/\/e.kosmolat.eu\/lv\/wp-json\/wp\/v2\/product_tag?post=105800"}],"curies":[{"name":"wp","href":"https:\/\/api.w.org\/{rel}","templated":true}]}}