{"id":105776,"date":"2026-04-09T16:57:33","date_gmt":"2026-04-09T16:57:33","guid":{"rendered":"https:\/\/e.kosmolat.eu\/product\/7days-b-colour-skdr-korektors-01-light-8-ml\/"},"modified":"2026-04-09T16:57:45","modified_gmt":"2026-04-09T16:57:45","slug":"7days-b-colour-skdr-korektors-01-light-8-ml","status":"publish","type":"product","link":"https:\/\/e.kosmolat.eu\/lv\/product\/7days-b-colour-skdr-korektors-01-light-8-ml\/","title":{"rendered":"7Days B.Colour \u0160\u0137dr. korektors, 01 Light, 8 ml"},"content":{"rendered":"<p>Izmantojiet kr\u0113mveida korektoru sejas kontur\u0113\u0161anai un \u0101das nepiln\u012bbu mask\u0113\u0161anai. Smailais aplikators nodro\u0161ina prec\u012bzu uzkl\u0101\u0161anu, bet viegl\u0101 tekst\u016bra neuzkr\u0101jas s\u012bkaj\u0101s krunci\u0146\u0101s un nesausina \u0101du zem ac\u012bm.<\/p>\n<p>Piesardz\u012bbas pas\u0101kumi: tikai \u0101r\u012bgai lieto\u0161anai. Izvair\u012bties no saskares ar ac\u012bm. Ja nok\u013c\u016bst ac\u012bs, nekav\u0113joties izskalot ar lielu daudzumu \u016bdens un, nepiecie\u0161am\u012bbas gad\u012bjum\u0101, v\u0113rsties p\u0113c medic\u012bniskas pal\u012bdz\u012bbas. Nelietot, ja ir paaugstin\u0101ta jut\u012bba pret k\u0101du no produkta sast\u0101vda\u013c\u0101m. P\u0101rtraukt lieto\u0161anu, ja rodas kairin\u0101jums. Sarg\u0101t no b\u0113rniem. Uzglab\u0101t temperat\u016br\u0101 no +5\u00b0C l\u012bdz +25\u00b0C, sarg\u0101jot no tie\u0161iem saules stariem.<\/p>\n","protected":false},"excerpt":{"rendered":"<p>Izmantojiet kr\u0113mveida korektoru sejas kontur\u0113\u0161anai un \u0101das nepiln\u012bbu mask\u0113\u0161anai. Smailais aplikators nodro\u0161ina prec\u012bzu uzkl\u0101\u0161anu, bet viegl\u0101 tekst\u016bra neuzkr\u0101jas s\u012bkaj\u0101s krunci\u0146\u0101s un nesausina \u0101du zem ac\u012bm. Piesardz\u012bbas pas\u0101kumi: tikai \u0101r\u012bgai lieto\u0161anai. Izvair\u012bties no saskares ar ac\u012bm. Ja nok\u013c\u016bst ac\u012bs, nekav\u0113joties izskalot ar lielu daudzumu \u016bdens un, nepiecie\u0161am\u012bbas gad\u012bjum\u0101, v\u0113rsties p\u0113c medic\u012bniskas pal\u012bdz\u012bbas. Nelietot, ja ir paaugstin\u0101ta [&#8230;]\n","protected":false},"featured_media":105780,"template":"","meta":[],"product_cat":[1489],"product_tag":[],"class_list":{"0":"post-105776","1":"product","2":"type-product","3":"status-publish","4":"has-post-thumbnail","6":"product_brand-7days_it","7":"product_cat-1489","9":"first","10":"instock","11":"taxable","12":"shipping-taxable","13":"product-type-simple"},"_links":{"self":[{"href":"https:\/\/e.kosmolat.eu\/lv\/wp-json\/wp\/v2\/product\/105776","targetHints":{"allow":["GET"]}}],"collection":[{"href":"https:\/\/e.kosmolat.eu\/lv\/wp-json\/wp\/v2\/product"}],"about":[{"href":"https:\/\/e.kosmolat.eu\/lv\/wp-json\/wp\/v2\/types\/product"}],"wp:featuredmedia":[{"embeddable":true,"href":"https:\/\/e.kosmolat.eu\/lv\/wp-json\/wp\/v2\/media\/105780"}],"wp:attachment":[{"href":"https:\/\/e.kosmolat.eu\/lv\/wp-json\/wp\/v2\/media?parent=105776"}],"wp:term":[{"taxonomy":"product_cat","embeddable":true,"href":"https:\/\/e.kosmolat.eu\/lv\/wp-json\/wp\/v2\/product_cat?post=105776"},{"taxonomy":"product_tag","embeddable":true,"href":"https:\/\/e.kosmolat.eu\/lv\/wp-json\/wp\/v2\/product_tag?post=105776"}],"curies":[{"name":"wp","href":"https:\/\/api.w.org\/{rel}","templated":true}]}}