{"id":105760,"date":"2026-04-09T16:56:56","date_gmt":"2026-04-09T16:56:56","guid":{"rendered":"https:\/\/e.kosmolat.eu\/product\/7days-b-colour-holografiska-lupu-krasa-01-barbie-4-g\/"},"modified":"2026-04-11T19:48:57","modified_gmt":"2026-04-11T19:48:57","slug":"7days-b-colour-holografiska-lupu-krasa-01-barbie-4-g","status":"publish","type":"product","link":"https:\/\/e.kosmolat.eu\/lv\/product\/7days-b-colour-holografiska-lupu-krasa-01-barbie-4-g\/","title":{"rendered":"7Days B.Colour Hologr\u0101fiska l\u016bpu kr\u0101sa, 01 Barbie, 4 g"},"content":{"rendered":"<p>Pie\u0161\u0137iriet sav\u0101m l\u016bp\u0101m neticamu mirdzumu ar hologr\u0101fisku l\u016bpu kr\u0101su. T\u0101s maig\u0101 tekst\u016bra vienm\u0113r\u012bgi kl\u0101jas uz l\u016bp\u0101m, mitrina t\u0101s un pie\u0161\u0137ir izteikti sp\u012bd\u012bgu efektu.<\/p>\n<p>Piesardz\u012bbas pas\u0101kumi: tikai \u0101r\u012bgai lieto\u0161anai. Izvair\u012bties no saskares ar ac\u012bm. Ja nok\u013c\u016bst ac\u012bs, nekav\u0113joties izskalot ar lielu daudzumu \u016bdens un, nepiecie\u0161am\u012bbas gad\u012bjum\u0101, v\u0113rsties p\u0113c medic\u012bniskas pal\u012bdz\u012bbas. Nelietot, ja ir paaugstin\u0101ta jut\u012bba pret k\u0101du no produkta sast\u0101vda\u013c\u0101m. P\u0101rtraukt lieto\u0161anu, ja rodas kairin\u0101jums. Sarg\u0101t no b\u0113rniem. Uzglab\u0101t temperat\u016br\u0101 no +5\u00b0C l\u012bdz +25\u00b0C, sarg\u0101jot no tie\u0161iem saules stariem.<\/p>\n","protected":false},"excerpt":{"rendered":"<p>Pie\u0161\u0137iriet sav\u0101m l\u016bp\u0101m neticamu mirdzumu ar hologr\u0101fisku l\u016bpu kr\u0101su. T\u0101s maig\u0101 tekst\u016bra vienm\u0113r\u012bgi kl\u0101jas uz l\u016bp\u0101m, mitrina t\u0101s un pie\u0161\u0137ir izteikti sp\u012bd\u012bgu efektu. Piesardz\u012bbas pas\u0101kumi: tikai \u0101r\u012bgai lieto\u0161anai. Izvair\u012bties no saskares ar ac\u012bm. Ja nok\u013c\u016bst ac\u012bs, nekav\u0113joties izskalot ar lielu daudzumu \u016bdens un, nepiecie\u0161am\u012bbas gad\u012bjum\u0101, v\u0113rsties p\u0113c medic\u012bniskas pal\u012bdz\u012bbas. Nelietot, ja ir paaugstin\u0101ta jut\u012bba pret [&#8230;]\n","protected":false},"featured_media":105764,"template":"","meta":[],"product_cat":[1267],"product_tag":[],"class_list":{"0":"post-105760","1":"product","2":"type-product","3":"status-publish","4":"has-post-thumbnail","6":"product_brand-7days_it","7":"product_cat-lupu-krasas","9":"first","10":"instock","11":"taxable","12":"shipping-taxable","13":"product-type-simple"},"_links":{"self":[{"href":"https:\/\/e.kosmolat.eu\/lv\/wp-json\/wp\/v2\/product\/105760","targetHints":{"allow":["GET"]}}],"collection":[{"href":"https:\/\/e.kosmolat.eu\/lv\/wp-json\/wp\/v2\/product"}],"about":[{"href":"https:\/\/e.kosmolat.eu\/lv\/wp-json\/wp\/v2\/types\/product"}],"wp:featuredmedia":[{"embeddable":true,"href":"https:\/\/e.kosmolat.eu\/lv\/wp-json\/wp\/v2\/media\/105764"}],"wp:attachment":[{"href":"https:\/\/e.kosmolat.eu\/lv\/wp-json\/wp\/v2\/media?parent=105760"}],"wp:term":[{"taxonomy":"product_cat","embeddable":true,"href":"https:\/\/e.kosmolat.eu\/lv\/wp-json\/wp\/v2\/product_cat?post=105760"},{"taxonomy":"product_tag","embeddable":true,"href":"https:\/\/e.kosmolat.eu\/lv\/wp-json\/wp\/v2\/product_tag?post=105760"}],"curies":[{"name":"wp","href":"https:\/\/api.w.org\/{rel}","templated":true}]}}