{"id":105752,"date":"2026-04-09T16:56:37","date_gmt":"2026-04-09T16:56:37","guid":{"rendered":"https:\/\/e.kosmolat.eu\/product\/7days-b-colour-we-udensnot-acu-zim-02-snowflake-0-25-g\/"},"modified":"2026-04-09T16:56:50","modified_gmt":"2026-04-09T16:56:50","slug":"7days-b-colour-we-udensnot-acu-zim-02-snowflake-0-25-g","status":"publish","type":"product","link":"https:\/\/e.kosmolat.eu\/lv\/product\/7days-b-colour-we-udensnot-acu-zim-02-snowflake-0-25-g\/","title":{"rendered":"7Days B.Colour We \u016adensnot. acu z\u012bm., 02 Snowflake, 0.25 g"},"content":{"rendered":"<p>Atkl\u0101jiet sava skatiena burv\u012bbu ar daudzfunkcion\u0101lu mirdzo\u0161u acu z\u012bmuli 3 in 1. \u012apa\u0161i m\u012bkstais serdenis \u013cauj to izmantot k\u0101 acu z\u012bmuli, kajalu un kr\u0113mveida acu \u0113nas. Savuk\u0101rt \u016bdensnotur\u012bg\u0101 formula nodro\u0161ina notur\u012bgu grimu visas dienas garum\u0101.<\/p>\n<p>Piesardz\u012bbas pas\u0101kumi: tikai \u0101r\u012bgai lieto\u0161anai. Izvair\u012bties no saskares ar ac\u012bm. Ja nok\u013c\u016bst ac\u012bs, nekav\u0113joties izskalot ar lielu daudzumu \u016bdens un, nepiecie\u0161am\u012bbas gad\u012bjum\u0101, v\u0113rsties p\u0113c medic\u012bniskas pal\u012bdz\u012bbas. Nelietot, ja ir paaugstin\u0101ta jut\u012bba pret k\u0101du no produkta sast\u0101vda\u013c\u0101m. P\u0101rtraukt lieto\u0161anu, ja rodas kairin\u0101jums. Sarg\u0101t no b\u0113rniem. Uzglab\u0101t temperat\u016br\u0101 no +5\u00b0C l\u012bdz +25\u00b0C, sarg\u0101jot no tie\u0161iem saules stariem.<\/p>\n","protected":false},"excerpt":{"rendered":"<p>Atkl\u0101jiet sava skatiena burv\u012bbu ar daudzfunkcion\u0101lu mirdzo\u0161u acu z\u012bmuli 3 in 1. \u012apa\u0161i m\u012bkstais serdenis \u013cauj to izmantot k\u0101 acu z\u012bmuli, kajalu un kr\u0113mveida acu \u0113nas. Savuk\u0101rt \u016bdensnotur\u012bg\u0101 formula nodro\u0161ina notur\u012bgu grimu visas dienas garum\u0101. Piesardz\u012bbas pas\u0101kumi: tikai \u0101r\u012bgai lieto\u0161anai. Izvair\u012bties no saskares ar ac\u012bm. Ja nok\u013c\u016bst ac\u012bs, nekav\u0113joties izskalot ar lielu daudzumu \u016bdens un, [&#8230;]\n","protected":false},"featured_media":105756,"template":"","meta":[],"product_cat":[1262],"product_tag":[],"class_list":{"0":"post-105752","1":"product","2":"type-product","3":"status-publish","4":"has-post-thumbnail","6":"product_brand-7days_it","7":"product_cat-zimuli-laineri","9":"first","10":"instock","11":"taxable","12":"shipping-taxable","13":"product-type-simple"},"_links":{"self":[{"href":"https:\/\/e.kosmolat.eu\/lv\/wp-json\/wp\/v2\/product\/105752","targetHints":{"allow":["GET"]}}],"collection":[{"href":"https:\/\/e.kosmolat.eu\/lv\/wp-json\/wp\/v2\/product"}],"about":[{"href":"https:\/\/e.kosmolat.eu\/lv\/wp-json\/wp\/v2\/types\/product"}],"wp:featuredmedia":[{"embeddable":true,"href":"https:\/\/e.kosmolat.eu\/lv\/wp-json\/wp\/v2\/media\/105756"}],"wp:attachment":[{"href":"https:\/\/e.kosmolat.eu\/lv\/wp-json\/wp\/v2\/media?parent=105752"}],"wp:term":[{"taxonomy":"product_cat","embeddable":true,"href":"https:\/\/e.kosmolat.eu\/lv\/wp-json\/wp\/v2\/product_cat?post=105752"},{"taxonomy":"product_tag","embeddable":true,"href":"https:\/\/e.kosmolat.eu\/lv\/wp-json\/wp\/v2\/product_tag?post=105752"}],"curies":[{"name":"wp","href":"https:\/\/api.w.org\/{rel}","templated":true}]}}