{"id":105704,"date":"2026-04-09T16:54:47","date_gmt":"2026-04-09T16:54:47","guid":{"rendered":"https:\/\/e.kosmolat.eu\/product\/7days-b-colour-skropstu-tusa-smoky-eyes-kuplin-un-atliec-08-melna-8-ml\/"},"modified":"2026-04-09T16:54:59","modified_gmt":"2026-04-09T16:54:59","slug":"7days-b-colour-skropstu-tusa-smoky-eyes-kuplin-un-atliec-08-melna-8-ml","status":"publish","type":"product","link":"https:\/\/e.kosmolat.eu\/lv\/product\/7days-b-colour-skropstu-tusa-smoky-eyes-kuplin-un-atliec-08-melna-8-ml\/","title":{"rendered":"7Days B.Colour Skropstu tu\u0161a Smoky Eyes Kuplin. un atliec., 08 Melna, 8 ml"},"content":{"rendered":"<p>Pie\u0161\u0137iriet sav\u0101m skropst\u0101m iespaid\u012bgu apjomu ar melnu atlieco\u0161u skropstu tu\u0161u ar smoky eyes efektu. Tu\u0161a viegli uzkl\u0101jas, nebirst, lieliski atdala skropstas un nesalipina t\u0101s.<\/p>\n<p>Piesardz\u012bbas pas\u0101kumi: tikai \u0101r\u012bgai lieto\u0161anai. Izvair\u012bties no saskares ar ac\u012bm. Ja nok\u013c\u016bst ac\u012bs, nekav\u0113joties izskalot ar lielu daudzumu \u016bdens un, nepiecie\u0161am\u012bbas gad\u012bjum\u0101, v\u0113rsties p\u0113c medic\u012bniskas pal\u012bdz\u012bbas. Nelietot, ja ir paaugstin\u0101ta jut\u012bba pret k\u0101du no produkta sast\u0101vda\u013c\u0101m. P\u0101rtraukt lieto\u0161anu, ja rodas kairin\u0101jums. Sarg\u0101t no b\u0113rniem. Uzglab\u0101t temperat\u016br\u0101 no +5\u00b0C l\u012bdz +25\u00b0C, sarg\u0101jot no tie\u0161iem saules stariem.<\/p>\n","protected":false},"excerpt":{"rendered":"<p>Pie\u0161\u0137iriet sav\u0101m skropst\u0101m iespaid\u012bgu apjomu ar melnu atlieco\u0161u skropstu tu\u0161u ar smoky eyes efektu. Tu\u0161a viegli uzkl\u0101jas, nebirst, lieliski atdala skropstas un nesalipina t\u0101s. Piesardz\u012bbas pas\u0101kumi: tikai \u0101r\u012bgai lieto\u0161anai. Izvair\u012bties no saskares ar ac\u012bm. Ja nok\u013c\u016bst ac\u012bs, nekav\u0113joties izskalot ar lielu daudzumu \u016bdens un, nepiecie\u0161am\u012bbas gad\u012bjum\u0101, v\u0113rsties p\u0113c medic\u012bniskas pal\u012bdz\u012bbas. Nelietot, ja ir paaugstin\u0101ta jut\u012bba [&#8230;]\n","protected":false},"featured_media":105708,"template":"","meta":[],"product_cat":[1380],"product_tag":[],"class_list":{"0":"post-105704","1":"product","2":"type-product","3":"status-publish","4":"has-post-thumbnail","6":"product_brand-7days_it","7":"product_cat-tusas","9":"first","10":"instock","11":"taxable","12":"shipping-taxable","13":"product-type-simple"},"_links":{"self":[{"href":"https:\/\/e.kosmolat.eu\/lv\/wp-json\/wp\/v2\/product\/105704","targetHints":{"allow":["GET"]}}],"collection":[{"href":"https:\/\/e.kosmolat.eu\/lv\/wp-json\/wp\/v2\/product"}],"about":[{"href":"https:\/\/e.kosmolat.eu\/lv\/wp-json\/wp\/v2\/types\/product"}],"wp:featuredmedia":[{"embeddable":true,"href":"https:\/\/e.kosmolat.eu\/lv\/wp-json\/wp\/v2\/media\/105708"}],"wp:attachment":[{"href":"https:\/\/e.kosmolat.eu\/lv\/wp-json\/wp\/v2\/media?parent=105704"}],"wp:term":[{"taxonomy":"product_cat","embeddable":true,"href":"https:\/\/e.kosmolat.eu\/lv\/wp-json\/wp\/v2\/product_cat?post=105704"},{"taxonomy":"product_tag","embeddable":true,"href":"https:\/\/e.kosmolat.eu\/lv\/wp-json\/wp\/v2\/product_tag?post=105704"}],"curies":[{"name":"wp","href":"https:\/\/api.w.org\/{rel}","templated":true}]}}