{"id":105688,"date":"2026-04-09T16:54:12","date_gmt":"2026-04-09T16:54:12","guid":{"rendered":"https:\/\/e.kosmolat.eu\/product\/gp-kondicionieris-matiem-dizdadzis-un-kviesu-prot-300-ml\/"},"modified":"2026-04-09T16:54:23","modified_gmt":"2026-04-09T16:54:23","slug":"gp-kondicionieris-matiem-dizdadzis-un-kviesu-prot-300-ml","status":"publish","type":"product","link":"https:\/\/e.kosmolat.eu\/lv\/product\/gp-kondicionieris-matiem-dizdadzis-un-kviesu-prot-300-ml\/","title":{"rendered":"GP Kondicionieris matiem Di\u017edadzis un kvie\u0161u prot, 300 ml"},"content":{"rendered":"<p>Barojo&scaron;s kondicionieris pret matu izkri&scaron;anu ar dad\u017ea ekstraktu un kvie&scaron;u prote\u012bniem, kas stiprina matus no sakn\u0113m un uzlabo to maigumu un paklaus\u012bbu. Mati k\u013c\u016bst t\u012bri, mitrin\u0101ti un dz\u012bv\u012bgi ar vesel\u012bgu sp\u012bdumu.<\/p>\n<p><strong>Lieto&scaron;ana:<\/strong><br \/>\nUzkl\u0101t uz t\u012bru, mitru matu sak\u0146u zonas, vienm\u0113r\u012bgi sadal\u012bt vis\u0101 garum\u0101. Atst\u0101t uz 2 min\u016bt\u0113m, p\u0113c tam izskalot ar \u016bdeni.<\/p>\n<p><strong>Piesardz\u012bba:<\/strong><br \/>\nJa iek\u013c\u016bst ac\u012bs, nekav\u0113joties izskalot ar \u016bdeni.<\/p>\n","protected":false},"excerpt":{"rendered":"<p>Barojo&scaron;s kondicionieris pret matu izkri&scaron;anu ar dad\u017ea ekstraktu un kvie&scaron;u prote\u012bniem, kas stiprina matus no sakn\u0113m un uzlabo to maigumu un paklaus\u012bbu. Mati k\u013c\u016bst t\u012bri, mitrin\u0101ti un dz\u012bv\u012bgi ar vesel\u012bgu sp\u012bdumu. Lieto&scaron;ana: Uzkl\u0101t uz t\u012bru, mitru matu sak\u0146u zonas, vienm\u0113r\u012bgi sadal\u012bt vis\u0101 garum\u0101. Atst\u0101t uz 2 min\u016bt\u0113m, p\u0113c tam izskalot ar \u016bdeni. Piesardz\u012bba: Ja iek\u013c\u016bst [&#8230;]\n","protected":false},"featured_media":105692,"template":"","meta":[],"product_cat":[1639],"product_tag":[],"class_list":{"0":"post-105688","1":"product","2":"type-product","3":"status-publish","4":"has-post-thumbnail","6":"product_brand-elfa_ua","7":"product_cat-1639","9":"first","10":"instock","11":"taxable","12":"shipping-taxable","13":"product-type-simple"},"_links":{"self":[{"href":"https:\/\/e.kosmolat.eu\/lv\/wp-json\/wp\/v2\/product\/105688","targetHints":{"allow":["GET"]}}],"collection":[{"href":"https:\/\/e.kosmolat.eu\/lv\/wp-json\/wp\/v2\/product"}],"about":[{"href":"https:\/\/e.kosmolat.eu\/lv\/wp-json\/wp\/v2\/types\/product"}],"wp:featuredmedia":[{"embeddable":true,"href":"https:\/\/e.kosmolat.eu\/lv\/wp-json\/wp\/v2\/media\/105692"}],"wp:attachment":[{"href":"https:\/\/e.kosmolat.eu\/lv\/wp-json\/wp\/v2\/media?parent=105688"}],"wp:term":[{"taxonomy":"product_cat","embeddable":true,"href":"https:\/\/e.kosmolat.eu\/lv\/wp-json\/wp\/v2\/product_cat?post=105688"},{"taxonomy":"product_tag","embeddable":true,"href":"https:\/\/e.kosmolat.eu\/lv\/wp-json\/wp\/v2\/product_tag?post=105688"}],"curies":[{"name":"wp","href":"https:\/\/api.w.org\/{rel}","templated":true}]}}