{"id":105680,"date":"2026-04-09T16:53:53","date_gmt":"2026-04-09T16:53:53","guid":{"rendered":"https:\/\/e.kosmolat.eu\/product\/sana-active-eksfol-lidz-pedam-ar-rullisa-apl-50-ml\/"},"modified":"2026-04-09T16:54:06","modified_gmt":"2026-04-09T16:54:06","slug":"sana-active-eksfol-lidz-pedam-ar-rullisa-apl-50-ml","status":"publish","type":"product","link":"https:\/\/e.kosmolat.eu\/lv\/product\/sana-active-eksfol-lidz-pedam-ar-rullisa-apl-50-ml\/","title":{"rendered":"Sana active eksfol.l\u012bdz.p\u0113d\u0101m ar rull\u012b\u0161a apl, 50 ml"},"content":{"rendered":"<p>Paman\u0101ms rezult\u0101ts jau p\u0113c pirm\u0101s lieto\u0161anas reizes. L\u012bdzeklis darbojas k\u0101 skrubis: no\u0146em atmiru\u0161\u0101s \u0101das \u0161\u016bnas bez meh\u0101niskas berzes. Papa\u012bns sast\u0101v\u0101 sadala atmiru\u0161\u0101s \u0101das \u0161\u016bnas un veicina tekst\u016bras izl\u012bdzin\u0101\u0161anu. D-glikonolaktonam ir maiga eksfoli\u0113jo\u0161a iedarb\u012bba, tas no\u0146em lieko atmiru\u0161o \u0101das sl\u0101ni un pal\u012bdz samazin\u0101t t\u0101s biezumu. Salicilsk\u0101be veicina \u0101das atjauno\u0161anos, savuk\u0101rt piensk\u0101be efekt\u012bvi mitrina un m\u012bkstina raupju \u0101das virsmu, padarot pap\u0113\u017eus m\u012bkstus un gludus. L\u012bdzeklis ar\u012b veicina kolag\u0113na veido\u0161anos, kas pozit\u012bvi ietekm\u0113 \u0101das st\u0101vokli.<\/p>\n<p>Lieto\u0161ana: uzkl\u0101t pl\u0101nu sl\u0101ni uz pap\u0113\u017eiem un \u013caut ies\u016bkties, nenomazg\u0101t. Lab\u0101ko rezult\u0101tu sasnieg\u0161anai lietot vakar\u0101 pirms gul\u0113tie\u0161anas. Proced\u016bru var atk\u0101rtot, l\u012bdz tiek sasniegts v\u0113lamais efekts, bet ne ilg\u0101k k\u0101 6 dienas p\u0113c k\u0101rtas. Lieto\u0161anas ilgums ir atkar\u012bgs no \u0101das raupjuma pak\u0101pes.<\/p>\n<p>Br\u012bdin\u0101jums: nelietot uz boj\u0101tas vai iekaisu\u0161as \u0101das.<\/p>\n","protected":false},"excerpt":{"rendered":"<p>Paman\u0101ms rezult\u0101ts jau p\u0113c pirm\u0101s lieto\u0161anas reizes. L\u012bdzeklis darbojas k\u0101 skrubis: no\u0146em atmiru\u0161\u0101s \u0101das \u0161\u016bnas bez meh\u0101niskas berzes. Papa\u012bns sast\u0101v\u0101 sadala atmiru\u0161\u0101s \u0101das \u0161\u016bnas un veicina tekst\u016bras izl\u012bdzin\u0101\u0161anu. D-glikonolaktonam ir maiga eksfoli\u0113jo\u0161a iedarb\u012bba, tas no\u0146em lieko atmiru\u0161o \u0101das sl\u0101ni un pal\u012bdz samazin\u0101t t\u0101s biezumu. Salicilsk\u0101be veicina \u0101das atjauno\u0161anos, savuk\u0101rt piensk\u0101be efekt\u012bvi mitrina un m\u012bkstina raupju [&#8230;]\n","protected":false},"featured_media":105684,"template":"","meta":[],"product_cat":[1761],"product_tag":[],"class_list":{"0":"post-105680","1":"product","2":"type-product","3":"status-publish","4":"has-post-thumbnail","6":"product_brand-florin_hu","7":"product_cat-kaju-kopsanas-kosmetika","9":"first","10":"instock","11":"taxable","12":"shipping-taxable","13":"product-type-simple"},"_links":{"self":[{"href":"https:\/\/e.kosmolat.eu\/lv\/wp-json\/wp\/v2\/product\/105680","targetHints":{"allow":["GET"]}}],"collection":[{"href":"https:\/\/e.kosmolat.eu\/lv\/wp-json\/wp\/v2\/product"}],"about":[{"href":"https:\/\/e.kosmolat.eu\/lv\/wp-json\/wp\/v2\/types\/product"}],"wp:featuredmedia":[{"embeddable":true,"href":"https:\/\/e.kosmolat.eu\/lv\/wp-json\/wp\/v2\/media\/105684"}],"wp:attachment":[{"href":"https:\/\/e.kosmolat.eu\/lv\/wp-json\/wp\/v2\/media?parent=105680"}],"wp:term":[{"taxonomy":"product_cat","embeddable":true,"href":"https:\/\/e.kosmolat.eu\/lv\/wp-json\/wp\/v2\/product_cat?post=105680"},{"taxonomy":"product_tag","embeddable":true,"href":"https:\/\/e.kosmolat.eu\/lv\/wp-json\/wp\/v2\/product_tag?post=105680"}],"curies":[{"name":"wp","href":"https:\/\/api.w.org\/{rel}","templated":true}]}}