{"id":105672,"date":"2026-04-09T16:53:35","date_gmt":"2026-04-09T16:53:35","guid":{"rendered":"https:\/\/e.kosmolat.eu\/product\/revers-skropstu-tusa-maxi-eyes-pagarin-un-kuplin-melna-12-ml\/"},"modified":"2026-04-09T16:53:48","modified_gmt":"2026-04-09T16:53:48","slug":"revers-skropstu-tusa-maxi-eyes-pagarin-un-kuplin-melna-12-ml","status":"publish","type":"product","link":"https:\/\/e.kosmolat.eu\/lv\/product\/revers-skropstu-tusa-maxi-eyes-pagarin-un-kuplin-melna-12-ml\/","title":{"rendered":"Revers Skropstu tu\u0161a Maxi Eyes Pagarin. un kuplin., melna, 12 ml"},"content":{"rendered":"<p>Tu\u0161a ar lielu silikona birst\u012bti nodro\u0161ina vienm\u0113r\u012bgu uzkl\u0101\u0161anu, padarot skropstas maksim\u0101li garas un biezas, ta\u010du vienlaikus vieglas un kuplas.<\/p>\n","protected":false},"excerpt":{"rendered":"<p>Tu\u0161a ar lielu silikona birst\u012bti nodro\u0161ina vienm\u0113r\u012bgu uzkl\u0101\u0161anu, padarot skropstas maksim\u0101li garas un biezas, ta\u010du vienlaikus vieglas un kuplas.<\/p>\n","protected":false},"featured_media":105676,"template":"","meta":[],"product_cat":[1380],"product_tag":[],"class_list":{"0":"post-105672","1":"product","2":"type-product","3":"status-publish","4":"has-post-thumbnail","6":"product_brand-revers-cosmetics_pl","7":"product_cat-tusas","9":"first","10":"instock","11":"taxable","12":"shipping-taxable","13":"product-type-simple"},"_links":{"self":[{"href":"https:\/\/e.kosmolat.eu\/lv\/wp-json\/wp\/v2\/product\/105672","targetHints":{"allow":["GET"]}}],"collection":[{"href":"https:\/\/e.kosmolat.eu\/lv\/wp-json\/wp\/v2\/product"}],"about":[{"href":"https:\/\/e.kosmolat.eu\/lv\/wp-json\/wp\/v2\/types\/product"}],"wp:featuredmedia":[{"embeddable":true,"href":"https:\/\/e.kosmolat.eu\/lv\/wp-json\/wp\/v2\/media\/105676"}],"wp:attachment":[{"href":"https:\/\/e.kosmolat.eu\/lv\/wp-json\/wp\/v2\/media?parent=105672"}],"wp:term":[{"taxonomy":"product_cat","embeddable":true,"href":"https:\/\/e.kosmolat.eu\/lv\/wp-json\/wp\/v2\/product_cat?post=105672"},{"taxonomy":"product_tag","embeddable":true,"href":"https:\/\/e.kosmolat.eu\/lv\/wp-json\/wp\/v2\/product_tag?post=105672"}],"curies":[{"name":"wp","href":"https:\/\/api.w.org\/{rel}","templated":true}]}}