{"id":105664,"date":"2026-04-09T16:53:18","date_gmt":"2026-04-09T16:53:18","guid":{"rendered":"https:\/\/e.kosmolat.eu\/product\/revers-skropstu-tusa-big-flash-ar-maksl-skropstu-ef-dzili-melna-12-ml\/"},"modified":"2026-04-09T16:53:30","modified_gmt":"2026-04-09T16:53:30","slug":"revers-skropstu-tusa-big-flash-ar-maksl-skropstu-ef-dzili-melna-12-ml","status":"publish","type":"product","link":"https:\/\/e.kosmolat.eu\/lv\/product\/revers-skropstu-tusa-big-flash-ar-maksl-skropstu-ef-dzili-melna-12-ml\/","title":{"rendered":"Revers Skropstu tu\u0161a Big Flash ar m\u0101ksl. skropstu ef., dzi\u013ci melna, 12 ml"},"content":{"rendered":"<p>Tu\u0161a ar klasisku lielu birst\u012bti m\u0101ksl\u012bgo skropstu ekspress-efektam.<\/p>\n","protected":false},"excerpt":{"rendered":"<p>Tu\u0161a ar klasisku lielu birst\u012bti m\u0101ksl\u012bgo skropstu ekspress-efektam.<\/p>\n","protected":false},"featured_media":105668,"template":"","meta":[],"product_cat":[1380],"product_tag":[],"class_list":{"0":"post-105664","1":"product","2":"type-product","3":"status-publish","4":"has-post-thumbnail","6":"product_brand-revers-cosmetics_pl","7":"product_cat-tusas","9":"first","10":"instock","11":"taxable","12":"shipping-taxable","13":"product-type-simple"},"_links":{"self":[{"href":"https:\/\/e.kosmolat.eu\/lv\/wp-json\/wp\/v2\/product\/105664","targetHints":{"allow":["GET"]}}],"collection":[{"href":"https:\/\/e.kosmolat.eu\/lv\/wp-json\/wp\/v2\/product"}],"about":[{"href":"https:\/\/e.kosmolat.eu\/lv\/wp-json\/wp\/v2\/types\/product"}],"wp:featuredmedia":[{"embeddable":true,"href":"https:\/\/e.kosmolat.eu\/lv\/wp-json\/wp\/v2\/media\/105668"}],"wp:attachment":[{"href":"https:\/\/e.kosmolat.eu\/lv\/wp-json\/wp\/v2\/media?parent=105664"}],"wp:term":[{"taxonomy":"product_cat","embeddable":true,"href":"https:\/\/e.kosmolat.eu\/lv\/wp-json\/wp\/v2\/product_cat?post=105664"},{"taxonomy":"product_tag","embeddable":true,"href":"https:\/\/e.kosmolat.eu\/lv\/wp-json\/wp\/v2\/product_tag?post=105664"}],"curies":[{"name":"wp","href":"https:\/\/api.w.org\/{rel}","templated":true}]}}