{"id":105656,"date":"2026-04-09T16:53:02","date_gmt":"2026-04-09T16:53:02","guid":{"rendered":"https:\/\/e.kosmolat.eu\/product\/revers-skropstu-tusa-big-eyes-kupl-un-atliec-intens-melna-12-ml\/"},"modified":"2026-04-09T16:53:13","modified_gmt":"2026-04-09T16:53:13","slug":"revers-skropstu-tusa-big-eyes-kupl-un-atliec-intens-melna-12-ml","status":"publish","type":"product","link":"https:\/\/e.kosmolat.eu\/lv\/product\/revers-skropstu-tusa-big-eyes-kupl-un-atliec-intens-melna-12-ml\/","title":{"rendered":"Revers Skropstu tu\u0161a Big Eyes Kupl. un atliec., intens. melna, 12 ml"},"content":{"rendered":"<p>Viegla, intens\u012bvi melna formula nesal\u012bm\u0113 skropstas un nerada uz t\u0101m nepat\u012bkamus kunku\u013cus. Skropstu tu\u0161a redzami atliec skropstas un vienm\u0113r\u012bgi iz\u0137emm\u0113 t\u0101s no acs iek\u0161\u0113j\u0101 l\u012bdz \u0101r\u0113jam kakti\u0146am, vienlaikus pie\u0161\u0137irot t\u0101m maksim\u0101lu apjomu.<\/p>\n","protected":false},"excerpt":{"rendered":"<p>Viegla, intens\u012bvi melna formula nesal\u012bm\u0113 skropstas un nerada uz t\u0101m nepat\u012bkamus kunku\u013cus. Skropstu tu\u0161a redzami atliec skropstas un vienm\u0113r\u012bgi iz\u0137emm\u0113 t\u0101s no acs iek\u0161\u0113j\u0101 l\u012bdz \u0101r\u0113jam kakti\u0146am, vienlaikus pie\u0161\u0137irot t\u0101m maksim\u0101lu apjomu.<\/p>\n","protected":false},"featured_media":105660,"template":"","meta":[],"product_cat":[1380],"product_tag":[],"class_list":{"0":"post-105656","1":"product","2":"type-product","3":"status-publish","4":"has-post-thumbnail","6":"product_brand-revers-cosmetics_pl","7":"product_cat-tusas","9":"first","10":"instock","11":"taxable","12":"shipping-taxable","13":"product-type-simple"},"_links":{"self":[{"href":"https:\/\/e.kosmolat.eu\/lv\/wp-json\/wp\/v2\/product\/105656","targetHints":{"allow":["GET"]}}],"collection":[{"href":"https:\/\/e.kosmolat.eu\/lv\/wp-json\/wp\/v2\/product"}],"about":[{"href":"https:\/\/e.kosmolat.eu\/lv\/wp-json\/wp\/v2\/types\/product"}],"wp:featuredmedia":[{"embeddable":true,"href":"https:\/\/e.kosmolat.eu\/lv\/wp-json\/wp\/v2\/media\/105660"}],"wp:attachment":[{"href":"https:\/\/e.kosmolat.eu\/lv\/wp-json\/wp\/v2\/media?parent=105656"}],"wp:term":[{"taxonomy":"product_cat","embeddable":true,"href":"https:\/\/e.kosmolat.eu\/lv\/wp-json\/wp\/v2\/product_cat?post=105656"},{"taxonomy":"product_tag","embeddable":true,"href":"https:\/\/e.kosmolat.eu\/lv\/wp-json\/wp\/v2\/product_tag?post=105656"}],"curies":[{"name":"wp","href":"https:\/\/api.w.org\/{rel}","templated":true}]}}