{"id":105648,"date":"2026-04-09T16:52:44","date_gmt":"2026-04-09T16:52:44","guid":{"rendered":"https:\/\/e.kosmolat.eu\/product\/revers-sos-nails-kompleks-lidz-trausl-un-lustos-nag-10-ml\/"},"modified":"2026-04-09T16:52:56","modified_gmt":"2026-04-09T16:52:56","slug":"revers-sos-nails-kompleks-lidz-trausl-un-lustos-nag-10-ml","status":"publish","type":"product","link":"https:\/\/e.kosmolat.eu\/lv\/product\/revers-sos-nails-kompleks-lidz-trausl-un-lustos-nag-10-ml\/","title":{"rendered":"Revers SOS Nails Kompleks. l\u012adz. trausl. un l\u016bsto\u0161. nag., 10 ml"},"content":{"rendered":"<p>Stipr\u0101ki nagi, notur\u012bgi pret boj\u0101jumiem. \u012apa\u0161i atjaunojo\u0161s nagu kop\u0161anas l\u012bdzeklis acumirkl\u012b stiprina nagu pl\u0101tni un nov\u0113r\u0161 boj\u0101jumus. Nagi k\u013c\u016bst redzami vesel\u012bg\u0101ki, stipr\u0101ki, glud\u0101ki un ciet\u0101ki. M\u016bsdien\u012bg\u0101 SOS NAILS formula atjauno un stiprina nagus, nov\u0113r\u0161ot to sl\u0101\u0146o\u0161anos. Satur UV filtru, kas aizsarg\u0101 naga pl\u0101tni no dzeltenuma un kr\u0101sas izmai\u0146\u0101m.<\/p>\n<p>Lieto\u0161ana k\u0101 stiprino\u0161s l\u012bdzeklis:<br \/>\nUzkl\u0101t uz att\u012br\u012btas nagu pl\u0101tnes. Lietot divas reizes ned\u0113\u013c\u0101 viena m\u0113ne\u0161a garum\u0101, p\u0113c tam veikt 2 ned\u0113\u013cu p\u0101rtraukumu.<\/p>\n<p>Lieto\u0161ana k\u0101 stiprino\u0161a b\u0101ze:<br \/>\nUzkl\u0101t vien\u0101 k\u0101rt\u0101 uz att\u012br\u012btas nagu pl\u0101tnes. P\u0113c no\u017e\u016b\u0161anas uzkl\u0101t iecien\u012bto nagu laku.<\/p>\n","protected":false},"excerpt":{"rendered":"<p>Stipr\u0101ki nagi, notur\u012bgi pret boj\u0101jumiem. \u012apa\u0161i atjaunojo\u0161s nagu kop\u0161anas l\u012bdzeklis acumirkl\u012b stiprina nagu pl\u0101tni un nov\u0113r\u0161 boj\u0101jumus. Nagi k\u013c\u016bst redzami vesel\u012bg\u0101ki, stipr\u0101ki, glud\u0101ki un ciet\u0101ki. M\u016bsdien\u012bg\u0101 SOS NAILS formula atjauno un stiprina nagus, nov\u0113r\u0161ot to sl\u0101\u0146o\u0161anos. Satur UV filtru, kas aizsarg\u0101 naga pl\u0101tni no dzeltenuma un kr\u0101sas izmai\u0146\u0101m. Lieto\u0161ana k\u0101 stiprino\u0161s l\u012bdzeklis: Uzkl\u0101t uz att\u012br\u012btas [&#8230;]\n","protected":false},"featured_media":105652,"template":"","meta":[],"product_cat":[1743],"product_tag":[],"class_list":{"0":"post-105648","1":"product","2":"type-product","3":"status-publish","4":"has-post-thumbnail","6":"product_brand-revers-cosmetics_pl","7":"product_cat-nagu-kopsana-roku-kopsana","9":"first","10":"instock","11":"taxable","12":"shipping-taxable","13":"product-type-simple"},"_links":{"self":[{"href":"https:\/\/e.kosmolat.eu\/lv\/wp-json\/wp\/v2\/product\/105648","targetHints":{"allow":["GET"]}}],"collection":[{"href":"https:\/\/e.kosmolat.eu\/lv\/wp-json\/wp\/v2\/product"}],"about":[{"href":"https:\/\/e.kosmolat.eu\/lv\/wp-json\/wp\/v2\/types\/product"}],"wp:featuredmedia":[{"embeddable":true,"href":"https:\/\/e.kosmolat.eu\/lv\/wp-json\/wp\/v2\/media\/105652"}],"wp:attachment":[{"href":"https:\/\/e.kosmolat.eu\/lv\/wp-json\/wp\/v2\/media?parent=105648"}],"wp:term":[{"taxonomy":"product_cat","embeddable":true,"href":"https:\/\/e.kosmolat.eu\/lv\/wp-json\/wp\/v2\/product_cat?post=105648"},{"taxonomy":"product_tag","embeddable":true,"href":"https:\/\/e.kosmolat.eu\/lv\/wp-json\/wp\/v2\/product_tag?post=105648"}],"curies":[{"name":"wp","href":"https:\/\/api.w.org\/{rel}","templated":true}]}}