{"id":105640,"date":"2026-04-09T16:52:26","date_gmt":"2026-04-09T16:52:26","guid":{"rendered":"https:\/\/e.kosmolat.eu\/product\/revers-stiprin-nagu-lakas-virskarta-ar-salona-ef-maxi-gel-10-ml\/"},"modified":"2026-04-09T16:52:39","modified_gmt":"2026-04-09T16:52:39","slug":"revers-stiprin-nagu-lakas-virskarta-ar-salona-ef-maxi-gel-10-ml","status":"publish","type":"product","link":"https:\/\/e.kosmolat.eu\/lv\/product\/revers-stiprin-nagu-lakas-virskarta-ar-salona-ef-maxi-gel-10-ml\/","title":{"rendered":"Revers Stiprin. nagu lakas virsk\u0101rta ar salona ef. Maxi Gel, 10 ml"},"content":{"rendered":"<p>Maksim\u0101ls sp\u012bdums un \u012bpa\u0161a notur\u012bba. Ar UV filtru.<\/p>\n<p>\u2022 G\u0113la nagu efekts<br \/>\n\u2022 Gluds, sp\u012bd\u012bgs p\u0101rkl\u0101jums<br \/>\n\u2022 Manik\u012brs, iztur\u012bgs pret \u0161\u0137emb\u0101m<br \/>\n\u2022 \u0100tri no\u017e\u016bst<br \/>\n\u2022 Stipri nagi, iztur\u012bgi pret boj\u0101jumiem<br \/>\n\u2022 Sp\u012bd\u012bgs un ilgnotur\u012bgs manik\u012brs bez UV lampas<br \/>\n\u2022 Pagarina nagu lakas notur\u012bbu<\/p>\n<p>Inovat\u012bv\u0101 l\u012bdzek\u013ca formula ar plumping-efektu pie\u0161\u0137ir nagiem papildu apjomu. Unik\u0101l\u0101 formula stiprina nagu pl\u0101tni un veido aizsarg\u0101jo\u0161u sp\u012bd\u012bgu sl\u0101ni, kas nov\u0113r\u0161 lakas nodilumu, \u0161\u0137embas un sp\u012bduma zudumu. Nodro\u0161ina izcilu sp\u012bdumu un pagarina nagu lakas notur\u012bbu l\u012bdz pat tr\u012bs reiz\u0113m. Garant\u0113 g\u0113la manik\u012bra efektu bez UV lampas izmanto\u0161anas. Nagi k\u013c\u016bst ide\u0101li gludi un sp\u012bd\u012bgi. Pateicoties UV filtram, formula efekt\u012bvi aizsarg\u0101 nagu pl\u0101tni no neest\u0113tiskas dzelten\u0113\u0161anas un kr\u0101sas izbal\u0113\u0161anas.<\/p>\n<p>Lieto\u0161ana: Uzkl\u0101t vienu vai ne vair\u0101k k\u0101 divus pl\u0101nus virsk\u0101rtas sl\u0101\u0146us uz piln\u012bb\u0101 no\u017euvu\u0161as nagu lakas. L\u012bdzeklis ir \u013coti ekonomisks \u2014 pietiek ar nelielu daudzumu, lai p\u0101rkl\u0101tu visu nagu pl\u0101tni. L\u012bdzekli var lietot ar\u012b tie\u0161i uz att\u012br\u012btas nagu pl\u0101tnes. Tas aizsarg\u0101 nagus no kait\u012bgiem \u0101r\u0113jiem faktoriem, sadz\u012bves \u0137\u012bmijas un meh\u0101niskiem boj\u0101jumiem. Nagi k\u013c\u016bst stipr\u0101ki un vesel\u012bg\u0101ki.<\/p>\n","protected":false},"excerpt":{"rendered":"<p>Maksim\u0101ls sp\u012bdums un \u012bpa\u0161a notur\u012bba. Ar UV filtru. \u2022 G\u0113la nagu efekts \u2022 Gluds, sp\u012bd\u012bgs p\u0101rkl\u0101jums \u2022 Manik\u012brs, iztur\u012bgs pret \u0161\u0137emb\u0101m \u2022 \u0100tri no\u017e\u016bst \u2022 Stipri nagi, iztur\u012bgi pret boj\u0101jumiem \u2022 Sp\u012bd\u012bgs un ilgnotur\u012bgs manik\u012brs bez UV lampas \u2022 Pagarina nagu lakas notur\u012bbu Inovat\u012bv\u0101 l\u012bdzek\u013ca formula ar plumping-efektu pie\u0161\u0137ir nagiem papildu apjomu. Unik\u0101l\u0101 formula stiprina [&#8230;]\n","protected":false},"featured_media":105644,"template":"","meta":[],"product_cat":[1743],"product_tag":[],"class_list":{"0":"post-105640","1":"product","2":"type-product","3":"status-publish","4":"has-post-thumbnail","6":"product_brand-revers-cosmetics_pl","7":"product_cat-nagu-kopsana-roku-kopsana","9":"first","10":"instock","11":"taxable","12":"shipping-taxable","13":"product-type-simple"},"_links":{"self":[{"href":"https:\/\/e.kosmolat.eu\/lv\/wp-json\/wp\/v2\/product\/105640","targetHints":{"allow":["GET"]}}],"collection":[{"href":"https:\/\/e.kosmolat.eu\/lv\/wp-json\/wp\/v2\/product"}],"about":[{"href":"https:\/\/e.kosmolat.eu\/lv\/wp-json\/wp\/v2\/types\/product"}],"wp:featuredmedia":[{"embeddable":true,"href":"https:\/\/e.kosmolat.eu\/lv\/wp-json\/wp\/v2\/media\/105644"}],"wp:attachment":[{"href":"https:\/\/e.kosmolat.eu\/lv\/wp-json\/wp\/v2\/media?parent=105640"}],"wp:term":[{"taxonomy":"product_cat","embeddable":true,"href":"https:\/\/e.kosmolat.eu\/lv\/wp-json\/wp\/v2\/product_cat?post=105640"},{"taxonomy":"product_tag","embeddable":true,"href":"https:\/\/e.kosmolat.eu\/lv\/wp-json\/wp\/v2\/product_tag?post=105640"}],"curies":[{"name":"wp","href":"https:\/\/api.w.org\/{rel}","templated":true}]}}