{"id":105632,"date":"2026-04-09T16:52:09","date_gmt":"2026-04-09T16:52:09","guid":{"rendered":"https:\/\/e.kosmolat.eu\/product\/revers-prof-lidz-kutikulas-nonems-goodbye-cuticles-10-ml\/"},"modified":"2026-04-09T16:52:20","modified_gmt":"2026-04-09T16:52:20","slug":"revers-prof-lidz-kutikulas-nonems-goodbye-cuticles-10-ml","status":"publish","type":"product","link":"https:\/\/e.kosmolat.eu\/lv\/product\/revers-prof-lidz-kutikulas-nonems-goodbye-cuticles-10-ml\/","title":{"rendered":"Revers Prof. l\u012bdz. kutikulas no\u0146em\u0161. Goodbye Cuticles, 10 ml"},"content":{"rendered":"<p>Maigas un koptas kutikulas. Profesion\u0101ls l\u012bdzeklis \u0101trai un dro\u0161ai sausu, sabiez\u0113ju\u0161u un p\u0101raugu\u0161u kutikulu no\u0146em\u0161anai ap nagiem. M\u016bsdien\u012bga m\u012bkstino\u0161a formula nov\u0113r\u0161 atskabargu veido\u0161anos, plais\u0101\u0161anu un kutikulu ieaug\u0161anu uz nagu pl\u0101tnes. G\u0113la konsistencei piem\u012bt mitrino\u0161as \u012bpa\u0161\u012bbas, t\u0101d\u0113\u013c l\u012bdzeklis ir dro\u0161s nagu pl\u0101tnei. Prec\u012bza oti\u0146a atvieglo uzkl\u0101\u0161anu \u2014 pietiek ar vienu kust\u012bbu.<\/p>\n<p>Lieto\u0161ana: Ar oti\u0146as pal\u012bdz\u012bbu uzkl\u0101jiet g\u0113lu uz kutikul\u0101m un atst\u0101jiet uz 30 sekund\u0113m, p\u0113c tam maigi atb\u012bdiet t\u0101s ar koci\u0146u. P\u0113c proced\u016bras r\u016bp\u012bgi nomazg\u0101jiet rokas. Lai uztur\u0113tu efektu, atk\u0101rtojiet proced\u016bru vismaz reizi ned\u0113\u013c\u0101 vai p\u0113c nepiecie\u0161am\u012bbas.<\/p>\n","protected":false},"excerpt":{"rendered":"<p>Maigas un koptas kutikulas. Profesion\u0101ls l\u012bdzeklis \u0101trai un dro\u0161ai sausu, sabiez\u0113ju\u0161u un p\u0101raugu\u0161u kutikulu no\u0146em\u0161anai ap nagiem. M\u016bsdien\u012bga m\u012bkstino\u0161a formula nov\u0113r\u0161 atskabargu veido\u0161anos, plais\u0101\u0161anu un kutikulu ieaug\u0161anu uz nagu pl\u0101tnes. G\u0113la konsistencei piem\u012bt mitrino\u0161as \u012bpa\u0161\u012bbas, t\u0101d\u0113\u013c l\u012bdzeklis ir dro\u0161s nagu pl\u0101tnei. Prec\u012bza oti\u0146a atvieglo uzkl\u0101\u0161anu \u2014 pietiek ar vienu kust\u012bbu. Lieto\u0161ana: Ar oti\u0146as pal\u012bdz\u012bbu uzkl\u0101jiet [&#8230;]\n","protected":false},"featured_media":105636,"template":"","meta":[],"product_cat":[1515],"product_tag":[],"class_list":{"0":"post-105632","1":"product","2":"type-product","3":"status-publish","4":"has-post-thumbnail","6":"product_brand-revers-cosmetics_pl","7":"product_cat-nagu-lakas","9":"first","10":"instock","11":"taxable","12":"shipping-taxable","13":"product-type-simple"},"_links":{"self":[{"href":"https:\/\/e.kosmolat.eu\/lv\/wp-json\/wp\/v2\/product\/105632","targetHints":{"allow":["GET"]}}],"collection":[{"href":"https:\/\/e.kosmolat.eu\/lv\/wp-json\/wp\/v2\/product"}],"about":[{"href":"https:\/\/e.kosmolat.eu\/lv\/wp-json\/wp\/v2\/types\/product"}],"wp:featuredmedia":[{"embeddable":true,"href":"https:\/\/e.kosmolat.eu\/lv\/wp-json\/wp\/v2\/media\/105636"}],"wp:attachment":[{"href":"https:\/\/e.kosmolat.eu\/lv\/wp-json\/wp\/v2\/media?parent=105632"}],"wp:term":[{"taxonomy":"product_cat","embeddable":true,"href":"https:\/\/e.kosmolat.eu\/lv\/wp-json\/wp\/v2\/product_cat?post=105632"},{"taxonomy":"product_tag","embeddable":true,"href":"https:\/\/e.kosmolat.eu\/lv\/wp-json\/wp\/v2\/product_tag?post=105632"}],"curies":[{"name":"wp","href":"https:\/\/api.w.org\/{rel}","templated":true}]}}