{"id":105624,"date":"2026-04-09T16:51:51","date_gmt":"2026-04-09T16:51:51","guid":{"rendered":"https:\/\/e.kosmolat.eu\/product\/revers-2in1-nagu-lak-baze-un-virsk-easy-to-go-10-ml\/"},"modified":"2026-04-09T16:52:03","modified_gmt":"2026-04-09T16:52:03","slug":"revers-2in1-nagu-lak-baze-un-virsk-easy-to-go-10-ml","status":"publish","type":"product","link":"https:\/\/e.kosmolat.eu\/lv\/product\/revers-2in1-nagu-lak-baze-un-virsk-easy-to-go-10-ml\/","title":{"rendered":"Revers 2in1 Nagu lak. b\u0101ze un virsk. Easy to Go, 10 ml"},"content":{"rendered":"<p>Nagu laka ar UV filtru apvieno b\u0101zes p\u0101rkl\u0101juma un aizsarg\u0101jo\u0161as virsk\u0101rtas \u012bpa\u0161\u012bbas un nodro\u0161ina sp\u012bd\u012bgu efektu. EASY TO GO 2 in 1 nodro\u0161ina g\u0113la efektu un ilgnotur\u012bgu manik\u012bru. Produktam ir \u0101tri \u017e\u016bsto\u0161a formula, kas aizpilda nagu pl\u0101tnes nel\u012bdzenumus un pasarg\u0101 to no iekr\u0101so\u0161an\u0101s. T\u0101 izl\u012bdzina nagu virsmu, nodro\u0161inot vienm\u0113r\u012bgu kr\u0101sas uzkl\u0101\u0161anu. Nagi k\u013c\u016bst iztur\u012bg\u0101ki pret skr\u0101p\u0113jumiem un \u0161\u0137el\u0161anos, bet lakas notur\u012bba iev\u0113rojami palielin\u0101s.<\/p>\n<p>Lieto\u0161ana k\u0101 b\u0101ze: Uzkl\u0101t vienu k\u0101rtu uz att\u012br\u012btas nagu pl\u0101tnes. P\u0113c no\u017e\u016b\u0161anas uzkl\u0101t iecien\u012bto kr\u0101saino nagu laku.<\/p>\n<p>Lieto\u0161ana k\u0101 virsk\u0101rta: Uzkl\u0101t vienu k\u0101rtu uz no\u017euvu\u0161as nagu lakas.<\/p>\n","protected":false},"excerpt":{"rendered":"<p>Nagu laka ar UV filtru apvieno b\u0101zes p\u0101rkl\u0101juma un aizsarg\u0101jo\u0161as virsk\u0101rtas \u012bpa\u0161\u012bbas un nodro\u0161ina sp\u012bd\u012bgu efektu. EASY TO GO 2 in 1 nodro\u0161ina g\u0113la efektu un ilgnotur\u012bgu manik\u012bru. Produktam ir \u0101tri \u017e\u016bsto\u0161a formula, kas aizpilda nagu pl\u0101tnes nel\u012bdzenumus un pasarg\u0101 to no iekr\u0101so\u0161an\u0101s. T\u0101 izl\u012bdzina nagu virsmu, nodro\u0161inot vienm\u0113r\u012bgu kr\u0101sas uzkl\u0101\u0161anu. Nagi k\u013c\u016bst iztur\u012bg\u0101ki pret [&#8230;]\n","protected":false},"featured_media":105628,"template":"","meta":[],"product_cat":[1743],"product_tag":[],"class_list":{"0":"post-105624","1":"product","2":"type-product","3":"status-publish","4":"has-post-thumbnail","6":"product_brand-revers-cosmetics_pl","7":"product_cat-nagu-kopsana-roku-kopsana","9":"first","10":"instock","11":"taxable","12":"shipping-taxable","13":"product-type-simple"},"_links":{"self":[{"href":"https:\/\/e.kosmolat.eu\/lv\/wp-json\/wp\/v2\/product\/105624","targetHints":{"allow":["GET"]}}],"collection":[{"href":"https:\/\/e.kosmolat.eu\/lv\/wp-json\/wp\/v2\/product"}],"about":[{"href":"https:\/\/e.kosmolat.eu\/lv\/wp-json\/wp\/v2\/types\/product"}],"wp:featuredmedia":[{"embeddable":true,"href":"https:\/\/e.kosmolat.eu\/lv\/wp-json\/wp\/v2\/media\/105628"}],"wp:attachment":[{"href":"https:\/\/e.kosmolat.eu\/lv\/wp-json\/wp\/v2\/media?parent=105624"}],"wp:term":[{"taxonomy":"product_cat","embeddable":true,"href":"https:\/\/e.kosmolat.eu\/lv\/wp-json\/wp\/v2\/product_cat?post=105624"},{"taxonomy":"product_tag","embeddable":true,"href":"https:\/\/e.kosmolat.eu\/lv\/wp-json\/wp\/v2\/product_tag?post=105624"}],"curies":[{"name":"wp","href":"https:\/\/api.w.org\/{rel}","templated":true}]}}