{"id":105616,"date":"2026-04-09T16:51:34","date_gmt":"2026-04-09T16:51:34","guid":{"rendered":"https:\/\/e.kosmolat.eu\/product\/revers-stipr-nagu-serums-ar-mikrodimant-diamond-power-10-ml\/"},"modified":"2026-04-09T16:51:45","modified_gmt":"2026-04-09T16:51:45","slug":"revers-stipr-nagu-serums-ar-mikrodimant-diamond-power-10-ml","status":"publish","type":"product","link":"https:\/\/e.kosmolat.eu\/lv\/product\/revers-stipr-nagu-serums-ar-mikrodimant-diamond-power-10-ml\/","title":{"rendered":"Revers Stipr. nagu serums ar mikrodimant. Diamond Power, 10 ml"},"content":{"rendered":"<p>STOP trausliem un mat\u0113tiem nagiem. Stipri nagi ar dimanta sp\u012bdumu. Inovat\u012bvs nagu stiprino\u0161s serums ar mikrodimantiem. M\u016bsdien\u012bg\u0101 formula veido cietu, pret boj\u0101jumiem iztur\u012bgu un \u012bpa\u0161i sp\u012bd\u012bgu p\u0101rkl\u0101jumu uz nagu virsmas. T\u0101 acumirkl\u012b uzlabo nagu izskatu un st\u0101vokli, padarot tos vizu\u0101li vesel\u012bg\u0101kus. Aizsarg\u0101 trauslus nagus no l\u016b\u0161anas, plais\u0101\u0161anas un sl\u0101\u0146o\u0161an\u0101s, pie\u0161\u0137irot tiem unik\u0101lu dimanta sp\u012bdumu.<\/p>\n<p>Lieto\u0161ana: Uzkl\u0101t vienu seruma k\u0101rtu uz att\u012br\u012btas nagu pl\u0101tnes. N\u0101kamaj\u0101 dien\u0101 uzkl\u0101t otro k\u0101rtu. Tre\u0161aj\u0101 dien\u0101 no\u0146emt visas k\u0101rtas un atk\u0101rtot procesu. Lietot regul\u0101ri divu ned\u0113\u013cu garum\u0101, p\u0113c tam veikt viena m\u0113ne\u0161a p\u0101rtraukumu. Serumu var izmantot ar\u012b k\u0101 b\u0101zi zem iecien\u012bt\u0101s nagu lakas.<\/p>\n","protected":false},"excerpt":{"rendered":"<p>STOP trausliem un mat\u0113tiem nagiem. Stipri nagi ar dimanta sp\u012bdumu. Inovat\u012bvs nagu stiprino\u0161s serums ar mikrodimantiem. M\u016bsdien\u012bg\u0101 formula veido cietu, pret boj\u0101jumiem iztur\u012bgu un \u012bpa\u0161i sp\u012bd\u012bgu p\u0101rkl\u0101jumu uz nagu virsmas. T\u0101 acumirkl\u012b uzlabo nagu izskatu un st\u0101vokli, padarot tos vizu\u0101li vesel\u012bg\u0101kus. Aizsarg\u0101 trauslus nagus no l\u016b\u0161anas, plais\u0101\u0161anas un sl\u0101\u0146o\u0161an\u0101s, pie\u0161\u0137irot tiem unik\u0101lu dimanta sp\u012bdumu. Lieto\u0161ana: [&#8230;]\n","protected":false},"featured_media":105620,"template":"","meta":[],"product_cat":[1743],"product_tag":[],"class_list":{"0":"post-105616","1":"product","2":"type-product","3":"status-publish","4":"has-post-thumbnail","6":"product_brand-revers-cosmetics_pl","7":"product_cat-nagu-kopsana-roku-kopsana","9":"first","10":"instock","11":"taxable","12":"shipping-taxable","13":"product-type-simple"},"_links":{"self":[{"href":"https:\/\/e.kosmolat.eu\/lv\/wp-json\/wp\/v2\/product\/105616","targetHints":{"allow":["GET"]}}],"collection":[{"href":"https:\/\/e.kosmolat.eu\/lv\/wp-json\/wp\/v2\/product"}],"about":[{"href":"https:\/\/e.kosmolat.eu\/lv\/wp-json\/wp\/v2\/types\/product"}],"wp:featuredmedia":[{"embeddable":true,"href":"https:\/\/e.kosmolat.eu\/lv\/wp-json\/wp\/v2\/media\/105620"}],"wp:attachment":[{"href":"https:\/\/e.kosmolat.eu\/lv\/wp-json\/wp\/v2\/media?parent=105616"}],"wp:term":[{"taxonomy":"product_cat","embeddable":true,"href":"https:\/\/e.kosmolat.eu\/lv\/wp-json\/wp\/v2\/product_cat?post=105616"},{"taxonomy":"product_tag","embeddable":true,"href":"https:\/\/e.kosmolat.eu\/lv\/wp-json\/wp\/v2\/product_tag?post=105616"}],"curies":[{"name":"wp","href":"https:\/\/api.w.org\/{rel}","templated":true}]}}