{"id":105608,"date":"2026-04-09T16:51:18","date_gmt":"2026-04-09T16:51:18","guid":{"rendered":"https:\/\/e.kosmolat.eu\/product\/revers-uzacu-henna-oh-my-br-1-1-grafits-ar-arg-ellu-un-ricinel-15-ml-15-ml\/"},"modified":"2026-04-09T16:51:30","modified_gmt":"2026-04-09T16:51:30","slug":"revers-uzacu-henna-oh-my-br-1-1-grafits-ar-arg-ellu-un-ricinel-15-ml-15-ml","status":"publish","type":"product","link":"https:\/\/e.kosmolat.eu\/lv\/product\/revers-uzacu-henna-oh-my-br-1-1-grafits-ar-arg-ellu-un-ricinel-15-ml-15-ml\/","title":{"rendered":"Revers Uzacu henna Oh! My Br. 1.1 graf\u012bts ar arg. e\u013clu un r\u012bcine\u013c., 15 ml\/ 15 ml"},"content":{"rendered":"<p>TIKAI PROFESION\u0100LAI LIETO\u0160ANAI.<\/p>\n<p>IEPAKOJUM\u0100:<br \/>\n\u2022 15 ml t\u016bbi\u0146a ar kr\u0101sojo\u0161o kr\u0113mu;<br \/>\n\u2022 15 ml flakons ar 3% aktivatoru;<br \/>\n\u2022 Aplikators ar \u0137emm\u012bti;<br \/>\n\u2022 Trauci\u0146\u0161 sajauk\u0161anai.<\/p>\n<p>SVAR\u012aGI NOR\u0100D\u012aJUMI UN BR\u012aDIN\u0100JUMI:<br \/>\n\u0100das aler\u0123ijas tests oblig\u0101ti j\u0101veic 48 stundas pirms katras produkta lieto\u0161anas reizes. Satur \u016bde\u0146ra\u017ea peroks\u012bdu, fenil\u0113ndiam\u012bnus, fenil\u0113ndiam\u012bnus (tolu\u0113ndiam\u012bnus), rezorc\u012bnu. Uzacu kr\u0101sas var izrais\u012bt nopietnas aler\u0123iskas reakcijas. Izlas\u012bt un iev\u0113rot nor\u0101d\u012bjumus. \u0160is l\u012bdzeklis nav paredz\u0113ts person\u0101m, kas jaun\u0101kas par 16 gadiem. Pagaidu tetov\u0113jumi ar \u201cmeln\u0101s hennas\u201d kr\u0101svielu var palielin\u0101t aler\u0123ijas risku. \u201cMeln\u0101s hennas\u201d tetov\u0113jumi, kas nav permanenti, var paaugstin\u0101t aler\u0123ijas risku.<\/p>\n<p>NEKR\u0100SOJIET UZACIS, JA:<br \/>\n\u2013 Uz sejas ir izsitumi vai \u0101da ir jut\u012bfga, kairin\u0101ta vai boj\u0101ta;<br \/>\n\u2013 P\u0113c uzacu kr\u0101so\u0161anas ir bijusi k\u0101da reakcija;<br \/>\n\u2013 Agr\u0101k ir bijusi reakcija uz meln\u0101s hennas tetov\u0113jumu, kas nav notur\u012bgs.<br \/>\n\u0160\u0101dos gad\u012bjumos pirms uzacu kr\u0101so\u0161anas konsult\u0113jieties ar \u0101rstu.<\/p>\n<p>Izvairieties no produkta iek\u013c\u016b\u0161anas ac\u012bs. Ja tas nok\u013c\u016bst ac\u012bs, nekav\u0113joties izskalojiet t\u0101s. Mais\u012bjums j\u0101izlieto t\u016bl\u012bt p\u0113c pagatavo\u0161anas. UZGLAB\u0100T B\u0112RNIEM NEPIEEJAM\u0100 VIET\u0100. IZLASIET UN IEV\u0112ROJIET IEPAKOJUM\u0100 IEK\u013bAUTO INSTRUKCIJU.<\/p>\n<p>LIETO\u0160ANAS INSTRUKCIJA:<br \/>\n1. Izspiediet nelielu daudzumu (apm\u0113ram 1 cm) kr\u0113ma no t\u016bbi\u0146as trauci\u0146\u0101.<br \/>\n2. Sajauciet kr\u0113mu un aktivatoru proporcij\u0101 1:1.<br \/>\n3. Samaisiet ar l\u0101psti\u0146u, l\u012bdz ieg\u016bta viendab\u012bga, kr\u0113m\u012bga masa.<br \/>\n4. Aizsarg\u0101jiet \u0101du ap uzac\u012bm ar taukainu kr\u0113mu.<br \/>\n5. Uzkl\u0101jiet kr\u0101su uz uzac\u012bm ar aplikatoru.<br \/>\n6. Atst\u0101jiet iedarboties 10\u201315 min\u016btes.<br \/>\n7. Noskalojiet kr\u0101su ar siltu \u016bdeni, uzmanoties, lai mais\u012bjums nenok\u013c\u016btu ac\u012bs. Proced\u016bras beig\u0101s pie\u0161\u0137iriet uzac\u012bm formu un uzkl\u0101jiet mitrino\u0161u kr\u0113mu.<\/p>\n<p>Uzglab\u0101t temperat\u016br\u0101 no +5 \u00b0C l\u012bdz +25 \u00b0C.<\/p>\n","protected":false},"excerpt":{"rendered":"<p>TIKAI PROFESION\u0100LAI LIETO\u0160ANAI. IEPAKOJUM\u0100: \u2022 15 ml t\u016bbi\u0146a ar kr\u0101sojo\u0161o kr\u0113mu; \u2022 15 ml flakons ar 3% aktivatoru; \u2022 Aplikators ar \u0137emm\u012bti; \u2022 Trauci\u0146\u0161 sajauk\u0161anai. SVAR\u012aGI NOR\u0100D\u012aJUMI UN BR\u012aDIN\u0100JUMI: \u0100das aler\u0123ijas tests oblig\u0101ti j\u0101veic 48 stundas pirms katras produkta lieto\u0161anas reizes. Satur \u016bde\u0146ra\u017ea peroks\u012bdu, fenil\u0113ndiam\u012bnus, fenil\u0113ndiam\u012bnus (tolu\u0113ndiam\u012bnus), rezorc\u012bnu. Uzacu kr\u0101sas var izrais\u012bt nopietnas aler\u0123iskas reakcijas. [&#8230;]\n","protected":false},"featured_media":105612,"template":"","meta":[],"product_cat":[1664],"product_tag":[],"class_list":{"0":"post-105608","1":"product","2":"type-product","3":"status-publish","4":"has-post-thumbnail","6":"product_brand-revers-cosmetics_pl","7":"product_cat-uzacu-un-skropstu-krasas","9":"first","10":"instock","11":"taxable","12":"shipping-taxable","13":"product-type-simple"},"_links":{"self":[{"href":"https:\/\/e.kosmolat.eu\/lv\/wp-json\/wp\/v2\/product\/105608","targetHints":{"allow":["GET"]}}],"collection":[{"href":"https:\/\/e.kosmolat.eu\/lv\/wp-json\/wp\/v2\/product"}],"about":[{"href":"https:\/\/e.kosmolat.eu\/lv\/wp-json\/wp\/v2\/types\/product"}],"wp:featuredmedia":[{"embeddable":true,"href":"https:\/\/e.kosmolat.eu\/lv\/wp-json\/wp\/v2\/media\/105612"}],"wp:attachment":[{"href":"https:\/\/e.kosmolat.eu\/lv\/wp-json\/wp\/v2\/media?parent=105608"}],"wp:term":[{"taxonomy":"product_cat","embeddable":true,"href":"https:\/\/e.kosmolat.eu\/lv\/wp-json\/wp\/v2\/product_cat?post=105608"},{"taxonomy":"product_tag","embeddable":true,"href":"https:\/\/e.kosmolat.eu\/lv\/wp-json\/wp\/v2\/product_tag?post=105608"}],"curies":[{"name":"wp","href":"https:\/\/api.w.org\/{rel}","templated":true}]}}