{"id":105508,"date":"2026-04-09T16:34:27","date_gmt":"2026-04-09T16:34:27","guid":{"rendered":"https:\/\/e.kosmolat.eu\/product\/princessa-smarzudens-vanilas-fantazija-75ml\/"},"modified":"2026-04-13T14:22:36","modified_gmt":"2026-04-13T14:22:36","slug":"princessa-smarzudens-vanilas-fantazija-75ml","status":"publish","type":"product","link":"https:\/\/e.kosmolat.eu\/lv\/product\/princessa-smarzudens-vanilas-fantazija-75ml\/","title":{"rendered":"PRINCESSA Smar\u017e\u016bdens Vani\u013cas fant\u0101zija, 75ml"},"content":{"rendered":"<p>Princeses arom\u0101tisk\u0101 pasaule! Smar\u017e\u016bdens ir izstr\u0101d\u0101ts speci\u0101li maz\u0101m modes cien\u012bt\u0101j\u0101m! Lieto\u0161ana: izsmidzin\u0101t smar\u017e\u016bdeni uz roku \u0101das un matiem. B\u0113rniem no 3 gadu vecuma. Lietot pieaugu\u0161o uzraudz\u012bb\u0101.<\/p>\n","protected":false},"excerpt":{"rendered":"<p>Princeses arom\u0101tisk\u0101 pasaule! Smar\u017e\u016bdens ir izstr\u0101d\u0101ts speci\u0101li maz\u0101m modes cien\u012bt\u0101j\u0101m! Lieto\u0161ana: izsmidzin\u0101t smar\u017e\u016bdeni uz roku \u0101das un matiem. B\u0113rniem no 3 gadu vecuma. Lietot pieaugu\u0161o uzraudz\u012bb\u0101.<\/p>\n","protected":false},"featured_media":105512,"template":"","meta":[],"product_cat":[1363],"product_tag":[],"class_list":{"0":"post-105508","1":"product","2":"type-product","3":"status-publish","4":"has-post-thumbnail","6":"product_brand-sale","7":"product_cat-kuno-prieziuros-kosmetika","9":"first","10":"instock","11":"taxable","12":"shipping-taxable","13":"product-type-simple"},"_links":{"self":[{"href":"https:\/\/e.kosmolat.eu\/lv\/wp-json\/wp\/v2\/product\/105508","targetHints":{"allow":["GET"]}}],"collection":[{"href":"https:\/\/e.kosmolat.eu\/lv\/wp-json\/wp\/v2\/product"}],"about":[{"href":"https:\/\/e.kosmolat.eu\/lv\/wp-json\/wp\/v2\/types\/product"}],"wp:featuredmedia":[{"embeddable":true,"href":"https:\/\/e.kosmolat.eu\/lv\/wp-json\/wp\/v2\/media\/105512"}],"wp:attachment":[{"href":"https:\/\/e.kosmolat.eu\/lv\/wp-json\/wp\/v2\/media?parent=105508"}],"wp:term":[{"taxonomy":"product_cat","embeddable":true,"href":"https:\/\/e.kosmolat.eu\/lv\/wp-json\/wp\/v2\/product_cat?post=105508"},{"taxonomy":"product_tag","embeddable":true,"href":"https:\/\/e.kosmolat.eu\/lv\/wp-json\/wp\/v2\/product_tag?post=105508"}],"curies":[{"name":"wp","href":"https:\/\/api.w.org\/{rel}","templated":true}]}}