{"id":105500,"date":"2026-04-09T16:34:10","date_gmt":"2026-04-09T16:34:10","guid":{"rendered":"https:\/\/e.kosmolat.eu\/product\/lady-cotton-kosmetiskie-vates-diski-15025-gab\/"},"modified":"2026-04-09T16:34:22","modified_gmt":"2026-04-09T16:34:22","slug":"lady-cotton-kosmetiskie-vates-diski-15025-gab","status":"publish","type":"product","link":"https:\/\/e.kosmolat.eu\/lv\/product\/lady-cotton-kosmetiskie-vates-diski-15025-gab\/","title":{"rendered":"&#8220;Lady Cotton&#8221; Kosm\u0113tiskie vates diski, 150+25 gab."},"content":{"rendered":"<p>Paredz\u0113ti kosm\u0113tisk\u0101m un higi\u0113nisk\u0101m proced\u016br\u0101m.\n<\/p>\n<h4>\nLieto\u0161ana:\u00a0\u00a0<br \/>\n<\/h4>\n<p>\niz\u0146emiet disku no iepakojuma, lietojiet to p\u0113c nor\u0101d\u012bjuma.\u00a0<\/p>\n","protected":false},"excerpt":{"rendered":"<p>Paredz\u0113ti kosm\u0113tisk\u0101m un higi\u0113nisk\u0101m proced\u016br\u0101m. Lieto\u0161ana:\u00a0\u00a0 iz\u0146emiet disku no iepakojuma, lietojiet to p\u0113c nor\u0101d\u012bjuma.\u00a0<\/p>\n","protected":false},"featured_media":105504,"template":"","meta":[],"product_cat":[1812],"product_tag":[],"class_list":{"0":"post-105500","1":"product","2":"type-product","3":"status-publish","4":"has-post-thumbnail","6":"product_brand-biosphere-corporation_ua","7":"product_cat-vatos-produktai","9":"first","10":"instock","11":"taxable","12":"shipping-taxable","13":"product-type-simple"},"_links":{"self":[{"href":"https:\/\/e.kosmolat.eu\/lv\/wp-json\/wp\/v2\/product\/105500","targetHints":{"allow":["GET"]}}],"collection":[{"href":"https:\/\/e.kosmolat.eu\/lv\/wp-json\/wp\/v2\/product"}],"about":[{"href":"https:\/\/e.kosmolat.eu\/lv\/wp-json\/wp\/v2\/types\/product"}],"wp:featuredmedia":[{"embeddable":true,"href":"https:\/\/e.kosmolat.eu\/lv\/wp-json\/wp\/v2\/media\/105504"}],"wp:attachment":[{"href":"https:\/\/e.kosmolat.eu\/lv\/wp-json\/wp\/v2\/media?parent=105500"}],"wp:term":[{"taxonomy":"product_cat","embeddable":true,"href":"https:\/\/e.kosmolat.eu\/lv\/wp-json\/wp\/v2\/product_cat?post=105500"},{"taxonomy":"product_tag","embeddable":true,"href":"https:\/\/e.kosmolat.eu\/lv\/wp-json\/wp\/v2\/product_tag?post=105500"}],"curies":[{"name":"wp","href":"https:\/\/api.w.org\/{rel}","templated":true}]}}