{"id":105488,"date":"2026-04-09T16:33:03","date_gmt":"2026-04-09T16:33:03","guid":{"rendered":"https:\/\/e.kosmolat.eu\/product\/elskin-barojosa-sejas-maska-piena-proteini-1-gab-15-g\/"},"modified":"2026-04-09T16:33:16","modified_gmt":"2026-04-09T16:33:16","slug":"elskin-barojosa-sejas-maska-piena-proteini-1-gab-15-g","status":"publish","type":"product","link":"https:\/\/e.kosmolat.eu\/lv\/product\/elskin-barojosa-sejas-maska-piena-proteini-1-gab-15-g\/","title":{"rendered":"El\u2019Skin Barojo\u0161a sejas maska Piena prote\u012bni, 1 gab. \/ 15 g"},"content":{"rendered":"<p>Sejas maska ar piena prote\u012bniem ir paredz\u0113ta intens\u012bvai \u0101das kop\u0161anai. Piem\u0113rota visiem \u0101das tipiem, \u012bpa\u0161i sausai \u0101dai. Piena prote\u012bni dzi\u013ci baro \u0101du, izl\u012bdzina reljefu, nov\u0113r\u0161 \u0101das nepiln\u012bbas un lob\u012b\u0161anos, izgaismo \u0101das toni. Pateicoties pl\u0101nai tekst\u016brai, kas nodro\u0161ina cie\u0161u piegul\u0161anu, un augstajai akt\u012bvo sast\u0101vda\u013cu koncentr\u0101cijai, maska pal\u012bdz stiprin\u0101t un mitrin\u0101t dehidr\u0113tu \u0101du, veicina s\u012bko grumbi\u0146u izl\u012bdzin\u0101\u0161anos un pie\u0161\u0137ir vesel\u012bgu mirdzumu. Maska iedves\u012bs jaunu dz\u012bv\u012bbu bl\u0101vai, noguru\u0161ai \u0101dai, nov\u0113rs\u012bs stresa paz\u012bmes un pal\u012bdz\u0113s ilgsto\u0161i saglab\u0101t \u0101das svaigumu un jaun\u012bbu!<\/p>\n<p>Lieto\u0161ana: Pirms lieto\u0161anas masku var atv\u0113sin\u0101t, ievietojot to ledusskap\u012b vismaz uz 2 stund\u0101m, vai ar\u012b viegli uzsild\u012bt, ievietojot iepakojumu silt\u0101 \u016bden\u012b. Abos gad\u012bjumos maskas efekts pastiprin\u0101sies.<br \/>\n1. Atveriet iepakojumu un iz\u0146emiet masku.<br \/>\n2. Akur\u0101ti uzkl\u0101jiet to uz sejas un izl\u012bdziniet ar pirkstiem. Atst\u0101jiet iedarboties 15\u201320 min\u016btes.<br \/>\n3. P\u0113c tam no\u0146emiet masku, bet p\u0101rpalikumus maigi iemas\u0113jiet \u0101d\u0101 ar viegl\u0101m plaukst\u0113jo\u0161\u0101m kust\u012bb\u0101m. Nenomazg\u0101t!<br \/>\nLietojiet masku 2-3 reizes ned\u0113\u013c\u0101 vai pirms izie\u0161anas no m\u0101j\u0101m. <\/p>\n<p>Piesardz\u012bbas pas\u0101kumi:<br \/>\n1. Izvair\u012bties no lieto\u0161anas uz boj\u0101tas, kairin\u0101tas vai saul\u0113 apdegu\u0161as \u0101das.<br \/>\n2. Nelietot produktu, ja ir jut\u012bba pret k\u0101du no sast\u0101vda\u013c\u0101m. Ja maskas lieto\u0161anas laik\u0101 rodas aps\u0101rtums vai kairin\u0101jums, p\u0101rtraukt lieto\u0161anu un v\u0113rsties pie \u0101rsta.<br \/>\n3. Izvair\u012bties no saskares ar ac\u012bm. Ja produkts iek\u013c\u016bst ac\u012bs, nekav\u0113joties izskalot ar t\u012bru \u016bdeni.<br \/>\n4. Nelietot uz \u0101das, kurai ir jut\u012bba pret p\u0101rs\u0113jiem, pl\u0101ksteriem vai piel\u012bm\u0113jam\u0101m mask\u0101m.<br \/>\n5. Uzglab\u0101t b\u0113rniem nepieejam\u0101 viet\u0101, temperat\u016br\u0101 no 0\u00b0C l\u012bdz +25\u00b0C. Izvair\u012bties no tie\u0161iem saules stariem.<br \/>\n6. Tikai \u0101r\u012bgai lieto\u0161anai. Nenor\u012bt!<\/p>\n<p>Der\u012bguma termi\u0146\u0161: 3 gadi no izgatavo\u0161anas datuma.<\/p>\n","protected":false},"excerpt":{"rendered":"<p>Sejas maska ar piena prote\u012bniem ir paredz\u0113ta intens\u012bvai \u0101das kop\u0161anai. Piem\u0113rota visiem \u0101das tipiem, \u012bpa\u0161i sausai \u0101dai. Piena prote\u012bni dzi\u013ci baro \u0101du, izl\u012bdzina reljefu, nov\u0113r\u0161 \u0101das nepiln\u012bbas un lob\u012b\u0161anos, izgaismo \u0101das toni. Pateicoties pl\u0101nai tekst\u016brai, kas nodro\u0161ina cie\u0161u piegul\u0161anu, un augstajai akt\u012bvo sast\u0101vda\u013cu koncentr\u0101cijai, maska pal\u012bdz stiprin\u0101t un mitrin\u0101t dehidr\u0113tu \u0101du, veicina s\u012bko grumbi\u0146u izl\u012bdzin\u0101\u0161anos [&#8230;]\n","protected":false},"featured_media":105492,"template":"","meta":[],"product_cat":[1367],"product_tag":[],"class_list":{"0":"post-105488","1":"product","2":"type-product","3":"status-publish","4":"has-post-thumbnail","6":"product_brand-skinlite","7":"product_cat-sejas-maskas","9":"first","10":"instock","11":"taxable","12":"shipping-taxable","13":"product-type-simple"},"_links":{"self":[{"href":"https:\/\/e.kosmolat.eu\/lv\/wp-json\/wp\/v2\/product\/105488","targetHints":{"allow":["GET"]}}],"collection":[{"href":"https:\/\/e.kosmolat.eu\/lv\/wp-json\/wp\/v2\/product"}],"about":[{"href":"https:\/\/e.kosmolat.eu\/lv\/wp-json\/wp\/v2\/types\/product"}],"wp:featuredmedia":[{"embeddable":true,"href":"https:\/\/e.kosmolat.eu\/lv\/wp-json\/wp\/v2\/media\/105492"}],"wp:attachment":[{"href":"https:\/\/e.kosmolat.eu\/lv\/wp-json\/wp\/v2\/media?parent=105488"}],"wp:term":[{"taxonomy":"product_cat","embeddable":true,"href":"https:\/\/e.kosmolat.eu\/lv\/wp-json\/wp\/v2\/product_cat?post=105488"},{"taxonomy":"product_tag","embeddable":true,"href":"https:\/\/e.kosmolat.eu\/lv\/wp-json\/wp\/v2\/product_tag?post=105488"}],"curies":[{"name":"wp","href":"https:\/\/api.w.org\/{rel}","templated":true}]}}