{"id":105412,"date":"2026-04-09T16:17:55","date_gmt":"2026-04-09T16:17:55","guid":{"rendered":"https:\/\/e.kosmolat.eu\/product\/apala-matu-suka-53-78\/"},"modified":"2026-04-09T16:18:07","modified_gmt":"2026-04-09T16:18:07","slug":"apala-matu-suka-53-78","status":"publish","type":"product","link":"https:\/\/e.kosmolat.eu\/lv\/product\/apala-matu-suka-53-78\/","title":{"rendered":"Apa\u013ca matu suka &#8211; 53\/78"},"content":{"rendered":"<p>Apa\u013ca matu \u0137emme ieteicama matu \u017e\u0101v\u0113&scaron;anai ar f\u0113nu visiem matu tipiem.<\/p>\n<p>\u0136emme pie&scaron;\u0137ir gludu un sp\u012bd\u012bgu matu efektu.<\/p>\n<p>Ergonomisks, \u0113rts rokturis.<\/p>\n<p>Izm\u0113rs: garums 24 cm; diametrs 7,8\/5,3 cm.<\/p>\n","protected":false},"excerpt":{"rendered":"<p>Apa\u013ca matu \u0137emme ieteicama matu \u017e\u0101v\u0113&scaron;anai ar f\u0113nu visiem matu tipiem. \u0136emme pie&scaron;\u0137ir gludu un sp\u012bd\u012bgu matu efektu. Ergonomisks, \u0113rts rokturis. Izm\u0113rs: garums 24 cm; diametrs 7,8\/5,3 cm.<\/p>\n","protected":false},"featured_media":105416,"template":"","meta":[],"product_cat":[1667],"product_tag":[],"class_list":{"0":"post-105412","1":"product","2":"type-product","3":"status-publish","4":"has-post-thumbnail","6":"product_brand-donegal-sp-zo-o-_pl","7":"product_cat-aksesuari-matiem","9":"first","10":"instock","11":"taxable","12":"shipping-taxable","13":"product-type-simple"},"_links":{"self":[{"href":"https:\/\/e.kosmolat.eu\/lv\/wp-json\/wp\/v2\/product\/105412","targetHints":{"allow":["GET"]}}],"collection":[{"href":"https:\/\/e.kosmolat.eu\/lv\/wp-json\/wp\/v2\/product"}],"about":[{"href":"https:\/\/e.kosmolat.eu\/lv\/wp-json\/wp\/v2\/types\/product"}],"wp:featuredmedia":[{"embeddable":true,"href":"https:\/\/e.kosmolat.eu\/lv\/wp-json\/wp\/v2\/media\/105416"}],"wp:attachment":[{"href":"https:\/\/e.kosmolat.eu\/lv\/wp-json\/wp\/v2\/media?parent=105412"}],"wp:term":[{"taxonomy":"product_cat","embeddable":true,"href":"https:\/\/e.kosmolat.eu\/lv\/wp-json\/wp\/v2\/product_cat?post=105412"},{"taxonomy":"product_tag","embeddable":true,"href":"https:\/\/e.kosmolat.eu\/lv\/wp-json\/wp\/v2\/product_tag?post=105412"}],"curies":[{"name":"wp","href":"https:\/\/api.w.org\/{rel}","templated":true}]}}