{"id":105388,"date":"2026-04-09T16:13:01","date_gmt":"2026-04-09T16:13:01","guid":{"rendered":"https:\/\/e.kosmolat.eu\/product\/gp-maigs-sejas-skrubis-valriekstsmandelu-ella-75-ml\/"},"modified":"2026-04-09T16:44:02","modified_gmt":"2026-04-09T16:44:02","slug":"gp-maigs-sejas-skrubis-valriekstsmandelu-ella-75-ml","status":"publish","type":"product","link":"https:\/\/e.kosmolat.eu\/lv\/product\/gp-maigs-sejas-skrubis-valriekstsmandelu-ella-75-ml\/","title":{"rendered":"GP Maigs sejas skrubis Valrieksts&#038;Mande\u013cu e\u013c\u013ca, 75 ml"},"content":{"rendered":"<p>Maigs kokosriekstu \u010daumalu pulveris maigi att\u012bra sejas \u0101du, att\u012bra poras, nodro\u0161ina maigu un efekt\u012bvu p\u012blingu, pie\u0161\u0137ir \u0101dai starojo\u0161u izskatu.<br \/>\nSatur ol\u012bve\u013c\u013cu.<\/p>\n<p>Lieto\u0161ana:<br \/>\nuzkl\u0101t nelielu daudzumu skrubja uz sejas un kakla \u0101das ar mas\u0113jo\u0161\u0101m kust\u012bb\u0101m, p\u0113c tam noskalot ar siltu \u016bdeni. Lab\u0101kai sl\u012bd\u0113\u0161anai ieteicams samitrin\u0101t \u0101du ar \u016bdeni.<\/p>\n<p>Piesardz\u012bba:<br \/>\nja produkts non\u0101k ac\u012bs, izskalot ar \u016bdeni.<\/p>\n<p>Dermatolo\u0123iski test\u0113ts.<\/p>\n","protected":false},"excerpt":{"rendered":"<p>Maigs kokosriekstu \u010daumalu pulveris maigi att\u012bra sejas \u0101du, att\u012bra poras, nodro\u0161ina maigu un efekt\u012bvu p\u012blingu, pie\u0161\u0137ir \u0101dai starojo\u0161u izskatu. Satur ol\u012bve\u013c\u013cu. Lieto\u0161ana: uzkl\u0101t nelielu daudzumu skrubja uz sejas un kakla \u0101das ar mas\u0113jo\u0161\u0101m kust\u012bb\u0101m, p\u0113c tam noskalot ar siltu \u016bdeni. Lab\u0101kai sl\u012bd\u0113\u0161anai ieteicams samitrin\u0101t \u0101du ar \u016bdeni. Piesardz\u012bba: ja produkts non\u0101k ac\u012bs, izskalot ar \u016bdeni. [&#8230;]\n","protected":false},"featured_media":105588,"template":"","meta":[],"product_cat":[1396],"product_tag":[],"class_list":{"0":"post-105388","1":"product","2":"type-product","3":"status-publish","4":"has-post-thumbnail","6":"product_brand-elfa_ua","7":"product_cat-veido-sveitikliai-ir-pilingai","9":"first","10":"instock","11":"taxable","12":"shipping-taxable","13":"product-type-simple"},"_links":{"self":[{"href":"https:\/\/e.kosmolat.eu\/lv\/wp-json\/wp\/v2\/product\/105388","targetHints":{"allow":["GET"]}}],"collection":[{"href":"https:\/\/e.kosmolat.eu\/lv\/wp-json\/wp\/v2\/product"}],"about":[{"href":"https:\/\/e.kosmolat.eu\/lv\/wp-json\/wp\/v2\/types\/product"}],"wp:featuredmedia":[{"embeddable":true,"href":"https:\/\/e.kosmolat.eu\/lv\/wp-json\/wp\/v2\/media\/105588"}],"wp:attachment":[{"href":"https:\/\/e.kosmolat.eu\/lv\/wp-json\/wp\/v2\/media?parent=105388"}],"wp:term":[{"taxonomy":"product_cat","embeddable":true,"href":"https:\/\/e.kosmolat.eu\/lv\/wp-json\/wp\/v2\/product_cat?post=105388"},{"taxonomy":"product_tag","embeddable":true,"href":"https:\/\/e.kosmolat.eu\/lv\/wp-json\/wp\/v2\/product_tag?post=105388"}],"curies":[{"name":"wp","href":"https:\/\/api.w.org\/{rel}","templated":true}]}}