{"id":105380,"date":"2026-04-09T16:12:44","date_gmt":"2026-04-09T16:12:44","guid":{"rendered":"https:\/\/e.kosmolat.eu\/product\/gp-kondicionieris-norm-matiem-ar-natru-un-dadzu-ellu-300-ml\/"},"modified":"2026-04-09T16:43:50","modified_gmt":"2026-04-09T16:43:50","slug":"gp-kondicionieris-norm-matiem-ar-natru-un-dadzu-ellu-300-ml","status":"publish","type":"product","link":"https:\/\/e.kosmolat.eu\/lv\/product\/gp-kondicionieris-norm-matiem-ar-natru-un-dadzu-ellu-300-ml\/","title":{"rendered":"GP Kondicionieris norm.matiem ar n\u0101tru un dad\u017eu e\u013c\u013cu, 300 ml"},"content":{"rendered":"<p>Liel\u0101 n\u0101tre un dad\u017eu e\u013c\u013ca. <\/p>\n<p>Balz\u0101ms-kondicionieris piem\u0113rots ikdienas matu kop\u0161anai norm\u0101liem matiem, atvieglo \u0137emm\u0113\u0161anu, pie\u0161\u0137ir matiem koptu izskatu. <\/p>\n<h4> Lieto\u0161ana: <\/h4>\n<p>uzkl\u0101t nepieicie\u0161amo balz\u0101ma-kondicioniera daudzumu uz t\u012briem mitriem matiem, vienm\u0113r\u012bgi izl\u012bdzin\u0101t vis\u0101 garum\u0101, nomazg\u0101t ar \u016bdeni.\u00a0<\/p>\n","protected":false},"excerpt":{"rendered":"<p>Liel\u0101 n\u0101tre un dad\u017eu e\u013c\u013ca. Balz\u0101ms-kondicionieris piem\u0113rots ikdienas matu kop\u0161anai norm\u0101liem matiem, atvieglo \u0137emm\u0113\u0161anu, pie\u0161\u0137ir matiem koptu izskatu. Lieto\u0161ana: uzkl\u0101t nepieicie\u0161amo balz\u0101ma-kondicioniera daudzumu uz t\u012briem mitriem matiem, vienm\u0113r\u012bgi izl\u012bdzin\u0101t vis\u0101 garum\u0101, nomazg\u0101t ar \u016bdeni.\u00a0<\/p>\n","protected":false},"featured_media":105584,"template":"","meta":[],"product_cat":[1638],"product_tag":[],"class_list":{"0":"post-105380","1":"product","2":"type-product","3":"status-publish","4":"has-post-thumbnail","6":"product_brand-elfa_ua","7":"product_cat-balzami","9":"first","10":"instock","11":"taxable","12":"shipping-taxable","13":"product-type-simple"},"_links":{"self":[{"href":"https:\/\/e.kosmolat.eu\/lv\/wp-json\/wp\/v2\/product\/105380","targetHints":{"allow":["GET"]}}],"collection":[{"href":"https:\/\/e.kosmolat.eu\/lv\/wp-json\/wp\/v2\/product"}],"about":[{"href":"https:\/\/e.kosmolat.eu\/lv\/wp-json\/wp\/v2\/types\/product"}],"wp:featuredmedia":[{"embeddable":true,"href":"https:\/\/e.kosmolat.eu\/lv\/wp-json\/wp\/v2\/media\/105584"}],"wp:attachment":[{"href":"https:\/\/e.kosmolat.eu\/lv\/wp-json\/wp\/v2\/media?parent=105380"}],"wp:term":[{"taxonomy":"product_cat","embeddable":true,"href":"https:\/\/e.kosmolat.eu\/lv\/wp-json\/wp\/v2\/product_cat?post=105380"},{"taxonomy":"product_tag","embeddable":true,"href":"https:\/\/e.kosmolat.eu\/lv\/wp-json\/wp\/v2\/product_tag?post=105380"}],"curies":[{"name":"wp","href":"https:\/\/api.w.org\/{rel}","templated":true}]}}