{"id":105256,"date":"2026-04-09T16:00:38","date_gmt":"2026-04-09T16:00:38","guid":{"rendered":"https:\/\/e.kosmolat.eu\/product\/sl-vienpus-spogulis-9254-135cm-x-185cm\/"},"modified":"2026-04-09T16:01:27","modified_gmt":"2026-04-09T16:01:27","slug":"sl-vienpus-spogulis-9254-135cm-x-185cm","status":"publish","type":"product","link":"https:\/\/e.kosmolat.eu\/lv\/product\/sl-vienpus-spogulis-9254-135cm-x-185cm\/","title":{"rendered":"SL Vienpus. spogulis 9254, 13,5cm x 18,5cm"},"content":{"rendered":"<p>Uzglab\u0101t b\u0113rniem nepieejam\u0101 viet\u0101.<\/p>\n","protected":false},"excerpt":{"rendered":"<p>Uzglab\u0101t b\u0113rniem nepieejam\u0101 viet\u0101.<\/p>\n","protected":false},"featured_media":105264,"template":"","meta":[],"product_cat":[1552],"product_tag":[],"class_list":{"0":"post-105256","1":"product","2":"type-product","3":"status-publish","4":"has-post-thumbnail","6":"product_brand-donegal-sp-zo-o-_pl","7":"product_cat-istrumenti-un-sikumi","9":"first","10":"instock","11":"taxable","12":"shipping-taxable","13":"product-type-simple"},"_links":{"self":[{"href":"https:\/\/e.kosmolat.eu\/lv\/wp-json\/wp\/v2\/product\/105256","targetHints":{"allow":["GET"]}}],"collection":[{"href":"https:\/\/e.kosmolat.eu\/lv\/wp-json\/wp\/v2\/product"}],"about":[{"href":"https:\/\/e.kosmolat.eu\/lv\/wp-json\/wp\/v2\/types\/product"}],"wp:featuredmedia":[{"embeddable":true,"href":"https:\/\/e.kosmolat.eu\/lv\/wp-json\/wp\/v2\/media\/105264"}],"wp:attachment":[{"href":"https:\/\/e.kosmolat.eu\/lv\/wp-json\/wp\/v2\/media?parent=105256"}],"wp:term":[{"taxonomy":"product_cat","embeddable":true,"href":"https:\/\/e.kosmolat.eu\/lv\/wp-json\/wp\/v2\/product_cat?post=105256"},{"taxonomy":"product_tag","embeddable":true,"href":"https:\/\/e.kosmolat.eu\/lv\/wp-json\/wp\/v2\/product_tag?post=105256"}],"curies":[{"name":"wp","href":"https:\/\/api.w.org\/{rel}","templated":true}]}}