{"id":105252,"date":"2026-04-09T16:00:07","date_gmt":"2026-04-09T16:00:07","guid":{"rendered":"https:\/\/e.kosmolat.eu\/product\/nagu-pulesanas-bloks-9164\/"},"modified":"2026-04-09T16:00:49","modified_gmt":"2026-04-09T16:00:49","slug":"nagu-pulesanas-bloks-9164","status":"publish","type":"product","link":"https:\/\/e.kosmolat.eu\/lv\/product\/nagu-pulesanas-bloks-9164\/","title":{"rendered":"Nagu pul\u0113\u0161anas bloks 9164"},"content":{"rendered":"<p>\u010cetrpus\u0113js nagu pul\u0113\u0161anas bloks ar 120 graudu abrazivit\u0101ti. Paredz\u0113ts dab\u012bgo nagu virsmas mat\u0113\u0161anai un izl\u012bdzin\u0101\u0161anai, nov\u0113r\u0161 nel\u012bdzenumus.<\/p>\n","protected":false},"excerpt":{"rendered":"<p>\u010cetrpus\u0113js nagu pul\u0113\u0161anas bloks ar 120 graudu abrazivit\u0101ti. Paredz\u0113ts dab\u012bgo nagu virsmas mat\u0113\u0161anai un izl\u012bdzin\u0101\u0161anai, nov\u0113r\u0161 nel\u012bdzenumus.<\/p>\n","protected":false},"featured_media":105257,"template":"","meta":[],"product_cat":[1755],"product_tag":[],"class_list":{"0":"post-105252","1":"product","2":"type-product","3":"status-publish","4":"has-post-thumbnail","6":"product_brand-donegal-sp-zo-o-_pl","7":"product_cat-roku-kopsanas-aksesuari","9":"first","10":"instock","11":"taxable","12":"shipping-taxable","13":"product-type-simple"},"_links":{"self":[{"href":"https:\/\/e.kosmolat.eu\/lv\/wp-json\/wp\/v2\/product\/105252","targetHints":{"allow":["GET"]}}],"collection":[{"href":"https:\/\/e.kosmolat.eu\/lv\/wp-json\/wp\/v2\/product"}],"about":[{"href":"https:\/\/e.kosmolat.eu\/lv\/wp-json\/wp\/v2\/types\/product"}],"wp:featuredmedia":[{"embeddable":true,"href":"https:\/\/e.kosmolat.eu\/lv\/wp-json\/wp\/v2\/media\/105257"}],"wp:attachment":[{"href":"https:\/\/e.kosmolat.eu\/lv\/wp-json\/wp\/v2\/media?parent=105252"}],"wp:term":[{"taxonomy":"product_cat","embeddable":true,"href":"https:\/\/e.kosmolat.eu\/lv\/wp-json\/wp\/v2\/product_cat?post=105252"},{"taxonomy":"product_tag","embeddable":true,"href":"https:\/\/e.kosmolat.eu\/lv\/wp-json\/wp\/v2\/product_tag?post=105252"}],"curies":[{"name":"wp","href":"https:\/\/api.w.org\/{rel}","templated":true}]}}