{"id":105244,"date":"2026-04-09T15:59:47","date_gmt":"2026-04-09T15:59:47","guid":{"rendered":"https:\/\/e.kosmolat.eu\/product\/nujinas-kutikulai-4-gab-9208\/"},"modified":"2026-04-09T16:00:00","modified_gmt":"2026-04-09T16:00:00","slug":"nujinas-kutikulai-4-gab-9208","status":"publish","type":"product","link":"https:\/\/e.kosmolat.eu\/lv\/product\/nujinas-kutikulai-4-gab-9208\/","title":{"rendered":"N\u016bji\u0146as kutikulai (4 gab.) 9208"},"content":{"rendered":"<p>Uzman\u012bbu: tur\u0113t b\u0113rniem nepieejamaj\u0101 viet\u0101!<\/p>\n","protected":false},"excerpt":{"rendered":"<p>Uzman\u012bbu: tur\u0113t b\u0113rniem nepieejamaj\u0101 viet\u0101!<\/p>\n","protected":false},"featured_media":105248,"template":"","meta":[],"product_cat":[1407],"product_tag":[],"class_list":{"0":"post-105244","1":"product","2":"type-product","3":"status-publish","4":"has-post-thumbnail","6":"product_brand-donegal-sp-zo-o-_pl","7":"product_cat-aksesuari-nagiem","9":"first","10":"instock","11":"taxable","12":"shipping-taxable","13":"product-type-simple"},"_links":{"self":[{"href":"https:\/\/e.kosmolat.eu\/lv\/wp-json\/wp\/v2\/product\/105244","targetHints":{"allow":["GET"]}}],"collection":[{"href":"https:\/\/e.kosmolat.eu\/lv\/wp-json\/wp\/v2\/product"}],"about":[{"href":"https:\/\/e.kosmolat.eu\/lv\/wp-json\/wp\/v2\/types\/product"}],"wp:featuredmedia":[{"embeddable":true,"href":"https:\/\/e.kosmolat.eu\/lv\/wp-json\/wp\/v2\/media\/105248"}],"wp:attachment":[{"href":"https:\/\/e.kosmolat.eu\/lv\/wp-json\/wp\/v2\/media?parent=105244"}],"wp:term":[{"taxonomy":"product_cat","embeddable":true,"href":"https:\/\/e.kosmolat.eu\/lv\/wp-json\/wp\/v2\/product_cat?post=105244"},{"taxonomy":"product_tag","embeddable":true,"href":"https:\/\/e.kosmolat.eu\/lv\/wp-json\/wp\/v2\/product_tag?post=105244"}],"curies":[{"name":"wp","href":"https:\/\/api.w.org\/{rel}","templated":true}]}}