{"id":105236,"date":"2026-04-09T15:59:31","date_gmt":"2026-04-09T15:59:31","guid":{"rendered":"https:\/\/e.kosmolat.eu\/product\/skeres-kutikulai-3679\/"},"modified":"2026-04-15T11:26:26","modified_gmt":"2026-04-15T11:26:26","slug":"skeres-kutikulai-3679","status":"publish","type":"product","link":"https:\/\/e.kosmolat.eu\/lv\/product\/skeres-kutikulai-3679\/","title":{"rendered":"\u0160\u0137\u0113res kutikulai 3679"},"content":{"rendered":"<p>&Scaron;\u0137\u0113res ar izliektiem asme\u0146iem prec\u012bzai kutikulas grie&scaron;anai.<\/p>\n","protected":false},"excerpt":{"rendered":"<p>&Scaron;\u0137\u0113res ar izliektiem asme\u0146iem prec\u012bzai kutikulas grie&scaron;anai.<\/p>\n","protected":false},"featured_media":105240,"template":"","meta":[],"product_cat":[1999],"product_tag":[],"class_list":{"0":"post-105236","1":"product","2":"type-product","3":"status-publish","4":"has-post-thumbnail","6":"product_brand-donegal-sp-zo-o-_pl","7":"product_cat-bez-kategorijas","9":"first","10":"instock","11":"taxable","12":"shipping-taxable","13":"product-type-simple"},"_links":{"self":[{"href":"https:\/\/e.kosmolat.eu\/lv\/wp-json\/wp\/v2\/product\/105236","targetHints":{"allow":["GET"]}}],"collection":[{"href":"https:\/\/e.kosmolat.eu\/lv\/wp-json\/wp\/v2\/product"}],"about":[{"href":"https:\/\/e.kosmolat.eu\/lv\/wp-json\/wp\/v2\/types\/product"}],"wp:featuredmedia":[{"embeddable":true,"href":"https:\/\/e.kosmolat.eu\/lv\/wp-json\/wp\/v2\/media\/105240"}],"wp:attachment":[{"href":"https:\/\/e.kosmolat.eu\/lv\/wp-json\/wp\/v2\/media?parent=105236"}],"wp:term":[{"taxonomy":"product_cat","embeddable":true,"href":"https:\/\/e.kosmolat.eu\/lv\/wp-json\/wp\/v2\/product_cat?post=105236"},{"taxonomy":"product_tag","embeddable":true,"href":"https:\/\/e.kosmolat.eu\/lv\/wp-json\/wp\/v2\/product_tag?post=105236"}],"curies":[{"name":"wp","href":"https:\/\/api.w.org\/{rel}","templated":true}]}}