{"id":105228,"date":"2026-04-09T15:58:59","date_gmt":"2026-04-09T15:58:59","guid":{"rendered":"https:\/\/e.kosmolat.eu\/product\/donair-brs-matu-kemme-9091\/"},"modified":"2026-04-10T08:45:35","modified_gmt":"2026-04-10T08:45:35","slug":"donair-brs-matu-kemme-9091","status":"publish","type":"product","link":"https:\/\/e.kosmolat.eu\/lv\/product\/donair-brs-matu-kemme-9091\/","title":{"rendered":"Donair BRS Matu \u0137emme 9091"},"content":{"rendered":"<p>Izgatavota no inovat\u012bva, iztur\u012bga plastmasas materi\u0101la, kas iev\u0113rojami p\u0101rsp\u0113j cieto gumiju un neilonu.<\/p>\n<p>\u2022 Iztur\u012bga, elast\u012bga, ar dro\u0161iem zobiem.<br \/>\n\u2022 Apstr\u0101d\u0101ta ar liesmu, neskr\u0101p\u0113 \u0101du. \u013boti gludie zobi viegli sl\u012bd pat caur visbiez\u0101kajiem matiem.<br \/>\n\u2022 Iztur\u012bga pret matu kop\u0161anas l\u012bdzek\u013cu un \u0137\u012bmisko vielu iedarb\u012bbu.<br \/>\n\u2022 Augsta karstumiztur\u012bba, ide\u0101li piem\u0113rota \u017e\u0101v\u0113\u0161anai ar f\u0113nu.<br \/>\n\u2022 Izstr\u0101d\u0101ta un rad\u012bta profesion\u0101\u013ciem vis\u0101 pasaul\u0113.<br \/>\n\u2022 Augst\u0101k\u0101s salonu kvalit\u0101tes produkts, rad\u012bts m\u016bsdienu par\u016bk\u0101m un friz\u016br\u0101m.<\/p>\n","protected":false},"excerpt":{"rendered":"<p>Izgatavota no inovat\u012bva, iztur\u012bga plastmasas materi\u0101la, kas iev\u0113rojami p\u0101rsp\u0113j cieto gumiju un neilonu. \u2022 Iztur\u012bga, elast\u012bga, ar dro\u0161iem zobiem. \u2022 Apstr\u0101d\u0101ta ar liesmu, neskr\u0101p\u0113 \u0101du. \u013boti gludie zobi viegli sl\u012bd pat caur visbiez\u0101kajiem matiem. \u2022 Iztur\u012bga pret matu kop\u0161anas l\u012bdzek\u013cu un \u0137\u012bmisko vielu iedarb\u012bbu. \u2022 Augsta karstumiztur\u012bba, ide\u0101li piem\u0113rota \u017e\u0101v\u0113\u0161anai ar f\u0113nu. \u2022 Izstr\u0101d\u0101ta un [&#8230;]\n","protected":false},"featured_media":105232,"template":"","meta":[],"product_cat":[1667],"product_tag":[],"class_list":{"0":"post-105228","1":"product","2":"type-product","3":"status-publish","4":"has-post-thumbnail","6":"product_brand-donegal-sp-zo-o-_pl","7":"product_cat-aksesuari-matiem","9":"first","10":"instock","11":"taxable","12":"shipping-taxable","13":"product-type-simple"},"_links":{"self":[{"href":"https:\/\/e.kosmolat.eu\/lv\/wp-json\/wp\/v2\/product\/105228","targetHints":{"allow":["GET"]}}],"collection":[{"href":"https:\/\/e.kosmolat.eu\/lv\/wp-json\/wp\/v2\/product"}],"about":[{"href":"https:\/\/e.kosmolat.eu\/lv\/wp-json\/wp\/v2\/types\/product"}],"wp:featuredmedia":[{"embeddable":true,"href":"https:\/\/e.kosmolat.eu\/lv\/wp-json\/wp\/v2\/media\/105232"}],"wp:attachment":[{"href":"https:\/\/e.kosmolat.eu\/lv\/wp-json\/wp\/v2\/media?parent=105228"}],"wp:term":[{"taxonomy":"product_cat","embeddable":true,"href":"https:\/\/e.kosmolat.eu\/lv\/wp-json\/wp\/v2\/product_cat?post=105228"},{"taxonomy":"product_tag","embeddable":true,"href":"https:\/\/e.kosmolat.eu\/lv\/wp-json\/wp\/v2\/product_tag?post=105228"}],"curies":[{"name":"wp","href":"https:\/\/api.w.org\/{rel}","templated":true}]}}