{"id":104364,"date":"2026-03-30T13:52:44","date_gmt":"2026-03-30T13:52:44","guid":{"rendered":"https:\/\/e.kosmolat.eu\/product\/fj-lupu-balzams-rabarbers-un-dzervenes-36-g\/"},"modified":"2026-04-02T05:41:28","modified_gmt":"2026-04-02T05:41:28","slug":"fj-lupu-balzams-rabarbers-un-dzervenes-36-g","status":"publish","type":"product","link":"https:\/\/e.kosmolat.eu\/lv\/product\/fj-lupu-balzams-rabarbers-un-dzervenes-36-g\/","title":{"rendered":"FJ L\u016bpu balzams Rabarbers un dz\u0113rvenes, 3,6 g"},"content":{"rendered":"<p>Ar argana e\u013c\u013cu un E vitam\u012bnu. Pies\u0101tina l\u016bpas ar pigment un atst\u0101j dabisku roz\u0101 toni.<\/p>\n<p>Lieto\u0161ana: uzkl\u0101t uz l\u016bp\u0101m.<\/p>\n","protected":false},"excerpt":{"rendered":"<p>Ar argana e\u013c\u013cu un E vitam\u012bnu. Pies\u0101tina l\u016bpas ar pigment un atst\u0101j dabisku roz\u0101 toni. Lieto\u0161ana: uzkl\u0101t uz l\u016bp\u0101m.<\/p>\n","protected":false},"featured_media":0,"template":"","meta":[],"product_cat":[1999],"product_tag":[],"class_list":{"0":"post-104364","1":"product","2":"type-product","3":"status-publish","5":"product_brand-elfa_ua","6":"product_cat-bez-kategorijas","8":"first","9":"instock","10":"taxable","11":"shipping-taxable","12":"product-type-simple"},"_links":{"self":[{"href":"https:\/\/e.kosmolat.eu\/lv\/wp-json\/wp\/v2\/product\/104364","targetHints":{"allow":["GET"]}}],"collection":[{"href":"https:\/\/e.kosmolat.eu\/lv\/wp-json\/wp\/v2\/product"}],"about":[{"href":"https:\/\/e.kosmolat.eu\/lv\/wp-json\/wp\/v2\/types\/product"}],"wp:attachment":[{"href":"https:\/\/e.kosmolat.eu\/lv\/wp-json\/wp\/v2\/media?parent=104364"}],"wp:term":[{"taxonomy":"product_cat","embeddable":true,"href":"https:\/\/e.kosmolat.eu\/lv\/wp-json\/wp\/v2\/product_cat?post=104364"},{"taxonomy":"product_tag","embeddable":true,"href":"https:\/\/e.kosmolat.eu\/lv\/wp-json\/wp\/v2\/product_tag?post=104364"}],"curies":[{"name":"wp","href":"https:\/\/api.w.org\/{rel}","templated":true}]}}