{"id":104360,"date":"2026-03-30T13:52:29","date_gmt":"2026-03-30T13:52:29","guid":{"rendered":"https:\/\/e.kosmolat.eu\/product\/fj-lupu-balzams-karaliska-papaija-36-g\/"},"modified":"2026-04-20T11:52:53","modified_gmt":"2026-04-20T11:52:53","slug":"fj-lupu-balzams-karaliska-papaija-36-g","status":"publish","type":"product","link":"https:\/\/e.kosmolat.eu\/lv\/product\/fj-lupu-balzams-karaliska-papaija-36-g\/","title":{"rendered":"FJ L\u016bpu balzams Karalisk\u0101 papaija, 3,6 g"},"content":{"rendered":"<p>\u0160\u012b sviests \u2013 veicina \u0101das sadz\u012b\u0161anu un atjauno\u0161anos, bet sast\u0101v\u0101 eso\u0161\u0101s dab\u012bg\u0101s e\u013c\u013cas r\u016bp\u012bgi kopj l\u016bpu \u0101du. E vitam\u012bns darbojas k\u0101 antioksidants, pal\u012bdz saglab\u0101t l\u016bpu elast\u012bbu un vesel\u012bgu izskatu. Papajas ekstrakts ir viegli eksfoli\u0113jo\u0161s, veicina \u0161\u016bnu atjauno\u0161anos, uzlabo l\u016bpu tekst\u016bru un \u0101das toni.<\/p>\n<p>Lieto\u0161ana: Uzkl\u0101jiet l\u016bpu kr\u0101su vienm\u0113r\u012bgi uz t\u012br\u0101m l\u016bp\u0101m. Vajadz\u012bbas gad\u012bjum\u0101 atk\u0101rtojiet vair\u0101kas reizes dien\u0101.<\/p>\n","protected":false},"excerpt":{"rendered":"<p>\u0160\u012b sviests \u2013 veicina \u0101das sadz\u012b\u0161anu un atjauno\u0161anos, bet sast\u0101v\u0101 eso\u0161\u0101s dab\u012bg\u0101s e\u013c\u013cas r\u016bp\u012bgi kopj l\u016bpu \u0101du. E vitam\u012bns darbojas k\u0101 antioksidants, pal\u012bdz saglab\u0101t l\u016bpu elast\u012bbu un vesel\u012bgu izskatu. Papajas ekstrakts ir viegli eksfoli\u0113jo\u0161s, veicina \u0161\u016bnu atjauno\u0161anos, uzlabo l\u016bpu tekst\u016bru un \u0101das toni. Lieto\u0161ana: Uzkl\u0101jiet l\u016bpu kr\u0101su vienm\u0113r\u012bgi uz t\u012br\u0101m l\u016bp\u0101m. Vajadz\u012bbas gad\u012bjum\u0101 atk\u0101rtojiet vair\u0101kas [&#8230;]\n","protected":false},"featured_media":0,"template":"","meta":[],"product_cat":[1593],"product_tag":[],"class_list":{"0":"post-104360","1":"product","2":"type-product","3":"status-publish","5":"product_brand-elfa_ua","6":"product_cat-lupu-prieziura","8":"first","9":"instock","10":"taxable","11":"shipping-taxable","12":"product-type-simple"},"_links":{"self":[{"href":"https:\/\/e.kosmolat.eu\/lv\/wp-json\/wp\/v2\/product\/104360","targetHints":{"allow":["GET"]}}],"collection":[{"href":"https:\/\/e.kosmolat.eu\/lv\/wp-json\/wp\/v2\/product"}],"about":[{"href":"https:\/\/e.kosmolat.eu\/lv\/wp-json\/wp\/v2\/types\/product"}],"wp:attachment":[{"href":"https:\/\/e.kosmolat.eu\/lv\/wp-json\/wp\/v2\/media?parent=104360"}],"wp:term":[{"taxonomy":"product_cat","embeddable":true,"href":"https:\/\/e.kosmolat.eu\/lv\/wp-json\/wp\/v2\/product_cat?post=104360"},{"taxonomy":"product_tag","embeddable":true,"href":"https:\/\/e.kosmolat.eu\/lv\/wp-json\/wp\/v2\/product_tag?post=104360"}],"curies":[{"name":"wp","href":"https:\/\/api.w.org\/{rel}","templated":true}]}}