{"id":104323,"date":"2026-03-19T13:37:15","date_gmt":"2026-03-19T13:37:15","guid":{"rendered":"https:\/\/e.kosmolat.eu\/product\/anti-dandruff\/"},"modified":"2026-04-01T09:57:26","modified_gmt":"2026-04-01T09:57:26","slug":"anti-dandruff","status":"publish","type":"product","link":"https:\/\/e.kosmolat.eu\/lv\/product\/anti-dandruff\/","title":{"rendered":"Anti-Dandruff"},"content":{"rendered":"<p>&Scaron;amp\u016bns pret blaugzn\u0101m, kas nodro&scaron;ina svaiguma saj\u016btu un maigu galvas \u0101das att\u012br\u012b&scaron;anu. Piem\u0113rots ikdienas lieto&scaron;anai.<\/p>\n<p><strong>Lieto&scaron;ana:<\/strong> uzkl\u0101t uz mitriem matiem, uzputin\u0101t, noskalot ar siltu \u016bdeni.<\/p>\n<p><strong>Piesardz\u012bbas pas\u0101kumi:<\/strong> paredz\u0113ts tikai \u0101r\u0113jai lieto&scaron;anai. Ja nok\u013c\u016bst ac\u012bs, nekav\u0113joties izskalot ar \u016bdeni. Ir iesp\u0113jama individu\u0101la jut\u012bba pret l\u012bdzek\u013ca sast\u0101vda\u013c\u0101m.<\/p>\n<p><strong>Uzglab\u0101&scaron;anas nosac\u012bjumi:<\/strong> uzglab\u0101t temperat\u016br\u0101, kas nav zem\u0101ka par 5 &deg;C un nav augst\u0101ka par 25 &deg;C. Uzglab\u0101&scaron;anas laik\u0101 produktu nedr\u012bkst pak\u013caut tie&scaron;iem saules stariem. Produktu nedr\u012bkst uzglab\u0101t tuv\u0101k par 0,5 m no iesl\u0113gtiem sildier\u012bc\u0113m. Iztuk&scaron;oto iepakojumu izmet k\u0101 sadz\u012bves atkritumus.<\/p>\n","protected":false},"excerpt":{"rendered":"<p>&Scaron;amp\u016bns pret blaugzn\u0101m, kas nodro&scaron;ina svaiguma saj\u016btu un maigu galvas \u0101das att\u012br\u012b&scaron;anu. Piem\u0113rots ikdienas lieto&scaron;anai. Lieto&scaron;ana: uzkl\u0101t uz mitriem matiem, uzputin\u0101t, noskalot ar siltu \u016bdeni. Piesardz\u012bbas pas\u0101kumi: paredz\u0113ts tikai \u0101r\u0113jai lieto&scaron;anai. Ja nok\u013c\u016bst ac\u012bs, nekav\u0113joties izskalot ar \u016bdeni. Ir iesp\u0113jama individu\u0101la jut\u012bba pret l\u012bdzek\u013ca sast\u0101vda\u013c\u0101m. Uzglab\u0101&scaron;anas nosac\u012bjumi: uzglab\u0101t temperat\u016br\u0101, kas nav zem\u0101ka par 5 &deg;C [&#8230;]\n","protected":false},"featured_media":104848,"template":"","meta":[],"product_cat":[2182],"product_tag":[],"class_list":{"0":"post-104323","1":"product","2":"type-product","3":"status-publish","4":"has-post-thumbnail","6":"product_brand-supermash_ua","7":"product_cat-bez-kategorijas-ru","9":"first","10":"instock","11":"taxable","12":"shipping-taxable","13":"product-type-simple"},"_links":{"self":[{"href":"https:\/\/e.kosmolat.eu\/lv\/wp-json\/wp\/v2\/product\/104323","targetHints":{"allow":["GET"]}}],"collection":[{"href":"https:\/\/e.kosmolat.eu\/lv\/wp-json\/wp\/v2\/product"}],"about":[{"href":"https:\/\/e.kosmolat.eu\/lv\/wp-json\/wp\/v2\/types\/product"}],"wp:featuredmedia":[{"embeddable":true,"href":"https:\/\/e.kosmolat.eu\/lv\/wp-json\/wp\/v2\/media\/104848"}],"wp:attachment":[{"href":"https:\/\/e.kosmolat.eu\/lv\/wp-json\/wp\/v2\/media?parent=104323"}],"wp:term":[{"taxonomy":"product_cat","embeddable":true,"href":"https:\/\/e.kosmolat.eu\/lv\/wp-json\/wp\/v2\/product_cat?post=104323"},{"taxonomy":"product_tag","embeddable":true,"href":"https:\/\/e.kosmolat.eu\/lv\/wp-json\/wp\/v2\/product_tag?post=104323"}],"curies":[{"name":"wp","href":"https:\/\/api.w.org\/{rel}","templated":true}]}}