{"id":104319,"date":"2026-03-19T13:37:03","date_gmt":"2026-03-19T13:37:03","guid":{"rendered":"https:\/\/e.kosmolat.eu\/product\/%d1%81%d1%83%d0%bf%d0%b5s%d1%81ceu%d0%bda%d1%8f-%d1%84c%d0%ba%d1%81aoc%d1%8f\/"},"modified":"2026-04-02T07:31:14","modified_gmt":"2026-04-02T07:31:14","slug":"leda-matu-laka-super-stipra-fiks-160-ml","status":"publish","type":"product","link":"https:\/\/e.kosmolat.eu\/lv\/product\/leda-matu-laka-super-stipra-fiks-160-ml\/","title":{"rendered":"Leda Matu laka Super Stipra Fiks., 160 ml"},"content":{"rendered":"<p>Nodro&scaron;ina \u012bpa&scaron;i sp\u0113c\u012bgu fiks\u0101ciju, pie&scaron;\u0137ir apjomu, nepadarot matus smagus. Viegli iz\u0137emm\u0113jams un nomazg\u0101jams.<\/p>\n<p><strong>Lieto&scaron;ana:<\/strong> uzsmidziniet laku uz matiem vai atsevi&scaron;\u0137\u0101m matu &scaron;\u0137ipsn\u0101m no 30 cm att\u0101luma. Lai pie&scaron;\u0137irtu apjomu, uzkl\u0101jiet uz matu sakn\u0113m.<\/p>\n<p><strong>Piesardz\u012bbas pas\u0101kumi:<\/strong> tikai \u0101r\u0113jai lieto&scaron;anai. Sarg\u0101t no tie&scaron;as saules gaismas un temperat\u016bras virs 50 &deg;C. Nesmidzin\u0101t atkl\u0101tas uguns vai karstu priek&scaron;metu tuvum\u0101. Neieelpot tvaikus. Nevirz\u012bt uz seju. Nelietot uz iekaisu&scaron;as vai boj\u0101tas \u0101das. Glab\u0101t b\u0113rniem nepieejam\u0101 viet\u0101. Ugunsb\u012bstams! Izvair\u012bties no nok\u013c\u016b&scaron;anas ac\u012bs. Ja nok\u013c\u016bst ac\u012bs, skalot t\u0101s ar \u016bdeni.<\/p>\n<p><strong>Uzglab\u0101&scaron;anas nosac\u012bjumi: <\/strong>uzglab\u0101t temperat\u016br\u0101 no m\u012bnus 5 &deg;C l\u012bdz 30 &deg;C cie&scaron;i nosl\u0113gt\u0101 trauk\u0101, vertik\u0101l\u0101 st\u0101vokl\u012b, t\u0101lu no atkl\u0101tas uguns un siltuma avotiem. Iztuk&scaron;oto iepakojumu izmest k\u0101 sadz\u012bves atkritumus.<\/p>\n<p>&nbsp;<strong>Br\u012bdin\u0101jums. <\/strong>Uzliesmojo&scaron;s aerosols. Sarg\u0101t no b\u0113rniem. Sarg\u0101t no karstuma, karst\u0101m virsm\u0101m, dzirkstel\u0113m, atkl\u0101tas uguns un citiem aizdeg&scaron;an\u0101s avotiem. Nesm\u0113\u0137\u0113t. Neizsmidzin\u0101t uz atkl\u0101tas uguns vai citiem aizdeg&scaron;an\u0101s avotiem. Aizsarg\u0101t no saules gaismas. Nepak\u013caut temperat\u016brai, kas p\u0101rsniedz 50 o C\/122 o F.<\/p>\n","protected":false},"excerpt":{"rendered":"<p>Nodro&scaron;ina \u012bpa&scaron;i sp\u0113c\u012bgu fiks\u0101ciju, pie&scaron;\u0137ir apjomu, nepadarot matus smagus. Viegli iz\u0137emm\u0113jams un nomazg\u0101jams. Lieto&scaron;ana: uzsmidziniet laku uz matiem vai atsevi&scaron;\u0137\u0101m matu &scaron;\u0137ipsn\u0101m no 30 cm att\u0101luma. Lai pie&scaron;\u0137irtu apjomu, uzkl\u0101jiet uz matu sakn\u0113m. Piesardz\u012bbas pas\u0101kumi: tikai \u0101r\u0113jai lieto&scaron;anai. Sarg\u0101t no tie&scaron;as saules gaismas un temperat\u016bras virs 50 &deg;C. Nesmidzin\u0101t atkl\u0101tas uguns vai karstu priek&scaron;metu tuvum\u0101. [&#8230;]\n","protected":false},"featured_media":104796,"template":"","meta":[],"product_cat":[1644],"product_tag":[],"class_list":{"0":"post-104319","1":"product","2":"type-product","3":"status-publish","4":"has-post-thumbnail","6":"product_brand-supermash_ua","7":"product_cat-lakas","9":"first","10":"instock","11":"taxable","12":"shipping-taxable","13":"product-type-simple"},"_links":{"self":[{"href":"https:\/\/e.kosmolat.eu\/lv\/wp-json\/wp\/v2\/product\/104319","targetHints":{"allow":["GET"]}}],"collection":[{"href":"https:\/\/e.kosmolat.eu\/lv\/wp-json\/wp\/v2\/product"}],"about":[{"href":"https:\/\/e.kosmolat.eu\/lv\/wp-json\/wp\/v2\/types\/product"}],"wp:featuredmedia":[{"embeddable":true,"href":"https:\/\/e.kosmolat.eu\/lv\/wp-json\/wp\/v2\/media\/104796"}],"wp:attachment":[{"href":"https:\/\/e.kosmolat.eu\/lv\/wp-json\/wp\/v2\/media?parent=104319"}],"wp:term":[{"taxonomy":"product_cat","embeddable":true,"href":"https:\/\/e.kosmolat.eu\/lv\/wp-json\/wp\/v2\/product_cat?post=104319"},{"taxonomy":"product_tag","embeddable":true,"href":"https:\/\/e.kosmolat.eu\/lv\/wp-json\/wp\/v2\/product_tag?post=104319"}],"curies":[{"name":"wp","href":"https:\/\/api.w.org\/{rel}","templated":true}]}}