{"id":104315,"date":"2026-03-19T13:22:35","date_gmt":"2026-03-19T13:22:35","guid":{"rendered":"https:\/\/e.kosmolat.eu\/product\/s%d0%be%d0%bcau%d0%baa-c-ea%d0%b2a%d0%bdaa\/"},"modified":"2026-04-02T05:38:02","modified_gmt":"2026-04-02T05:38:02","slug":"hp-fito-linija-samp-balz-2-in-1-kumelitelavanda-240-ml","status":"publish","type":"product","link":"https:\/\/e.kosmolat.eu\/lv\/product\/hp-fito-linija-samp-balz-2-in-1-kumelitelavanda-240-ml\/","title":{"rendered":"HP Fito L\u012bnija \u0161amp.-balz. 2 in 1 Kumel\u012bte&#038;Lavanda, 240 ml"},"content":{"rendered":"<p>Saudz\u012bgi att\u012bra \u0101du un matus vis\u0101 garum\u0101 no net\u012brumiem. Satur kumel\u012b&scaron;u un lavandas ekstraktus, kuriem piem\u012bt re\u0123ener\u0113jo&scaron;as un nomierino&scaron;as \u012bpa&scaron;\u012bbas. Matiem, kam nepiecie&scaron;ama papildu stiprin\u0101&scaron;ana.<\/p>\n<p><strong>Lieto&scaron;ana:<\/strong> uzkl\u0101t uz mitriem matiem, uzputin\u0101t, noskalot ar siltu \u016bdeni.<\/p>\n<p><strong>Piesardz\u012bbas pas\u0101kumi:<\/strong> paredz\u0113ts tikai \u0101r\u0113jai lieto&scaron;anai. Ja nok\u013c\u016bst ac\u012bs, nekav\u0113joties izskalot ar \u016bdeni. Ir iesp\u0113jama individu\u0101la jut\u012bba pret l\u012bdzek\u013ca sast\u0101vda\u013c\u0101m.<\/p>\n<p><strong>Uzglab\u0101&scaron;anas nosac\u012bjumi:<\/strong> uzglab\u0101t temperat\u016br\u0101, kas nav zem\u0101ka par 5 &deg;C un nav augst\u0101ka par 25 &deg;C. Uzglab\u0101&scaron;anas laik\u0101 produktu nedr\u012bkst pak\u013caut tie&scaron;iem saules stariem. Produktu nedr\u012bkst uzglab\u0101t tuv\u0101k par 0,5 m no iesl\u0113gtiem sildier\u012bc\u0113m. Iztuk&scaron;oto iepakojumu izmetiet k\u0101 sadz\u012bves atkritumus.<\/p>\n","protected":false},"excerpt":{"rendered":"<p>Saudz\u012bgi att\u012bra \u0101du un matus vis\u0101 garum\u0101 no net\u012brumiem. Satur kumel\u012b&scaron;u un lavandas ekstraktus, kuriem piem\u012bt re\u0123ener\u0113jo&scaron;as un nomierino&scaron;as \u012bpa&scaron;\u012bbas. Matiem, kam nepiecie&scaron;ama papildu stiprin\u0101&scaron;ana. Lieto&scaron;ana: uzkl\u0101t uz mitriem matiem, uzputin\u0101t, noskalot ar siltu \u016bdeni. Piesardz\u012bbas pas\u0101kumi: paredz\u0113ts tikai \u0101r\u0113jai lieto&scaron;anai. Ja nok\u013c\u016bst ac\u012bs, nekav\u0113joties izskalot ar \u016bdeni. Ir iesp\u0113jama individu\u0101la jut\u012bba pret l\u012bdzek\u013ca sast\u0101vda\u013c\u0101m. [&#8230;]\n","protected":false},"featured_media":104856,"template":"","meta":[],"product_cat":[1999],"product_tag":[],"class_list":{"0":"post-104315","1":"product","2":"type-product","3":"status-publish","4":"has-post-thumbnail","6":"product_brand-supermash_ua","7":"product_cat-bez-kategorijas","9":"first","10":"instock","11":"taxable","12":"shipping-taxable","13":"product-type-simple"},"_links":{"self":[{"href":"https:\/\/e.kosmolat.eu\/lv\/wp-json\/wp\/v2\/product\/104315","targetHints":{"allow":["GET"]}}],"collection":[{"href":"https:\/\/e.kosmolat.eu\/lv\/wp-json\/wp\/v2\/product"}],"about":[{"href":"https:\/\/e.kosmolat.eu\/lv\/wp-json\/wp\/v2\/types\/product"}],"wp:featuredmedia":[{"embeddable":true,"href":"https:\/\/e.kosmolat.eu\/lv\/wp-json\/wp\/v2\/media\/104856"}],"wp:attachment":[{"href":"https:\/\/e.kosmolat.eu\/lv\/wp-json\/wp\/v2\/media?parent=104315"}],"wp:term":[{"taxonomy":"product_cat","embeddable":true,"href":"https:\/\/e.kosmolat.eu\/lv\/wp-json\/wp\/v2\/product_cat?post=104315"},{"taxonomy":"product_tag","embeddable":true,"href":"https:\/\/e.kosmolat.eu\/lv\/wp-json\/wp\/v2\/product_tag?post=104315"}],"curies":[{"name":"wp","href":"https:\/\/api.w.org\/{rel}","templated":true}]}}