{"id":104311,"date":"2026-03-19T13:22:20","date_gmt":"2026-03-19T13:22:20","guid":{"rendered":"https:\/\/e.kosmolat.eu\/product\/hp-fito-linija-samp-balz-2i-n1-natremezroz-240-ml\/"},"modified":"2026-04-01T09:57:41","modified_gmt":"2026-04-01T09:57:41","slug":"hp-fito-linija-samp-balz-2i-n1-natremezroz-240-ml","status":"publish","type":"product","link":"https:\/\/e.kosmolat.eu\/lv\/product\/hp-fito-linija-samp-balz-2i-n1-natremezroz-240-ml\/","title":{"rendered":"HP Fito L\u012bnija \u0161amp.-balz. 2i n1 N\u0101tre&#038;Me\u017eroz., 240 ml"},"content":{"rendered":"<p>Maigi att\u012bra \u0101du un matus vis\u0101 garum\u0101 no net\u012brumiem. Satur n\u0101tru un ro\u017eu aug\u013cu ekstraktus, kuriem piem\u012bt toniz\u0113jo&scaron;as un atsvaidzino&scaron;as \u012bpa&scaron;\u012bbas. Matiem, kam nepiecie&scaron;ams papildu apjoms.<\/p>\n<p><strong>Lieto&scaron;ana:<\/strong> uzkl\u0101t uz mitriem matiem, uzputin\u0101t, noskalot ar siltu \u016bdeni.<\/p>\n<p><strong>Piesardz\u012bbas pas\u0101kumi:<\/strong> paredz\u0113ts tikai \u0101r\u0113jai lieto&scaron;anai. Ja nok\u013c\u016bst ac\u012bs, nekav\u0113joties izskalot ar \u016bdeni. Ir iesp\u0113jama individu\u0101la jut\u012bba pret l\u012bdzek\u013ca sast\u0101vda\u013c\u0101m.<\/p>\n<p><strong>Uzglab\u0101&scaron;anas nosac\u012bjumi:<\/strong> uzglab\u0101t temperat\u016br\u0101, kas nav zem\u0101ka par 5 &deg;C un nav augst\u0101ka par 25 &deg;C. Uzglab\u0101&scaron;anas laik\u0101 produktu nedr\u012bkst pak\u013caut tie&scaron;iem saules stariem. Produktu nedr\u012bkst uzglab\u0101t tuv\u0101k par 0,5 m no iesl\u0113gtiem sildier\u012bc\u0113m. Iztuk&scaron;oto iepakojumu izmet k\u0101 sadz\u012bves atkritumus.<\/p>\n","protected":false},"excerpt":{"rendered":"<p>Maigi att\u012bra \u0101du un matus vis\u0101 garum\u0101 no net\u012brumiem. Satur n\u0101tru un ro\u017eu aug\u013cu ekstraktus, kuriem piem\u012bt toniz\u0113jo&scaron;as un atsvaidzino&scaron;as \u012bpa&scaron;\u012bbas. Matiem, kam nepiecie&scaron;ams papildu apjoms. Lieto&scaron;ana: uzkl\u0101t uz mitriem matiem, uzputin\u0101t, noskalot ar siltu \u016bdeni. Piesardz\u012bbas pas\u0101kumi: paredz\u0113ts tikai \u0101r\u0113jai lieto&scaron;anai. Ja nok\u013c\u016bst ac\u012bs, nekav\u0113joties izskalot ar \u016bdeni. Ir iesp\u0113jama individu\u0101la jut\u012bba pret l\u012bdzek\u013ca [&#8230;]\n","protected":false},"featured_media":104852,"template":"","meta":[],"product_cat":[1999],"product_tag":[],"class_list":{"0":"post-104311","1":"product","2":"type-product","3":"status-publish","4":"has-post-thumbnail","6":"product_brand-supermash_ua","7":"product_cat-bez-kategorijas","9":"first","10":"instock","11":"taxable","12":"shipping-taxable","13":"product-type-simple"},"_links":{"self":[{"href":"https:\/\/e.kosmolat.eu\/lv\/wp-json\/wp\/v2\/product\/104311","targetHints":{"allow":["GET"]}}],"collection":[{"href":"https:\/\/e.kosmolat.eu\/lv\/wp-json\/wp\/v2\/product"}],"about":[{"href":"https:\/\/e.kosmolat.eu\/lv\/wp-json\/wp\/v2\/types\/product"}],"wp:featuredmedia":[{"embeddable":true,"href":"https:\/\/e.kosmolat.eu\/lv\/wp-json\/wp\/v2\/media\/104852"}],"wp:attachment":[{"href":"https:\/\/e.kosmolat.eu\/lv\/wp-json\/wp\/v2\/media?parent=104311"}],"wp:term":[{"taxonomy":"product_cat","embeddable":true,"href":"https:\/\/e.kosmolat.eu\/lv\/wp-json\/wp\/v2\/product_cat?post=104311"},{"taxonomy":"product_tag","embeddable":true,"href":"https:\/\/e.kosmolat.eu\/lv\/wp-json\/wp\/v2\/product_tag?post=104311"}],"curies":[{"name":"wp","href":"https:\/\/api.w.org\/{rel}","templated":true}]}}