{"id":104303,"date":"2026-03-19T12:55:28","date_gmt":"2026-03-19T12:55:28","guid":{"rendered":"https:\/\/e.kosmolat.eu\/product\/ua%d0%bc%d0%bf%d1%83%d0%bdu-a%d0%b5%d1%82%d1%81%d0%bac%d0%b9-%d1%83%d1%82%d0%be%d1%87%d0%baa-%d0%barjaka-i%d0%b5%d0%b7-as%d0%be%d0%bca%d1%82a-170-ml\/"},"modified":"2026-04-01T09:57:02","modified_gmt":"2026-04-01T09:57:02","slug":"p-krjaka-bernu-samp-putas-bez-smarzas-170-ml","status":"publish","type":"product","link":"https:\/\/e.kosmolat.eu\/lv\/product\/p-krjaka-bernu-samp-putas-bez-smarzas-170-ml\/","title":{"rendered":"P.Krjaka B\u0113rnu \u0161amp.-putas bez smar\u017eas, 170 ml"},"content":{"rendered":"<p>Pateicoties dozatoram, &scaron;amp\u016bns p\u0101rv\u0113r&scaron;as viegl\u0101s put\u0101s, kas maigi un saudz\u012bgi att\u012bra b\u0113rna galvas \u0101du un matus. Satur D-pantenolu, kas mitrina un pie&scaron;\u0137ir sp\u012bdumu. Bez smar\u017eviel\u0101m un kr\u0101sviel\u0101m. Ieteicams b\u0113rniem no 3 gadu vecuma.<\/p>\n<p><strong>Lieto<\/strong><strong>&scaron;<\/strong><strong>ana<\/strong><strong>:<\/strong> nelielu &scaron;amp\u016bna daudzumu uzkl\u0101jiet uz mitriem matiem, uzputiniet un r\u016bp\u012bgi noskalojiet ar siltu \u016bdeni.<\/p>\n<p><strong>Piesardz<\/strong><strong>\u012b<\/strong><strong>bas<\/strong> <strong>pas<\/strong><strong>\u0101<\/strong><strong>kumi<\/strong><strong>:<\/strong> paredz\u0113ts tikai \u0101r\u0113jai lieto&scaron;anai. Ja &scaron;amp\u016bns nok\u013c\u016bst ac\u012bs, t\u0101s j\u0101skalo ar \u016bdeni. Lietot pieaugu&scaron;o uzraudz\u012bb\u0101. Ir iesp\u0113jama individu\u0101la jut\u012bba pret sast\u0101v\u0101 eso&scaron;aj\u0101m sast\u0101vda\u013c\u0101m.<\/p>\n<p><strong>Uzglab\u0101&scaron;anas nosac\u012bjumi:<\/strong> uzglab\u0101t temperat\u016br\u0101, kas nav zem\u0101ka par 5 &deg;C un nav augst\u0101ka par 25 &deg;C. Uzglab\u0101&scaron;anas laik\u0101 produktu nedr\u012bkst pak\u013caut tie&scaron;iem saules stariem. Produktu nedr\u012bkst uzglab\u0101t tuv\u0101k par 0,5 m no iesl\u0113gt\u0101m apkures ier\u012bc\u0113m. Iztuk&scaron;oto iepakojumu j\u0101utiliz\u0113 k\u0101 sadz\u012bves atkritumus.<\/p>\n","protected":false},"excerpt":{"rendered":"<p>Pateicoties dozatoram, &scaron;amp\u016bns p\u0101rv\u0113r&scaron;as viegl\u0101s put\u0101s, kas maigi un saudz\u012bgi att\u012bra b\u0113rna galvas \u0101du un matus. Satur D-pantenolu, kas mitrina un pie&scaron;\u0137ir sp\u012bdumu. Bez smar\u017eviel\u0101m un kr\u0101sviel\u0101m. Ieteicams b\u0113rniem no 3 gadu vecuma. Lieto&scaron;ana: nelielu &scaron;amp\u016bna daudzumu uzkl\u0101jiet uz mitriem matiem, uzputiniet un r\u016bp\u012bgi noskalojiet ar siltu \u016bdeni. Piesardz\u012bbas pas\u0101kumi: paredz\u0113ts tikai \u0101r\u0113jai lieto&scaron;anai. Ja [&#8230;]\n","protected":false},"featured_media":104840,"template":"","meta":[],"product_cat":[1999],"product_tag":[],"class_list":{"0":"post-104303","1":"product","2":"type-product","3":"status-publish","4":"has-post-thumbnail","6":"product_brand-supermash_ua","7":"product_cat-bez-kategorijas","9":"first","10":"instock","11":"taxable","12":"shipping-taxable","13":"product-type-simple"},"_links":{"self":[{"href":"https:\/\/e.kosmolat.eu\/lv\/wp-json\/wp\/v2\/product\/104303","targetHints":{"allow":["GET"]}}],"collection":[{"href":"https:\/\/e.kosmolat.eu\/lv\/wp-json\/wp\/v2\/product"}],"about":[{"href":"https:\/\/e.kosmolat.eu\/lv\/wp-json\/wp\/v2\/types\/product"}],"wp:featuredmedia":[{"embeddable":true,"href":"https:\/\/e.kosmolat.eu\/lv\/wp-json\/wp\/v2\/media\/104840"}],"wp:attachment":[{"href":"https:\/\/e.kosmolat.eu\/lv\/wp-json\/wp\/v2\/media?parent=104303"}],"wp:term":[{"taxonomy":"product_cat","embeddable":true,"href":"https:\/\/e.kosmolat.eu\/lv\/wp-json\/wp\/v2\/product_cat?post=104303"},{"taxonomy":"product_tag","embeddable":true,"href":"https:\/\/e.kosmolat.eu\/lv\/wp-json\/wp\/v2\/product_tag?post=104303"}],"curies":[{"name":"wp","href":"https:\/\/api.w.org\/{rel}","templated":true}]}}