{"id":104287,"date":"2026-03-19T12:13:22","date_gmt":"2026-03-19T12:13:22","guid":{"rendered":"https:\/\/e.kosmolat.eu\/product\/p-krjaka-bernu-samp-ar-kumelisu-ekstr-250-ml\/"},"modified":"2026-04-01T09:56:34","modified_gmt":"2026-04-01T09:56:34","slug":"p-krjaka-bernu-samp-ar-kumelisu-ekstr-250-ml","status":"publish","type":"product","link":"https:\/\/e.kosmolat.eu\/lv\/product\/p-krjaka-bernu-samp-ar-kumelisu-ekstr-250-ml\/","title":{"rendered":"P.Krjaka B\u0113rnu \u0161amp.ar kumel\u012b\u0161u ekstr, 250 ml"},"content":{"rendered":"<p>&Scaron;amp\u016bns maigi att\u012bra b\u0113rna matus, pie&scaron;\u0137ir tiem apjomu un maigumu, k\u0101 ar\u012b atvieglina \u0137emm\u0113&scaron;anu. Neiz\u017e\u0101v\u0113 galvas \u0101du, tam ir neitr\u0101ls pH l\u012bmenis. Satur kumel\u012b&scaron;u ekstraktu un F vitam\u012bnu. Pie&scaron;\u0137ir pat\u012bkamu arom\u0101tu. Ieteicams b\u0113rniem no tr\u012bs gadu vecuma.<\/p>\n<p><strong>Lieto&scaron;ana:<\/strong> nelielu &scaron;amp\u016bna daudzumu uzkl\u0101jiet uz mitriem matiem, uzputiniet un r\u016bp\u012bgi noskalojiet ar siltu \u016bdeni.<\/p>\n<p><strong>Piesardz\u012bbas pas\u0101kumi:<\/strong> paredz\u0113ts tikai \u0101r\u0113jai lieto&scaron;anai. Ja &scaron;amp\u016bns nok\u013c\u016bst ac\u012bs, t\u0101s j\u0101skalo ar \u016bdeni. Lietot pieaugu&scaron;o uzraudz\u012bb\u0101. Ir iesp\u0113jama individu\u0101la jut\u012bba pret sast\u0101v\u0101 eso&scaron;aj\u0101m sast\u0101vda\u013c\u0101m.<\/p>\n<p><strong>Uzglab\u0101&scaron;anas nosac\u012bjumi:<\/strong> uzglab\u0101t temperat\u016br\u0101, kas nav zem\u0101ka par 5 &deg;C un nav augst\u0101ka par 25 &deg;C. Uzglab\u0101&scaron;anas laik\u0101 produktu nedr\u012bkst pak\u013caut tie&scaron;iem saules stariem. Produktu nedr\u012bkst uzglab\u0101t tuv\u0101k par 0,5 m no iesl\u0113gt\u0101m apkures ier\u012bc\u0113m. Iztuk&scaron;oto iepakojumu j\u0101utiliz\u0113 k\u0101 sadz\u012bves atkritumus.<\/p>\n","protected":false},"excerpt":{"rendered":"<p>&Scaron;amp\u016bns maigi att\u012bra b\u0113rna matus, pie&scaron;\u0137ir tiem apjomu un maigumu, k\u0101 ar\u012b atvieglina \u0137emm\u0113&scaron;anu. Neiz\u017e\u0101v\u0113 galvas \u0101du, tam ir neitr\u0101ls pH l\u012bmenis. Satur kumel\u012b&scaron;u ekstraktu un F vitam\u012bnu. Pie&scaron;\u0137ir pat\u012bkamu arom\u0101tu. Ieteicams b\u0113rniem no tr\u012bs gadu vecuma. Lieto&scaron;ana: nelielu &scaron;amp\u016bna daudzumu uzkl\u0101jiet uz mitriem matiem, uzputiniet un r\u016bp\u012bgi noskalojiet ar siltu \u016bdeni. Piesardz\u012bbas pas\u0101kumi: paredz\u0113ts [&#8230;]\n","protected":false},"featured_media":104832,"template":"","meta":[],"product_cat":[1999],"product_tag":[],"class_list":{"0":"post-104287","1":"product","2":"type-product","3":"status-publish","4":"has-post-thumbnail","6":"product_brand-supermash_ua","7":"product_cat-bez-kategorijas","9":"first","10":"instock","11":"taxable","12":"shipping-taxable","13":"product-type-simple"},"_links":{"self":[{"href":"https:\/\/e.kosmolat.eu\/lv\/wp-json\/wp\/v2\/product\/104287","targetHints":{"allow":["GET"]}}],"collection":[{"href":"https:\/\/e.kosmolat.eu\/lv\/wp-json\/wp\/v2\/product"}],"about":[{"href":"https:\/\/e.kosmolat.eu\/lv\/wp-json\/wp\/v2\/types\/product"}],"wp:featuredmedia":[{"embeddable":true,"href":"https:\/\/e.kosmolat.eu\/lv\/wp-json\/wp\/v2\/media\/104832"}],"wp:attachment":[{"href":"https:\/\/e.kosmolat.eu\/lv\/wp-json\/wp\/v2\/media?parent=104287"}],"wp:term":[{"taxonomy":"product_cat","embeddable":true,"href":"https:\/\/e.kosmolat.eu\/lv\/wp-json\/wp\/v2\/product_cat?post=104287"},{"taxonomy":"product_tag","embeddable":true,"href":"https:\/\/e.kosmolat.eu\/lv\/wp-json\/wp\/v2\/product_tag?post=104287"}],"curies":[{"name":"wp","href":"https:\/\/api.w.org\/{rel}","templated":true}]}}