{"id":104283,"date":"2026-03-19T12:04:39","date_gmt":"2026-03-19T12:04:39","guid":{"rendered":"https:\/\/e.kosmolat.eu\/product\/p-krjaka-bernu-samp-b-aromata-250-ml\/"},"modified":"2026-04-01T06:00:50","modified_gmt":"2026-04-01T06:00:50","slug":"p-krjaka-bernu-samp-b-aromata-250-ml","status":"publish","type":"product","link":"https:\/\/e.kosmolat.eu\/lv\/product\/p-krjaka-bernu-samp-b-aromata-250-ml\/","title":{"rendered":"P.Krjaka B\u0113rnu \u0161amp. b\/arom\u0101ta, 250 ml"},"content":{"rendered":"<p>&Scaron;amp\u016bns saudz\u012bgi att\u012bra b\u0113rna matus, pie&scaron;\u0137ir tiem apjomu un maigumu, k\u0101 ar\u012b atvieglo \u0137emm\u0113&scaron;anu. Neiz\u017e\u0101v\u0113 galvas \u0101du, tam ir neitr\u0101ls pH l\u012bmenis. Satur F vitam\u012bnu. Bez smar\u017eviel\u0101m un kr\u0101sviel\u0101m. Ieteicams b\u0113rniem no tr\u012bs gadu vecuma.<\/p>\n<p><strong>Lieto&scaron;ana:<\/strong> nelielu &scaron;amp\u016bna daudzumu uzkl\u0101jiet uz mitriem matiem, uzputiniet un r\u016bp\u012bgi noskalojiet ar siltu \u016bdeni.<\/p>\n<p><strong>Piesardz\u012bbas pas\u0101kumi:<\/strong> paredz\u0113ts tikai \u0101r\u0113jai lieto&scaron;anai. Ja &scaron;amp\u016bns nok\u013c\u016bst ac\u012bs, t\u0101s j\u0101skalo ar \u016bdeni. Lietot pieaugu&scaron;o uzraudz\u012bb\u0101. Ir iesp\u0113jama individu\u0101la jut\u012bba pret sast\u0101v\u0101 eso&scaron;aj\u0101m sast\u0101vda\u013c\u0101m.<\/p>\n<h2><strong>Uzglab\u0101&scaron;anas nosac\u012bjumi:<\/strong> uzglab\u0101t temperat\u016br\u0101, kas nav zem\u0101ka par 5 &deg;C un nav augst\u0101ka par 25 &deg;C. Uzglab\u0101&scaron;anas laik\u0101 produktu nedr\u012bkst pak\u013caut tie&scaron;iem saules stariem. Produktu nedr\u012bkst uzglab\u0101t tuv\u0101k par 0,5 m no iesl\u0113gt\u0101m apkures ier\u012bc\u0113m. Iztuk&scaron;oto iepakojumu j\u0101utiliz\u0113 k\u0101 sadz\u012bves atkritumus.<\/h2>\n","protected":false},"excerpt":{"rendered":"<p>&Scaron;amp\u016bns saudz\u012bgi att\u012bra b\u0113rna matus, pie&scaron;\u0137ir tiem apjomu un maigumu, k\u0101 ar\u012b atvieglo \u0137emm\u0113&scaron;anu. Neiz\u017e\u0101v\u0113 galvas \u0101du, tam ir neitr\u0101ls pH l\u012bmenis. Satur F vitam\u012bnu. Bez smar\u017eviel\u0101m un kr\u0101sviel\u0101m. Ieteicams b\u0113rniem no tr\u012bs gadu vecuma. Lieto&scaron;ana: nelielu &scaron;amp\u016bna daudzumu uzkl\u0101jiet uz mitriem matiem, uzputiniet un r\u016bp\u012bgi noskalojiet ar siltu \u016bdeni. Piesardz\u012bbas pas\u0101kumi: paredz\u0113ts tikai \u0101r\u0113jai [&#8230;]\n","protected":false},"featured_media":104820,"template":"","meta":[],"product_cat":[1791],"product_tag":[],"class_list":{"0":"post-104283","1":"product","2":"type-product","3":"status-publish","4":"has-post-thumbnail","6":"product_brand-supermash_ua","7":"product_cat-matu-kopsana-berniem","9":"first","10":"instock","11":"taxable","12":"shipping-taxable","13":"product-type-simple"},"_links":{"self":[{"href":"https:\/\/e.kosmolat.eu\/lv\/wp-json\/wp\/v2\/product\/104283","targetHints":{"allow":["GET"]}}],"collection":[{"href":"https:\/\/e.kosmolat.eu\/lv\/wp-json\/wp\/v2\/product"}],"about":[{"href":"https:\/\/e.kosmolat.eu\/lv\/wp-json\/wp\/v2\/types\/product"}],"wp:featuredmedia":[{"embeddable":true,"href":"https:\/\/e.kosmolat.eu\/lv\/wp-json\/wp\/v2\/media\/104820"}],"wp:attachment":[{"href":"https:\/\/e.kosmolat.eu\/lv\/wp-json\/wp\/v2\/media?parent=104283"}],"wp:term":[{"taxonomy":"product_cat","embeddable":true,"href":"https:\/\/e.kosmolat.eu\/lv\/wp-json\/wp\/v2\/product_cat?post=104283"},{"taxonomy":"product_tag","embeddable":true,"href":"https:\/\/e.kosmolat.eu\/lv\/wp-json\/wp\/v2\/product_tag?post=104283"}],"curies":[{"name":"wp","href":"https:\/\/api.w.org\/{rel}","templated":true}]}}