{"id":104089,"date":"2026-03-13T12:10:55","date_gmt":"2026-03-13T12:10:55","guid":{"rendered":"https:\/\/e.kosmolat.eu\/product\/vitateka-kamparella-25-ml\/"},"modified":"2026-04-01T10:06:55","modified_gmt":"2026-04-01T10:06:55","slug":"vitateka-kamparella-25-ml","status":"publish","type":"product","link":"https:\/\/e.kosmolat.eu\/lv\/product\/vitateka-kamparella-25-ml\/","title":{"rendered":"Vitateka Kampare\u013c\u013ca, 25 ml"},"content":{"rendered":"<p>\u0100das un musku\u013cu kop&scaron;anas l\u012bdzeklis, kas pal\u012bdz atsl\u0101bin\u0101t saspringt\u0101s vietas un uzlabot komforta saj\u016btu. Vieglais kamf\u0113ra arom\u0101ts atsvaidzina un pie&scaron;\u0137ir \u0101dai pat\u012bkamu siltuma un ener\u0123ijas saj\u016btu.<\/p>\n<p><strong>Lieto&scaron;ana:<\/strong> Uzkl\u0101jiet nelielu daudzumu e\u013c\u013cas uz \u0101das un ar viegliem kust\u012bb\u0101m iemas\u0113jiet. Atk\u0101rtojiet 2&ndash;3 reizes dien\u0101. Pirms lieto&scaron;anas sakratiet.<\/p>\n<p><strong>Piesardz\u012bbas pas\u0101kumi:<\/strong> Nelietot, ja ir paaugstin\u0101ta jut\u012bba pret sast\u0101vda\u013c\u0101m. Nelietot ac\u012bs, nelietot uz g\u013cot\u0101d\u0101m. Nelietot uz liel\u0101m \u0101das plat\u012bb\u0101m. Tikai \u0101r\u0113jai lieto&scaron;anai.<\/p>\n<p><strong>Uzglab\u0101&scaron;ana:<\/strong> Uzglab\u0101t istabas temperat\u016br\u0101, no gaismas aizsarg\u0101t\u0101 viet\u0101, labi nosl\u0113gt\u0101 iepakojum\u0101, b\u0113rniem nepieejam\u0101 viet\u0101.<\/p>\n<p><\/body><\/p>\n","protected":false},"excerpt":{"rendered":"<p>\u0100das un musku\u013cu kop&scaron;anas l\u012bdzeklis, kas pal\u012bdz atsl\u0101bin\u0101t saspringt\u0101s vietas un uzlabot komforta saj\u016btu. Vieglais kamf\u0113ra arom\u0101ts atsvaidzina un pie&scaron;\u0137ir \u0101dai pat\u012bkamu siltuma un ener\u0123ijas saj\u016btu. Lieto&scaron;ana: Uzkl\u0101jiet nelielu daudzumu e\u013c\u013cas uz \u0101das un ar viegliem kust\u012bb\u0101m iemas\u0113jiet. Atk\u0101rtojiet 2&ndash;3 reizes dien\u0101. Pirms lieto&scaron;anas sakratiet. Piesardz\u012bbas pas\u0101kumi: Nelietot, ja ir paaugstin\u0101ta jut\u012bba pret sast\u0101vda\u013c\u0101m. Nelietot [&#8230;]\n","protected":false},"featured_media":105056,"template":"","meta":[],"product_cat":[1999],"product_tag":[],"class_list":{"0":"post-104089","1":"product","2":"type-product","3":"status-publish","4":"has-post-thumbnail","6":"product_brand-vitateka","7":"product_cat-bez-kategorijas","9":"first","10":"outofstock","11":"taxable","12":"shipping-taxable","13":"product-type-simple"},"_links":{"self":[{"href":"https:\/\/e.kosmolat.eu\/lv\/wp-json\/wp\/v2\/product\/104089","targetHints":{"allow":["GET"]}}],"collection":[{"href":"https:\/\/e.kosmolat.eu\/lv\/wp-json\/wp\/v2\/product"}],"about":[{"href":"https:\/\/e.kosmolat.eu\/lv\/wp-json\/wp\/v2\/types\/product"}],"wp:featuredmedia":[{"embeddable":true,"href":"https:\/\/e.kosmolat.eu\/lv\/wp-json\/wp\/v2\/media\/105056"}],"wp:attachment":[{"href":"https:\/\/e.kosmolat.eu\/lv\/wp-json\/wp\/v2\/media?parent=104089"}],"wp:term":[{"taxonomy":"product_cat","embeddable":true,"href":"https:\/\/e.kosmolat.eu\/lv\/wp-json\/wp\/v2\/product_cat?post=104089"},{"taxonomy":"product_tag","embeddable":true,"href":"https:\/\/e.kosmolat.eu\/lv\/wp-json\/wp\/v2\/product_tag?post=104089"}],"curies":[{"name":"wp","href":"https:\/\/api.w.org\/{rel}","templated":true}]}}