{"id":104085,"date":"2026-03-13T12:10:41","date_gmt":"2026-03-13T12:10:41","guid":{"rendered":"https:\/\/e.kosmolat.eu\/product\/vitateka-salicilskabe-1-25-ml\/"},"modified":"2026-04-01T10:10:34","modified_gmt":"2026-04-01T10:10:34","slug":"vitateka-salicilskabe-1-25-ml","status":"publish","type":"product","link":"https:\/\/e.kosmolat.eu\/lv\/product\/vitateka-salicilskabe-1-25-ml\/","title":{"rendered":"Vitateka Salicilsk\u0101be 1%, 25 ml"},"content":{"rendered":"<p><strong>Lieto&scaron;ana: <\/strong>2&ndash;3 reizes dien\u0101 iesm\u0113r\u0113t vai ier\u012bv\u0113t skart\u0101s \u0101das vietas ar vates tamponu, kas pies\u016bcin\u0101ts ar prepar\u0101tu. Pirms lieto&scaron;anas sakrat\u012bt.<\/p>\n<p><strong>Piesardz\u012bbas pas\u0101kumi:<\/strong> tikai \u0101r\u0113jai lieto&scaron;anai. Ne\u013caut nok\u013c\u016bt ac\u012bs, neuzkl\u0101t uz g\u013cot\u0101d\u0101m, k\u0101 ar\u012b atv\u0113rt\u0101m br\u016bc\u0113m. Neieelpot. Nelietot iek&scaron;\u0137\u012bgi. Nelietot uz liel\u0101m \u0101das plat\u012bb\u0101m. Nelietot b\u0113rniem, kas jaun\u0101ki par 3 gadiem.<\/p>\n<p><strong>Uzglab\u0101&scaron;ana: <\/strong>Uzglab\u0101t istabas temperat\u016br\u0101, no gaismas aizsarg\u0101t\u0101 viet\u0101, labi nosl\u0113gt\u0101 iepakojum\u0101, b\u0113rniem nepieejam\u0101 viet\u0101.<\/p>\n<p><\/body><\/p>\n","protected":false},"excerpt":{"rendered":"<p>Lieto&scaron;ana: 2&ndash;3 reizes dien\u0101 iesm\u0113r\u0113t vai ier\u012bv\u0113t skart\u0101s \u0101das vietas ar vates tamponu, kas pies\u016bcin\u0101ts ar prepar\u0101tu. Pirms lieto&scaron;anas sakrat\u012bt. Piesardz\u012bbas pas\u0101kumi: tikai \u0101r\u0113jai lieto&scaron;anai. Ne\u013caut nok\u013c\u016bt ac\u012bs, neuzkl\u0101t uz g\u013cot\u0101d\u0101m, k\u0101 ar\u012b atv\u0113rt\u0101m br\u016bc\u0113m. Neieelpot. Nelietot iek&scaron;\u0137\u012bgi. Nelietot uz liel\u0101m \u0101das plat\u012bb\u0101m. Nelietot b\u0113rniem, kas jaun\u0101ki par 3 gadiem. Uzglab\u0101&scaron;ana: Uzglab\u0101t istabas temperat\u016br\u0101, no [&#8230;]\n","protected":false},"featured_media":105080,"template":"","meta":[],"product_cat":[1999],"product_tag":[],"class_list":{"0":"post-104085","1":"product","2":"type-product","3":"status-publish","4":"has-post-thumbnail","6":"product_brand-vitateka","7":"product_cat-bez-kategorijas","9":"first","10":"outofstock","11":"taxable","12":"shipping-taxable","13":"product-type-simple"},"_links":{"self":[{"href":"https:\/\/e.kosmolat.eu\/lv\/wp-json\/wp\/v2\/product\/104085","targetHints":{"allow":["GET"]}}],"collection":[{"href":"https:\/\/e.kosmolat.eu\/lv\/wp-json\/wp\/v2\/product"}],"about":[{"href":"https:\/\/e.kosmolat.eu\/lv\/wp-json\/wp\/v2\/types\/product"}],"wp:featuredmedia":[{"embeddable":true,"href":"https:\/\/e.kosmolat.eu\/lv\/wp-json\/wp\/v2\/media\/105080"}],"wp:attachment":[{"href":"https:\/\/e.kosmolat.eu\/lv\/wp-json\/wp\/v2\/media?parent=104085"}],"wp:term":[{"taxonomy":"product_cat","embeddable":true,"href":"https:\/\/e.kosmolat.eu\/lv\/wp-json\/wp\/v2\/product_cat?post=104085"},{"taxonomy":"product_tag","embeddable":true,"href":"https:\/\/e.kosmolat.eu\/lv\/wp-json\/wp\/v2\/product_tag?post=104085"}],"curies":[{"name":"wp","href":"https:\/\/api.w.org\/{rel}","templated":true}]}}