{"id":104081,"date":"2026-03-13T10:23:48","date_gmt":"2026-03-13T10:23:48","guid":{"rendered":"https:\/\/e.kosmolat.eu\/product\/vitateka-kerm-krems-ar-dizdadzizosu-tauk-50-g\/"},"modified":"2026-04-01T10:06:39","modified_gmt":"2026-04-01T10:06:39","slug":"vitateka-kerm-krems-ar-dizdadzizosu-tauk-50-g","status":"publish","type":"product","link":"https:\/\/e.kosmolat.eu\/lv\/product\/vitateka-kerm-krems-ar-dizdadzizosu-tauk-50-g\/","title":{"rendered":"Vitateka \u0137erm.kr\u0113ms ar di\u017edadzi&#038;zosu tauk, 50 g"},"content":{"rendered":"","protected":false},"excerpt":{"rendered":"","protected":false},"featured_media":105052,"template":"","meta":[],"product_cat":[1999],"product_tag":[],"class_list":{"0":"post-104081","1":"product","2":"type-product","3":"status-publish","4":"has-post-thumbnail","6":"product_brand-vitateka","7":"product_cat-bez-kategorijas","9":"first","10":"outofstock","11":"taxable","12":"shipping-taxable","13":"product-type-simple"},"_links":{"self":[{"href":"https:\/\/e.kosmolat.eu\/lv\/wp-json\/wp\/v2\/product\/104081","targetHints":{"allow":["GET"]}}],"collection":[{"href":"https:\/\/e.kosmolat.eu\/lv\/wp-json\/wp\/v2\/product"}],"about":[{"href":"https:\/\/e.kosmolat.eu\/lv\/wp-json\/wp\/v2\/types\/product"}],"wp:featuredmedia":[{"embeddable":true,"href":"https:\/\/e.kosmolat.eu\/lv\/wp-json\/wp\/v2\/media\/105052"}],"wp:attachment":[{"href":"https:\/\/e.kosmolat.eu\/lv\/wp-json\/wp\/v2\/media?parent=104081"}],"wp:term":[{"taxonomy":"product_cat","embeddable":true,"href":"https:\/\/e.kosmolat.eu\/lv\/wp-json\/wp\/v2\/product_cat?post=104081"},{"taxonomy":"product_tag","embeddable":true,"href":"https:\/\/e.kosmolat.eu\/lv\/wp-json\/wp\/v2\/product_tag?post=104081"}],"curies":[{"name":"wp","href":"https:\/\/api.w.org\/{rel}","templated":true}]}}