{"id":104029,"date":"2026-03-06T09:42:08","date_gmt":"2026-03-06T09:42:08","guid":{"rendered":"https:\/\/e.kosmolat.eu\/product\/claire-collagen-active-pro-krems-filleris-acu-plakstiniem-15-ml-2\/"},"modified":"2026-04-24T06:00:02","modified_gmt":"2026-04-24T06:00:02","slug":"claire-collagen-active-pro-krems-filleris-acu-plakstiniem-15-ml-2","status":"publish","type":"product","link":"https:\/\/e.kosmolat.eu\/lv\/product\/claire-collagen-active-pro-krems-filleris-acu-plakstiniem-15-ml-2\/","title":{"rendered":"Claire Collagen Active Pro Krems-filleris acu plakstiniem 15 ml"},"content":{"rendered":"<p>Paaugstina tvirtumu un elast\u012bbu. Intens\u012bvi mitrina \u0101du. Aizpilda un izl\u012bdzina grumbas. <\/p>\n<p>Lieto\u0161ana: uzkl\u0101jiet nelielu kr\u0113ma daudzumu uz \u0101das ap ac\u012bm ar viegliem pirkstu piesitieniem.<\/p>\n","protected":false},"excerpt":{"rendered":"<p>Paaugstina tvirtumu un elast\u012bbu. Intens\u012bvi mitrina \u0101du. Aizpilda un izl\u012bdzina grumbas. Lieto\u0161ana: uzkl\u0101jiet nelielu kr\u0113ma daudzumu uz \u0101das ap ac\u012bm ar viegliem pirkstu piesitieniem.<\/p>\n","protected":false},"featured_media":104964,"template":"","meta":[],"product_cat":[1588],"product_tag":[],"class_list":{"0":"post-104029","1":"product","2":"type-product","3":"status-publish","4":"has-post-thumbnail","6":"product_brand-private-label","7":"product_cat-acu-kremi","9":"first","10":"instock","11":"taxable","12":"shipping-taxable","13":"product-type-simple"},"_links":{"self":[{"href":"https:\/\/e.kosmolat.eu\/lv\/wp-json\/wp\/v2\/product\/104029","targetHints":{"allow":["GET"]}}],"collection":[{"href":"https:\/\/e.kosmolat.eu\/lv\/wp-json\/wp\/v2\/product"}],"about":[{"href":"https:\/\/e.kosmolat.eu\/lv\/wp-json\/wp\/v2\/types\/product"}],"wp:featuredmedia":[{"embeddable":true,"href":"https:\/\/e.kosmolat.eu\/lv\/wp-json\/wp\/v2\/media\/104964"}],"wp:attachment":[{"href":"https:\/\/e.kosmolat.eu\/lv\/wp-json\/wp\/v2\/media?parent=104029"}],"wp:term":[{"taxonomy":"product_cat","embeddable":true,"href":"https:\/\/e.kosmolat.eu\/lv\/wp-json\/wp\/v2\/product_cat?post=104029"},{"taxonomy":"product_tag","embeddable":true,"href":"https:\/\/e.kosmolat.eu\/lv\/wp-json\/wp\/v2\/product_tag?post=104029"}],"curies":[{"name":"wp","href":"https:\/\/api.w.org\/{rel}","templated":true}]}}