{"id":104025,"date":"2026-03-06T09:35:34","date_gmt":"2026-03-06T09:35:34","guid":{"rendered":"https:\/\/e.kosmolat.eu\/product\/claire-collagen-active-pro-nakts-kr-55-visiem-ad-tip-50-ml\/"},"modified":"2026-04-24T06:19:12","modified_gmt":"2026-04-24T06:19:12","slug":"claire-collagen-active-pro-nakts-kr-55-visiem-ad-tip-50-ml","status":"publish","type":"product","link":"https:\/\/e.kosmolat.eu\/lv\/product\/claire-collagen-active-pro-nakts-kr-55-visiem-ad-tip-50-ml\/","title":{"rendered":"CLAIRE Collagen Active Pro Nakts kr. 55+ visiem \u0101d. tip., 50 ml"},"content":{"rendered":"<p>Paaugstina \u0101das tvirtumu. Intens\u012bvi mitrina. Izl\u012bdzina dzi\u013c\u0101s grumbas. <\/p>\n<p>Lieto\u0161ana: uzkl\u0101jiet kr\u0113mu vakar\u0101 uz att\u012br\u012btas sejas \u0101das, kakla un dekolt\u0113 zonas pa mas\u0101\u017eas l\u012bnij\u0101m. Lai sasniegtu maksim\u0101lu efektu, ieteicams pirms kr\u0113ma uzkl\u0101\u0161anas mitrin\u0101t \u0101du ar COLLAGEN ACTIVE PRO toniku.<\/p>\n","protected":false},"excerpt":{"rendered":"<p>Paaugstina \u0101das tvirtumu. Intens\u012bvi mitrina. Izl\u012bdzina dzi\u013c\u0101s grumbas. Lieto\u0161ana: uzkl\u0101jiet kr\u0113mu vakar\u0101 uz att\u012br\u012btas sejas \u0101das, kakla un dekolt\u0113 zonas pa mas\u0101\u017eas l\u012bnij\u0101m. Lai sasniegtu maksim\u0101lu efektu, ieteicams pirms kr\u0113ma uzkl\u0101\u0161anas mitrin\u0101t \u0101du ar COLLAGEN ACTIVE PRO toniku.<\/p>\n","protected":false},"featured_media":104996,"template":"","meta":[],"product_cat":[1676],"product_tag":[],"class_list":{"0":"post-104025","1":"product","2":"type-product","3":"status-publish","4":"has-post-thumbnail","6":"product_brand-private-label","7":"product_cat-sejas-kopsanai-viriesiem","9":"first","10":"instock","11":"taxable","12":"shipping-taxable","13":"product-type-simple"},"_links":{"self":[{"href":"https:\/\/e.kosmolat.eu\/lv\/wp-json\/wp\/v2\/product\/104025","targetHints":{"allow":["GET"]}}],"collection":[{"href":"https:\/\/e.kosmolat.eu\/lv\/wp-json\/wp\/v2\/product"}],"about":[{"href":"https:\/\/e.kosmolat.eu\/lv\/wp-json\/wp\/v2\/types\/product"}],"wp:featuredmedia":[{"embeddable":true,"href":"https:\/\/e.kosmolat.eu\/lv\/wp-json\/wp\/v2\/media\/104996"}],"wp:attachment":[{"href":"https:\/\/e.kosmolat.eu\/lv\/wp-json\/wp\/v2\/media?parent=104025"}],"wp:term":[{"taxonomy":"product_cat","embeddable":true,"href":"https:\/\/e.kosmolat.eu\/lv\/wp-json\/wp\/v2\/product_cat?post=104025"},{"taxonomy":"product_tag","embeddable":true,"href":"https:\/\/e.kosmolat.eu\/lv\/wp-json\/wp\/v2\/product_tag?post=104025"}],"curies":[{"name":"wp","href":"https:\/\/api.w.org\/{rel}","templated":true}]}}