{"id":104021,"date":"2026-03-06T09:35:20","date_gmt":"2026-03-06T09:35:20","guid":{"rendered":"https:\/\/e.kosmolat.eu\/product\/claire-collagen-active-pro-dienas-kr-55-visiem-ad-tip-50-ml\/"},"modified":"2026-04-24T06:19:24","modified_gmt":"2026-04-24T06:19:24","slug":"claire-collagen-active-pro-dienas-kr-55-visiem-ad-tip-50-ml","status":"publish","type":"product","link":"https:\/\/e.kosmolat.eu\/lv\/product\/claire-collagen-active-pro-dienas-kr-55-visiem-ad-tip-50-ml\/","title":{"rendered":"CLAIRE Collagen Active Pro Dienas kr. 55+ visiem \u0101d. tip., 50 ml"},"content":{"rendered":"<p>Samazina grumbas. Dzi\u013ci mitrina un baro. Savelk sejas kont\u016bras. <\/p>\n<p>Lieto\u0161ana: uzkl\u0101jiet kr\u0113mu no r\u012bta uz att\u012br\u012btas sejas \u0101das, kakla un dekolt\u0113 zonas pa mas\u0101\u017eas l\u012bnij\u0101m. Lai sasniegtu maksim\u0101lu efektu, ieteicams pirms kr\u0113ma uzkl\u0101\u0161anas mitrin\u0101t \u0101du ar COLLAGEN ACTIVE PRO toniku. Kr\u0113mu var izmantot k\u0101 grima b\u0101zi.<\/p>\n","protected":false},"excerpt":{"rendered":"<p>Samazina grumbas. Dzi\u013ci mitrina un baro. Savelk sejas kont\u016bras. Lieto\u0161ana: uzkl\u0101jiet kr\u0113mu no r\u012bta uz att\u012br\u012btas sejas \u0101das, kakla un dekolt\u0113 zonas pa mas\u0101\u017eas l\u012bnij\u0101m. Lai sasniegtu maksim\u0101lu efektu, ieteicams pirms kr\u0113ma uzkl\u0101\u0161anas mitrin\u0101t \u0101du ar COLLAGEN ACTIVE PRO toniku. Kr\u0113mu var izmantot k\u0101 grima b\u0101zi.<\/p>\n","protected":false},"featured_media":105000,"template":"","meta":[],"product_cat":[1323],"product_tag":[],"class_list":{"0":"post-104021","1":"product","2":"type-product","3":"status-publish","4":"has-post-thumbnail","6":"product_brand-private-label","7":"product_cat-1323","9":"first","10":"instock","11":"taxable","12":"shipping-taxable","13":"product-type-simple"},"_links":{"self":[{"href":"https:\/\/e.kosmolat.eu\/lv\/wp-json\/wp\/v2\/product\/104021","targetHints":{"allow":["GET"]}}],"collection":[{"href":"https:\/\/e.kosmolat.eu\/lv\/wp-json\/wp\/v2\/product"}],"about":[{"href":"https:\/\/e.kosmolat.eu\/lv\/wp-json\/wp\/v2\/types\/product"}],"wp:featuredmedia":[{"embeddable":true,"href":"https:\/\/e.kosmolat.eu\/lv\/wp-json\/wp\/v2\/media\/105000"}],"wp:attachment":[{"href":"https:\/\/e.kosmolat.eu\/lv\/wp-json\/wp\/v2\/media?parent=104021"}],"wp:term":[{"taxonomy":"product_cat","embeddable":true,"href":"https:\/\/e.kosmolat.eu\/lv\/wp-json\/wp\/v2\/product_cat?post=104021"},{"taxonomy":"product_tag","embeddable":true,"href":"https:\/\/e.kosmolat.eu\/lv\/wp-json\/wp\/v2\/product_tag?post=104021"}],"curies":[{"name":"wp","href":"https:\/\/api.w.org\/{rel}","templated":true}]}}