{"id":104017,"date":"2026-03-05T13:31:23","date_gmt":"2026-03-05T13:31:23","guid":{"rendered":"https:\/\/e.kosmolat.eu\/product\/helia-d-cell-concept-cell-renewal-hand-cream-55-75-ml\/"},"modified":"2026-04-17T12:25:02","modified_gmt":"2026-04-17T12:25:02","slug":"helia-d-cell-concept-roku-krems-55-75-ml","status":"publish","type":"product","link":"https:\/\/e.kosmolat.eu\/lv\/product\/helia-d-cell-concept-roku-krems-55-75-ml\/","title":{"rendered":"Helia-D Cell Concept roku kr\u0113ms 55+, 75 ml"},"content":{"rendered":"<p>\u0100tri uzs\u016bco\u0161s, mitrino\u0161s un re\u0123ener\u0113jo\u0161s roku kr\u0113ms nobriedu\u0161ai \u0101dai, piem\u0113rots visiem \u0101das tipiem.<br \/>\nSast\u0101v\u0101 ir hialuronsk\u0101be, augu izcelsmes sast\u0101vda\u013cas (arg\u0101na e\u013c\u013ca, ur\u012bnviela, Homeostatine\u2122), C vitam\u012bns un glicer\u012bns.<\/p>\n<p>Regul\u0101ri lietojot, tas var pal\u012bdz\u0113t mazin\u0101t noveco\u0161an\u0101s paz\u012bmes un padar\u012bt \u0101du glud\u0101ku, m\u012bkst\u0101ku un lab\u0101k mitrin\u0101tu.<\/p>\n","protected":false},"excerpt":{"rendered":"<p>\u0100tri uzs\u016bco\u0161s, mitrino\u0161s un re\u0123ener\u0113jo\u0161s roku kr\u0113ms nobriedu\u0161ai \u0101dai, piem\u0113rots visiem \u0101das tipiem. Sast\u0101v\u0101 ir hialuronsk\u0101be, augu izcelsmes sast\u0101vda\u013cas (arg\u0101na e\u013c\u013ca, ur\u012bnviela, Homeostatine\u2122), C vitam\u012bns un glicer\u012bns. Regul\u0101ri lietojot, tas var pal\u012bdz\u0113t mazin\u0101t noveco\u0161an\u0101s paz\u012bmes un padar\u012bt \u0101du glud\u0101ku, m\u012bkst\u0101ku un lab\u0101k mitrin\u0101tu.<\/p>\n","protected":false},"featured_media":104536,"template":"","meta":[],"product_cat":[1302],"product_tag":[],"class_list":{"0":"post-104017","1":"product","2":"type-product","3":"status-publish","4":"has-post-thumbnail","6":"product_brand-heliad_hu","7":"product_cat-roku-kopsanas-kosmetika","9":"first","10":"outofstock","11":"taxable","12":"shipping-taxable","13":"product-type-simple"},"_links":{"self":[{"href":"https:\/\/e.kosmolat.eu\/lv\/wp-json\/wp\/v2\/product\/104017","targetHints":{"allow":["GET"]}}],"collection":[{"href":"https:\/\/e.kosmolat.eu\/lv\/wp-json\/wp\/v2\/product"}],"about":[{"href":"https:\/\/e.kosmolat.eu\/lv\/wp-json\/wp\/v2\/types\/product"}],"wp:featuredmedia":[{"embeddable":true,"href":"https:\/\/e.kosmolat.eu\/lv\/wp-json\/wp\/v2\/media\/104536"}],"wp:attachment":[{"href":"https:\/\/e.kosmolat.eu\/lv\/wp-json\/wp\/v2\/media?parent=104017"}],"wp:term":[{"taxonomy":"product_cat","embeddable":true,"href":"https:\/\/e.kosmolat.eu\/lv\/wp-json\/wp\/v2\/product_cat?post=104017"},{"taxonomy":"product_tag","embeddable":true,"href":"https:\/\/e.kosmolat.eu\/lv\/wp-json\/wp\/v2\/product_tag?post=104017"}],"curies":[{"name":"wp","href":"https:\/\/api.w.org\/{rel}","templated":true}]}}