{"id":104013,"date":"2026-03-05T13:31:08","date_gmt":"2026-03-05T13:31:08","guid":{"rendered":"https:\/\/e.kosmolat.eu\/product\/helia-d-cell-concept-nakts-krems-55-50-ml\/"},"modified":"2026-04-23T05:51:18","modified_gmt":"2026-04-23T05:51:18","slug":"helia-d-cell-concept-nakts-krems-55-50-ml","status":"publish","type":"product","link":"https:\/\/e.kosmolat.eu\/lv\/product\/helia-d-cell-concept-nakts-krems-55-50-ml\/","title":{"rendered":"Helia-D Cell Concept nakts kr\u0113ms 55+, 50 ml"},"content":{"rendered":"<p>Bag\u0101t\u012bgas tekst\u016bras sejas nakts kr\u0113ms nobriedu\u0161ai \u0101dai. Kr\u0113ma sast\u0101v\u0101 eso\u0161\u0101s akt\u012bv\u0101s sast\u0101vda\u013cas (Argireline\u00ae pept\u012bds, hialuronsk\u0101be, retinols) var pal\u012bdz\u0113t mazin\u0101t grumbas, veicin\u0101t \u0101das re\u0123ener\u0101ciju un padar\u012bt \u0101du elast\u012bg\u0101ku un tvirt\u0101ku.<br \/>\nCitas v\u0113rt\u012bgas augu izcelsmes sast\u0101vda\u013cas (arg\u0101na cilmes \u0161\u016bnu ekstrakts, jojobas e\u013c\u013ca, smilts\u0113rk\u0161\u0137u e\u013c\u013ca un provitam\u012bns B5) var veicin\u0101t m\u012bkst\u0101ku, svaig\u0101ku un lab\u0101k mitrin\u0101tas \u0101das izskatu.<br \/>\nArgireline\u00ae pept\u012bds, hialuronsk\u0101be, retinols.<br \/>\nBag\u0101t\u012bga tekst\u016bra papildu \u0101das baro\u0161anai.<br \/>\nDermatolo\u0123iski test\u0113ts.<\/p>\n<p>Lieto\u0161ana: Uzkl\u0101jiet katru vakaru p\u0113c \u0101das att\u012br\u012b\u0161anas, vienm\u0113r\u012bgi iemas\u0113jot sejas un kakla \u0101d\u0101. Izvairieties no saskares ar ac\u012bm.<\/p>\n<p>Rezult\u0101ts: \u0100da k\u013c\u016bst pat\u012bkama uz tausti. Regul\u0101ri lietojot, var mazin\u0101ties grumbu dzi\u013cums, un \u0101da var izskat\u012bties glud\u0101ka, stingr\u0101ka un elast\u012bg\u0101ka.<\/p>\n<p>Br\u012bdin\u0101jums: satur A vitam\u012bnu. L\u016bgums pirms lieto\u0161anas p\u0101rdom\u0101t savu dienas devu.<\/p>\n","protected":false},"excerpt":{"rendered":"<p>Bag\u0101t\u012bgas tekst\u016bras sejas nakts kr\u0113ms nobriedu\u0161ai \u0101dai. Kr\u0113ma sast\u0101v\u0101 eso\u0161\u0101s akt\u012bv\u0101s sast\u0101vda\u013cas (Argireline\u00ae pept\u012bds, hialuronsk\u0101be, retinols) var pal\u012bdz\u0113t mazin\u0101t grumbas, veicin\u0101t \u0101das re\u0123ener\u0101ciju un padar\u012bt \u0101du elast\u012bg\u0101ku un tvirt\u0101ku. Citas v\u0113rt\u012bgas augu izcelsmes sast\u0101vda\u013cas (arg\u0101na cilmes \u0161\u016bnu ekstrakts, jojobas e\u013c\u013ca, smilts\u0113rk\u0161\u0137u e\u013c\u013ca un provitam\u012bns B5) var veicin\u0101t m\u012bkst\u0101ku, svaig\u0101ku un lab\u0101k mitrin\u0101tas \u0101das izskatu. Argireline\u00ae [&#8230;]\n","protected":false},"featured_media":104532,"template":"","meta":[],"product_cat":[1676],"product_tag":[],"class_list":{"0":"post-104013","1":"product","2":"type-product","3":"status-publish","4":"has-post-thumbnail","6":"product_brand-heliad_hu","7":"product_cat-sejas-kopsanai-viriesiem","9":"first","10":"instock","11":"taxable","12":"shipping-taxable","13":"product-type-simple"},"_links":{"self":[{"href":"https:\/\/e.kosmolat.eu\/lv\/wp-json\/wp\/v2\/product\/104013","targetHints":{"allow":["GET"]}}],"collection":[{"href":"https:\/\/e.kosmolat.eu\/lv\/wp-json\/wp\/v2\/product"}],"about":[{"href":"https:\/\/e.kosmolat.eu\/lv\/wp-json\/wp\/v2\/types\/product"}],"wp:featuredmedia":[{"embeddable":true,"href":"https:\/\/e.kosmolat.eu\/lv\/wp-json\/wp\/v2\/media\/104532"}],"wp:attachment":[{"href":"https:\/\/e.kosmolat.eu\/lv\/wp-json\/wp\/v2\/media?parent=104013"}],"wp:term":[{"taxonomy":"product_cat","embeddable":true,"href":"https:\/\/e.kosmolat.eu\/lv\/wp-json\/wp\/v2\/product_cat?post=104013"},{"taxonomy":"product_tag","embeddable":true,"href":"https:\/\/e.kosmolat.eu\/lv\/wp-json\/wp\/v2\/product_tag?post=104013"}],"curies":[{"name":"wp","href":"https:\/\/api.w.org\/{rel}","templated":true}]}}