{"id":104009,"date":"2026-03-05T13:23:56","date_gmt":"2026-03-05T13:23:56","guid":{"rendered":"https:\/\/e.kosmolat.eu\/product\/helia-d-cell-concept-dienas-krems-65-50-ml\/"},"modified":"2026-04-17T12:25:18","modified_gmt":"2026-04-17T12:25:18","slug":"helia-d-cell-concept-dienas-krems-65-50-ml","status":"publish","type":"product","link":"https:\/\/e.kosmolat.eu\/lv\/product\/helia-d-cell-concept-dienas-krems-65-50-ml\/","title":{"rendered":"Helia-D Cell Concept dienas kr\u0113ms 65+, 50 ml"},"content":{"rendered":"<p>Dienas kr\u0113ms ar SPF 20 UVA\/UVB filtru c\u012b\u0146ai pret dzi\u013c\u0101k\u0101m grumb\u0101m. Kr\u0113ma sast\u0101v\u0101 eso\u0161\u0101s akt\u012bv\u0101s sast\u0101vda\u013cas (Matrixyl\u00ae 3000 pept\u012bds, hialuronsk\u0101be, niacinam\u012bds, liftinga komplekss) var pal\u012bdz\u0113t mazin\u0101t grumbas, uzlabot \u0101das aizsargfunkciju un padar\u012bt \u0101du m\u012bkst\u0101ku un elast\u012bg\u0101ku.<br \/>\nCitas v\u0113rt\u012bgas augu izcelsmes sast\u0101vda\u013cas (Alpu rozes cilmes \u0161\u016bnu ekstrakts, ol\u012bve\u013c\u013ca, \u0161\u012b sviests, avokado e\u013c\u013ca) veicina m\u012bkst\u0101ku, svaig\u0101ku un lab\u0101k mitrin\u0101tas \u0101das izskatu.<br \/>\nMatrixyl\u00ae 3000 pept\u012bds, hialuronsk\u0101be, niacinam\u012bds, liftinga komplekss.<br \/>\nSPF 20 aizsardz\u012bba pret sauli.<br \/>\nDermatolo\u0123iski test\u0113ts.<\/p>\n<p>Lieto\u0161ana: Uzkl\u0101jiet katru dienu p\u0113c \u0101das att\u012br\u012b\u0161anas, vienm\u0113r\u012bgi iemas\u0113jot sejas un kakla \u0101d\u0101. Izvairieties no saskares ar ac\u012bm.<\/p>\n<p>Rezult\u0101ts: \u0100da k\u013c\u016bst pat\u012bkama uz tausti. Regul\u0101ri lietojot, var samazin\u0101ties grumbu dzi\u013cums, un \u0101da izskat\u0101s glud\u0101ka, stingr\u0101ka un elast\u012bg\u0101ka.<\/p>\n","protected":false},"excerpt":{"rendered":"<p>Dienas kr\u0113ms ar SPF 20 UVA\/UVB filtru c\u012b\u0146ai pret dzi\u013c\u0101k\u0101m grumb\u0101m. Kr\u0113ma sast\u0101v\u0101 eso\u0161\u0101s akt\u012bv\u0101s sast\u0101vda\u013cas (Matrixyl\u00ae 3000 pept\u012bds, hialuronsk\u0101be, niacinam\u012bds, liftinga komplekss) var pal\u012bdz\u0113t mazin\u0101t grumbas, uzlabot \u0101das aizsargfunkciju un padar\u012bt \u0101du m\u012bkst\u0101ku un elast\u012bg\u0101ku. Citas v\u0113rt\u012bgas augu izcelsmes sast\u0101vda\u013cas (Alpu rozes cilmes \u0161\u016bnu ekstrakts, ol\u012bve\u013c\u013ca, \u0161\u012b sviests, avokado e\u013c\u013ca) veicina m\u012bkst\u0101ku, svaig\u0101ku un [&#8230;]\n","protected":false},"featured_media":104556,"template":"","meta":[],"product_cat":[1320],"product_tag":[],"class_list":{"0":"post-104009","1":"product","2":"type-product","3":"status-publish","4":"has-post-thumbnail","6":"product_brand-heliad_hu","7":"product_cat-sejas-kremi","9":"first","10":"instock","11":"taxable","12":"shipping-taxable","13":"product-type-simple"},"_links":{"self":[{"href":"https:\/\/e.kosmolat.eu\/lv\/wp-json\/wp\/v2\/product\/104009","targetHints":{"allow":["GET"]}}],"collection":[{"href":"https:\/\/e.kosmolat.eu\/lv\/wp-json\/wp\/v2\/product"}],"about":[{"href":"https:\/\/e.kosmolat.eu\/lv\/wp-json\/wp\/v2\/types\/product"}],"wp:featuredmedia":[{"embeddable":true,"href":"https:\/\/e.kosmolat.eu\/lv\/wp-json\/wp\/v2\/media\/104556"}],"wp:attachment":[{"href":"https:\/\/e.kosmolat.eu\/lv\/wp-json\/wp\/v2\/media?parent=104009"}],"wp:term":[{"taxonomy":"product_cat","embeddable":true,"href":"https:\/\/e.kosmolat.eu\/lv\/wp-json\/wp\/v2\/product_cat?post=104009"},{"taxonomy":"product_tag","embeddable":true,"href":"https:\/\/e.kosmolat.eu\/lv\/wp-json\/wp\/v2\/product_tag?post=104009"}],"curies":[{"name":"wp","href":"https:\/\/api.w.org\/{rel}","templated":true}]}}