{"id":104001,"date":"2026-03-05T10:36:20","date_gmt":"2026-03-05T10:36:20","guid":{"rendered":"https:\/\/e.kosmolat.eu\/product\/claire-collagen-active-pro-pienins-makijazas-nonemsanai-jebkura-tipa-adai-200-ml\/"},"modified":"2026-04-24T06:00:32","modified_gmt":"2026-04-24T06:00:32","slug":"claire-collagen-active-pro-pienins-makijazas-nonemsanai-jebkura-tipa-adai-200-ml","status":"publish","type":"product","link":"https:\/\/e.kosmolat.eu\/lv\/product\/claire-collagen-active-pro-pienins-makijazas-nonemsanai-jebkura-tipa-adai-200-ml\/","title":{"rendered":"Claire Collagen Active Pro Pieni\u0146\u0161 makij\u0101\u017eas no\u0146em\u0161anai jebkura tipa \u0101dai 200 ml"},"content":{"rendered":"<p>Ar mat\u0113jo\u0161u efektu. Mitrina, m\u012bkstina un baro \u0101du. Formula saudz\u012bgi no\u0146em dekorat\u012bvo kosm\u0113tiku un net\u012brumus, neradot kairin\u0101jumu. <\/p>\n<p>Lieto\u0161ana: uzkl\u0101t uz vates diska un ar viegl\u0101m kust\u012bb\u0101m no\u0146emt kosm\u0113tiku un net\u012brumus.<\/p>\n","protected":false},"excerpt":{"rendered":"<p>Ar mat\u0113jo\u0161u efektu. Mitrina, m\u012bkstina un baro \u0101du. Formula saudz\u012bgi no\u0146em dekorat\u012bvo kosm\u0113tiku un net\u012brumus, neradot kairin\u0101jumu. Lieto\u0161ana: uzkl\u0101t uz vates diska un ar viegl\u0101m kust\u012bb\u0101m no\u0146emt kosm\u0113tiku un net\u012brumus.<\/p>\n","protected":false},"featured_media":104972,"template":"","meta":[],"product_cat":[1677],"product_tag":[],"class_list":{"0":"post-104001","1":"product","2":"type-product","3":"status-publish","4":"has-post-thumbnail","6":"product_brand-private-label","7":"product_cat-1677","9":"first","10":"instock","11":"taxable","12":"shipping-taxable","13":"product-type-simple"},"_links":{"self":[{"href":"https:\/\/e.kosmolat.eu\/lv\/wp-json\/wp\/v2\/product\/104001","targetHints":{"allow":["GET"]}}],"collection":[{"href":"https:\/\/e.kosmolat.eu\/lv\/wp-json\/wp\/v2\/product"}],"about":[{"href":"https:\/\/e.kosmolat.eu\/lv\/wp-json\/wp\/v2\/types\/product"}],"wp:featuredmedia":[{"embeddable":true,"href":"https:\/\/e.kosmolat.eu\/lv\/wp-json\/wp\/v2\/media\/104972"}],"wp:attachment":[{"href":"https:\/\/e.kosmolat.eu\/lv\/wp-json\/wp\/v2\/media?parent=104001"}],"wp:term":[{"taxonomy":"product_cat","embeddable":true,"href":"https:\/\/e.kosmolat.eu\/lv\/wp-json\/wp\/v2\/product_cat?post=104001"},{"taxonomy":"product_tag","embeddable":true,"href":"https:\/\/e.kosmolat.eu\/lv\/wp-json\/wp\/v2\/product_tag?post=104001"}],"curies":[{"name":"wp","href":"https:\/\/api.w.org\/{rel}","templated":true}]}}