{"id":103997,"date":"2026-03-05T10:36:06","date_gmt":"2026-03-05T10:36:06","guid":{"rendered":"https:\/\/e.kosmolat.eu\/product\/claire-collagen-active-pro-mitrinoss-toniks-200-ml-2\/"},"modified":"2026-04-24T06:00:19","modified_gmt":"2026-04-24T06:00:19","slug":"claire-collagen-active-pro-mitrinoss-toniks-200-ml-2","status":"publish","type":"product","link":"https:\/\/e.kosmolat.eu\/lv\/product\/claire-collagen-active-pro-mitrinoss-toniks-200-ml-2\/","title":{"rendered":"CLAIRE Collagen Active Pro Mitrino\u0161s toniks, 200 ml"},"content":{"rendered":"<p>Toniz\u0113 \u0101du. Izl\u012bdzina mikroreljefu. Intens\u012bvi mitrina. Atjauno pH l\u012bdzsvaru. Nosl\u0113dz att\u012br\u012b\u0161anas etapu un saudz\u012bgi r\u016bp\u0113jas J\u016bsu \u0101du, sagatavojot to turpm\u0101kaj\u0101m kop\u0161anas proced\u016br\u0101m. <\/p>\n<p>Lieto\u0161ana: samitriniet ar toniku vates disku un not\u012briet sejas un kakla \u0101du, kas iepriek\u0161 att\u012br\u012bta ar \u017eeleju vai put\u0101m sejas mazg\u0101\u0161anai. Partijas Nr.: skat. uz iepakojuma. P\u0113c atv\u0113r\u0161anas izlietot 12 m\u0113n. laik\u0101.<\/p>\n","protected":false},"excerpt":{"rendered":"<p>Toniz\u0113 \u0101du. Izl\u012bdzina mikroreljefu. Intens\u012bvi mitrina. Atjauno pH l\u012bdzsvaru. Nosl\u0113dz att\u012br\u012b\u0161anas etapu un saudz\u012bgi r\u016bp\u0113jas J\u016bsu \u0101du, sagatavojot to turpm\u0101kaj\u0101m kop\u0161anas proced\u016br\u0101m. Lieto\u0161ana: samitriniet ar toniku vates disku un not\u012briet sejas un kakla \u0101du, kas iepriek\u0161 att\u012br\u012bta ar \u017eeleju vai put\u0101m sejas mazg\u0101\u0161anai. Partijas Nr.: skat. uz iepakojuma. P\u0113c atv\u0113r\u0161anas izlietot 12 m\u0113n. laik\u0101.<\/p>\n","protected":false},"featured_media":104968,"template":"","meta":[],"product_cat":[1677],"product_tag":[],"class_list":{"0":"post-103997","1":"product","2":"type-product","3":"status-publish","4":"has-post-thumbnail","6":"product_brand-private-label","7":"product_cat-1677","9":"first","10":"instock","11":"taxable","12":"shipping-taxable","13":"product-type-simple"},"_links":{"self":[{"href":"https:\/\/e.kosmolat.eu\/lv\/wp-json\/wp\/v2\/product\/103997","targetHints":{"allow":["GET"]}}],"collection":[{"href":"https:\/\/e.kosmolat.eu\/lv\/wp-json\/wp\/v2\/product"}],"about":[{"href":"https:\/\/e.kosmolat.eu\/lv\/wp-json\/wp\/v2\/types\/product"}],"wp:featuredmedia":[{"embeddable":true,"href":"https:\/\/e.kosmolat.eu\/lv\/wp-json\/wp\/v2\/media\/104968"}],"wp:attachment":[{"href":"https:\/\/e.kosmolat.eu\/lv\/wp-json\/wp\/v2\/media?parent=103997"}],"wp:term":[{"taxonomy":"product_cat","embeddable":true,"href":"https:\/\/e.kosmolat.eu\/lv\/wp-json\/wp\/v2\/product_cat?post=103997"},{"taxonomy":"product_tag","embeddable":true,"href":"https:\/\/e.kosmolat.eu\/lv\/wp-json\/wp\/v2\/product_tag?post=103997"}],"curies":[{"name":"wp","href":"https:\/\/api.w.org\/{rel}","templated":true}]}}