{"id":103992,"date":"2026-03-03T15:32:45","date_gmt":"2026-03-03T15:32:45","guid":{"rendered":"https:\/\/e.kosmolat.eu\/product\/famirel-dead-sea-dez-ar-alveju-un-vit-50-ml\/"},"modified":"2026-04-21T05:44:04","modified_gmt":"2026-04-21T05:44:04","slug":"famirel-dead-sea-dez-ar-alveju-un-vit-50-ml","status":"publish","type":"product","link":"https:\/\/e.kosmolat.eu\/lv\/product\/famirel-dead-sea-dez-ar-alveju-un-vit-50-ml\/","title":{"rendered":"Famirel Dead Sea Dez.ar alveju un vit., 50 ml"},"content":{"rendered":"<p>Jau no pirmaj\u0101m sekund\u0113m j\u016btamas v\u0113sino\u0161as piparm\u0113tru un sul\u012bga gur\u0137a notis, kas uz \u0101das rada viegluma un svaiguma efektu. Delik\u0101ti alvejas akcenti pie\u0161\u0137ir maigumu, padarot arom\u0101tu mier\u012bgu un harmonisku.<br \/>\nMaiga kop\u0161ana un uzticama aizsardz\u012bba katru dienu.<br \/>\n\u0160is alum\u012bnija nesaturo\u0161ais dezodorants ar alveju maigi nomierina \u0101du, nov\u0113r\u0161ot kairin\u0101jumu, bet E vitam\u012bns un pantenols intens\u012bvi baro, mitrina un uztur dabisko l\u012bdzsvaru. Nodro\u0161ina ilgsto\u0161u aizsardz\u012bbu, sniedz svaiguma un komforta saj\u016btu un atst\u0101j uz \u0101das vieglu, atsvaidzino\u0161u arom\u0101tu.<br \/>\nDabiska kop\u0161ana, komforts un p\u0101rliec\u012bba \u2014 katru dienu.<\/p>\n<p>Lieto\u0161ana: Uzkl\u0101jiet uz t\u012bras, sausas padus\u0113s \u0101das, \u013caujiet no\u017e\u016bt. Lietojiet katru dienu vai p\u0113c nepiecie\u0161am\u012bbas, lai nodro\u0161in\u0101tu ilgsto\u0161u svaigumu un aizsardz\u012bbu.<\/p>\n<p>Piesardz\u012bbas pas\u0101kumi: Tikai \u0101r\u0113jai lieto\u0161anai. Nelietojiet uz boj\u0101tu vai iekaisu\u0161u \u0101du.<\/p>\n","protected":false},"excerpt":{"rendered":"<p>Jau no pirmaj\u0101m sekund\u0113m j\u016btamas v\u0113sino\u0161as piparm\u0113tru un sul\u012bga gur\u0137a notis, kas uz \u0101das rada viegluma un svaiguma efektu. Delik\u0101ti alvejas akcenti pie\u0161\u0137ir maigumu, padarot arom\u0101tu mier\u012bgu un harmonisku. Maiga kop\u0161ana un uzticama aizsardz\u012bba katru dienu. \u0160is alum\u012bnija nesaturo\u0161ais dezodorants ar alveju maigi nomierina \u0101du, nov\u0113r\u0161ot kairin\u0101jumu, bet E vitam\u012bns un pantenols intens\u012bvi baro, mitrina [&#8230;]\n","protected":false},"featured_media":104504,"template":"","meta":[],"product_cat":[1423],"product_tag":[],"class_list":{"0":"post-103992","1":"product","2":"type-product","3":"status-publish","4":"has-post-thumbnail","6":"product_brand-famirel-il","7":"product_cat-sieviesu-dezodoranti","9":"first","10":"outofstock","11":"taxable","12":"shipping-taxable","13":"product-type-simple"},"_links":{"self":[{"href":"https:\/\/e.kosmolat.eu\/lv\/wp-json\/wp\/v2\/product\/103992","targetHints":{"allow":["GET"]}}],"collection":[{"href":"https:\/\/e.kosmolat.eu\/lv\/wp-json\/wp\/v2\/product"}],"about":[{"href":"https:\/\/e.kosmolat.eu\/lv\/wp-json\/wp\/v2\/types\/product"}],"wp:featuredmedia":[{"embeddable":true,"href":"https:\/\/e.kosmolat.eu\/lv\/wp-json\/wp\/v2\/media\/104504"}],"wp:attachment":[{"href":"https:\/\/e.kosmolat.eu\/lv\/wp-json\/wp\/v2\/media?parent=103992"}],"wp:term":[{"taxonomy":"product_cat","embeddable":true,"href":"https:\/\/e.kosmolat.eu\/lv\/wp-json\/wp\/v2\/product_cat?post=103992"},{"taxonomy":"product_tag","embeddable":true,"href":"https:\/\/e.kosmolat.eu\/lv\/wp-json\/wp\/v2\/product_tag?post=103992"}],"curies":[{"name":"wp","href":"https:\/\/api.w.org\/{rel}","templated":true}]}}