{"id":103988,"date":"2026-03-03T13:21:46","date_gmt":"2026-03-03T13:21:46","guid":{"rendered":"https:\/\/e.kosmolat.eu\/product\/famirel-wonder-nature-kerm-kr-naves-juras-dunas-180-ml\/"},"modified":"2026-04-22T12:57:33","modified_gmt":"2026-04-22T12:57:33","slug":"famirel-wonder-nature-kerm-kr-naves-juras-dunas-180-ml","status":"publish","type":"product","link":"https:\/\/e.kosmolat.eu\/lv\/product\/famirel-wonder-nature-kerm-kr-naves-juras-dunas-180-ml\/","title":{"rendered":"Famirel Wonder Nature \u0137erm.kr.N\u0101ves j\u016bras d\u016b\u0146as, 180 ml"},"content":{"rendered":"<p>Palutiniet savu \u0101du ar bag\u0101t\u012bgo, mitrino\u0161o Wonder Nature sp\u0113ku, izmantojot m\u016bsu N\u0101ves j\u016bras d\u016b\u0146u \u0137erme\u0146a kr\u0113mu. \u0160\u012b samtaina formula, kas bag\u0101tin\u0101ta ar N\u0101ves j\u016bras miner\u0101lu d\u016b\u0146\u0101m un barojo\u0161\u0101m augu izcelsmes viel\u0101m, dzi\u013ci mitrina un atjauno sausu \u0101du, padarot to neatsverami maigu, gludu un starojo\u0161u.<\/p>\n<p>Lieto\u0161ana: Uzkl\u0101jiet biezi uz t\u012bras, sausas \u0101das. Viegli iemas\u0113jiet, l\u012bdz piln\u012bb\u0101 uzs\u016bcas. Lai sasniegtu lab\u0101kus rezult\u0101tus, lietojiet katru dienu.<\/p>\n<p>Br\u012bdin\u0101jums: Lietojiet atbilsto\u0161i aprakstam, iev\u0113rojot lieto\u0161anas instrukcijas. Nelietojiet iek\u0161\u0137\u012bgi. Izvairieties no saskares ar ac\u012bm. Glab\u0101jiet b\u0113rniem nepieejam\u0101 viet\u0101. Nelietojiet produktu, ja ir zin\u0101ma paaugstin\u0101ta jut\u012bba pret k\u0101du no sast\u0101vda\u013c\u0101m. Ja rodas kairin\u0101jums, nekav\u0113joties p\u0101rtrauciet \u0161\u012b kosm\u0113tikas produkta lieto\u0161anu.<\/p>\n","protected":false},"excerpt":{"rendered":"<p>Palutiniet savu \u0101du ar bag\u0101t\u012bgo, mitrino\u0161o Wonder Nature sp\u0113ku, izmantojot m\u016bsu N\u0101ves j\u016bras d\u016b\u0146u \u0137erme\u0146a kr\u0113mu. \u0160\u012b samtaina formula, kas bag\u0101tin\u0101ta ar N\u0101ves j\u016bras miner\u0101lu d\u016b\u0146\u0101m un barojo\u0161\u0101m augu izcelsmes viel\u0101m, dzi\u013ci mitrina un atjauno sausu \u0101du, padarot to neatsverami maigu, gludu un starojo\u0161u. Lieto\u0161ana: Uzkl\u0101jiet biezi uz t\u012bras, sausas \u0101das. Viegli iemas\u0113jiet, l\u012bdz piln\u012bb\u0101 [&#8230;]\n","protected":false},"featured_media":104500,"template":"","meta":[],"product_cat":[1388],"product_tag":[],"class_list":{"0":"post-103988","1":"product","2":"type-product","3":"status-publish","4":"has-post-thumbnail","6":"product_brand-famirel-il","7":"product_cat-kermena-kremi-pienini-sviesti","9":"first","10":"instock","11":"taxable","12":"shipping-taxable","13":"product-type-simple"},"_links":{"self":[{"href":"https:\/\/e.kosmolat.eu\/lv\/wp-json\/wp\/v2\/product\/103988","targetHints":{"allow":["GET"]}}],"collection":[{"href":"https:\/\/e.kosmolat.eu\/lv\/wp-json\/wp\/v2\/product"}],"about":[{"href":"https:\/\/e.kosmolat.eu\/lv\/wp-json\/wp\/v2\/types\/product"}],"wp:featuredmedia":[{"embeddable":true,"href":"https:\/\/e.kosmolat.eu\/lv\/wp-json\/wp\/v2\/media\/104500"}],"wp:attachment":[{"href":"https:\/\/e.kosmolat.eu\/lv\/wp-json\/wp\/v2\/media?parent=103988"}],"wp:term":[{"taxonomy":"product_cat","embeddable":true,"href":"https:\/\/e.kosmolat.eu\/lv\/wp-json\/wp\/v2\/product_cat?post=103988"},{"taxonomy":"product_tag","embeddable":true,"href":"https:\/\/e.kosmolat.eu\/lv\/wp-json\/wp\/v2\/product_tag?post=103988"}],"curies":[{"name":"wp","href":"https:\/\/api.w.org\/{rel}","templated":true}]}}