{"id":103980,"date":"2026-03-03T13:21:19","date_gmt":"2026-03-03T13:21:19","guid":{"rendered":"https:\/\/e.kosmolat.eu\/product\/famirel-wonder-nature-kerm-krems-alveja-180-ml\/"},"modified":"2026-04-22T12:57:03","modified_gmt":"2026-04-22T12:57:03","slug":"famirel-wonder-nature-kerm-krems-alveja-180-ml","status":"publish","type":"product","link":"https:\/\/e.kosmolat.eu\/lv\/product\/famirel-wonder-nature-kerm-krems-alveja-180-ml\/","title":{"rendered":"Famirel Wonder Nature \u0137erm.kr\u0113ms Alveja, 180 ml"},"content":{"rendered":"<p>Alvejas ekstrakta bag\u0101tin\u0101ts, \u0161is daudzfunkcion\u0101lais kr\u0113ms nodro\u0161ina maigu kop\u0161anu sausai \u0101dai. Ide\u0101li piem\u0113rots ikdienas lieto\u0161anai, tas dzi\u013ci mitrina, nomierina aps\u0101rtumu un pal\u012bdz atjaunot \u0101das dabisko maigumu un l\u012bdzsvaru.<\/p>\n<p>Lieto\u0161ana: Uzkl\u0101jiet biezi uz t\u012bras, sausas \u0101das. Viegli iemas\u0113jiet, l\u012bdz piln\u012bb\u0101 uzs\u016bcas. Lai sasniegtu lab\u0101kus rezult\u0101tus, lietojiet katru dienu.<\/p>\n<p>Br\u012bdin\u0101jums: Lietojiet atbilsto\u0161i aprakstam, iev\u0113rojot lieto\u0161anas instrukcijas. Nelietojiet iek\u0161\u0137\u012bgi. Izvairieties no saskares ar ac\u012bm. Glab\u0101jiet b\u0113rniem nepieejam\u0101 viet\u0101. Nelietojiet produktu, ja ir zin\u0101ma paaugstin\u0101ta jut\u012bba pret k\u0101du no sast\u0101vda\u013c\u0101m. Ja rodas kairin\u0101jums, nekav\u0113joties p\u0101rtrauciet \u0161\u012b kosm\u0113tikas produkta lieto\u0161anu.<\/p>\n","protected":false},"excerpt":{"rendered":"<p>Alvejas ekstrakta bag\u0101tin\u0101ts, \u0161is daudzfunkcion\u0101lais kr\u0113ms nodro\u0161ina maigu kop\u0161anu sausai \u0101dai. Ide\u0101li piem\u0113rots ikdienas lieto\u0161anai, tas dzi\u013ci mitrina, nomierina aps\u0101rtumu un pal\u012bdz atjaunot \u0101das dabisko maigumu un l\u012bdzsvaru. Lieto\u0161ana: Uzkl\u0101jiet biezi uz t\u012bras, sausas \u0101das. Viegli iemas\u0113jiet, l\u012bdz piln\u012bb\u0101 uzs\u016bcas. Lai sasniegtu lab\u0101kus rezult\u0101tus, lietojiet katru dienu. Br\u012bdin\u0101jums: Lietojiet atbilsto\u0161i aprakstam, iev\u0113rojot lieto\u0161anas instrukcijas. Nelietojiet [&#8230;]\n","protected":false},"featured_media":105076,"template":"","meta":[],"product_cat":[1388],"product_tag":[],"class_list":{"0":"post-103980","1":"product","2":"type-product","3":"status-publish","4":"has-post-thumbnail","6":"product_brand-famirel-il","7":"product_cat-kermena-kremi-pienini-sviesti","9":"first","10":"instock","11":"taxable","12":"shipping-taxable","13":"product-type-simple"},"_links":{"self":[{"href":"https:\/\/e.kosmolat.eu\/lv\/wp-json\/wp\/v2\/product\/103980","targetHints":{"allow":["GET"]}}],"collection":[{"href":"https:\/\/e.kosmolat.eu\/lv\/wp-json\/wp\/v2\/product"}],"about":[{"href":"https:\/\/e.kosmolat.eu\/lv\/wp-json\/wp\/v2\/types\/product"}],"wp:featuredmedia":[{"embeddable":true,"href":"https:\/\/e.kosmolat.eu\/lv\/wp-json\/wp\/v2\/media\/105076"}],"wp:attachment":[{"href":"https:\/\/e.kosmolat.eu\/lv\/wp-json\/wp\/v2\/media?parent=103980"}],"wp:term":[{"taxonomy":"product_cat","embeddable":true,"href":"https:\/\/e.kosmolat.eu\/lv\/wp-json\/wp\/v2\/product_cat?post=103980"},{"taxonomy":"product_tag","embeddable":true,"href":"https:\/\/e.kosmolat.eu\/lv\/wp-json\/wp\/v2\/product_tag?post=103980"}],"curies":[{"name":"wp","href":"https:\/\/api.w.org\/{rel}","templated":true}]}}